{"id":5877,"date":"2019-02-13T06:43:32","date_gmt":"2019-02-13T06:43:32","guid":{"rendered":"https:\/\/www.textrial.com\/abogados\/sean-mccaffity\/"},"modified":"2019-03-21T08:32:47","modified_gmt":"2019-03-21T08:32:47","slug":"sean-mccaffity","status":"publish","type":"page","link":"https:\/\/www.textrial.com\/es\/abogados\/sean-mccaffity\/","title":{"rendered":"Sean McCaffity"},"content":{"rendered":"<div class=\"one-third first\"><img loading=\"lazy\" decoding=\"async\" class=\"alignnone size-medium wp-image-4783\" src=\"https:\/\/www.textrial.com\/wp-content\/uploads\/2019\/02\/Sommerman_SeanMcCaffity_HS-240x300.jpg\" alt=\"\" width=\"240\" height=\"300\" srcset=\"https:\/\/www.textrial.com\/wp-content\/uploads\/2019\/02\/Sommerman_SeanMcCaffity_HS-240x300.jpg 240w, https:\/\/www.textrial.com\/wp-content\/uploads\/2019\/02\/Sommerman_SeanMcCaffity_HS-768x960.jpg 768w, https:\/\/www.textrial.com\/wp-content\/uploads\/2019\/02\/Sommerman_SeanMcCaffity_HS.jpg 819w\" sizes=\"auto, (max-width: 240px) 100vw, 240px\" \/><\/div>\n<div class=\"two-thirds\">\n<h6>llamada gratuita : <a href=\"tel:8009005373\">(800) 900-5373<\/a><\/h6>\n<h6>local : <a href=\"tel:2147200720\">(214) 720-0720<\/a><\/h6>\n<h6>fax : (214) 720-0184<\/h6>\n<p><a class=\"button yellow\" href=\"\/site\/sommerman?page_id=2127\">CONTACTO SEAN <i class=\"fas fa-envelope\"><\/i><\/a><\/p>\n<\/div>\n<div class=\"clearfix\"><\/div>\n<hr \/>\n<p>Sean McCaffity es un abogado litigante experimentado con gran experiencia en la empresa. Sean representa principalmente demandantes en litigios comerciales complejos. Tambi\u00e9n se encarga de los casos de fraude comercial, negligencia auditor\u00eda, litigios fiduciaria, director y funcionario de la responsabilidad, la transferencia fraudulenta y litigios denunciante.<\/p>\n<p>Sean ha representado fideicomisarios Cap\u00edtulo 7 de bancarrota, la liquidaci\u00f3n de los fideicomisarios posteriores a la confirmaci\u00f3n y receptores que tratan de reunir y liquidar activos para el beneficio de los acreedores. Sean ha estado involucrado en numerosos casos de altas apuestas, incluyendo m\u00faltiples demandas que surjan de la In re: Daisytek International Corp. (una empresa p\u00fablica mil millones de d\u00f3lares) e In re: Regal\u00edas Provident, LLC (un esquema de petr\u00f3leo y de Ponzi de gas $ 500 millones) quiebras.<\/p>\n<p>Ha sido reconocido por su trabajo con honores tales como Super Lawyers Rising Star por 7 a\u00f1os consecutivos, el Campe\u00f3n Nacional Colegiata Debate y Top Ponente en el Torneo Nacional de Debate. Sean tambi\u00e9n ha hablado en la Conferencia de Quiebras Westbrook Jay.<\/p>\n<p>Despu\u00e9s de obtener su t\u00edtulo de abogado en la Facultad de Derecho de la Universidad de Baylor con altos honores, de inmediato se puso a trabajar para una gran firma de abogados de Dallas. Sean dice que se dio cuenta r\u00e1pidamente de trabajo del demandante era lo que m\u00e1s disfrutamos. Se le ofreci\u00f3 un puesto en una boutique especializada en litigios complejos litigios comerciales por parte de la demandante de que la agenda y no dej\u00f3 pasar la oportunidad. \u00c9l ha estado haciendo el mismo tipo de trabajo desde entonces.<\/p>\n<p>Sean creci\u00f3 en Garland, Texas y fue a la escuela en la Universidad Northwestern en Chicago. Despu\u00e9s de cuatro a\u00f1os en el Medio Oeste de fr\u00edo, decidi\u00f3 regresar a Texas para asistir a la escuela de leyes. Sean fue galardonado con la beca Leon Jaworski de Derecho de Baylor y termin\u00f3 asistiendo en un paseo lleno.<\/p>\n<p>Sean disfruta triatl\u00f3n, ciclismo de ruta y veleros de competici\u00f3n en el Norte de Texas en su tiempo libre. Sean est\u00e1 casado con su \u201cesposa maravillosa\u201d Stephanie y tiene \u201ctres hijas impresionantes\u201d Alex, Audrey y Addison. Tambi\u00e9n es activo en su iglesia, Creekwood Iglesia Metodista Unida, y es un ex miembro de la Junta de la Alianza Urbana Debate Dallas de Administraci\u00f3n y de la Ciudad de Planificaci\u00f3n Lucas &amp; Comisi\u00f3n de Zonificaci\u00f3n.<\/p>\n<hr \/>\n<p><img loading=\"lazy\" decoding=\"async\" class=\"alignnone size-full wp-image-5182\" src=\"https:\/\/www.textrial.com\/wp-content\/uploads\/2019\/02\/Sommerman_Badge_Sean.jpg\" alt=\"\" width=\"290\" height=\"140\" \/><\/p>\n<hr \/>\n<h3>SERVICIOS<\/h3>\n<ul>\n<li>Litigaci\u00f3n comercial<\/li>\n<li>Fraude de negocios<\/li>\n<li>Directora y Agente de Responsabilidad<\/li>\n<li>Negligencia de Auditor\u00eda<\/li>\n<li>Litigios Fiduciaria<\/li>\n<li>Litigios Transferencia Fraudulenta<\/li>\n<li>Lesiones Personales<\/li>\n<\/ul>\n<h3>ADMISI\u00d3N<\/h3>\n<ul>\n<li>Abogados del Estado de Texas, 1999<\/li>\n<li>Corte de Apelaciones del 5to Circuito EE.UU.<\/li>\n<li>Norte, Sur, Oeste y del Este de Estados Unidos Tribunales de Distrito de Tejas<\/li>\n<li>Norte, Sur, Oeste y del Este de Estados Unidos Tribunales de Quiebras de Tejas<\/li>\n<\/ul>\n<h3>EDUCACI\u00d3N<\/h3>\n<ul>\n<li>Facultad de Derecho, JD, cum laude, 1999 Universidad de Baylor<\/li>\n<li>Universidad Northwestern, B.A., 1996<\/li>\n<\/ul>\n<h3>HONORES Y PREMIOS<\/h3>\n<ul>\n<li>Super Lawyers Rising Star 2004-2011<\/li>\n<li>Campe\u00f3n Nacional Colegiata Debate 1994, 1995<\/li>\n<li>Top altavoz Torneo Nacional de Debate, 1996<\/li>\n<\/ul>\n<h3>CLASES Y SEMINARIOS<\/h3>\n<ul>\n<li>Altavoz \u201cPresuming Ponzi: Ley de Transferencia Fraudulenta en los Esquemas Quinto Circuito y de Ponzi,\u201d Jay Westbrook Conferencia Concursal, noviembre 2015<\/li>\n<\/ul>\n","protected":false},"excerpt":{"rendered":"<p>llamada gratuita : (800) 900-5373 local : (214) 720-0720 fax : (214) 720-0184 CONTACTO SEAN Sean McCaffity es un abogado litigante experimentado con gran experiencia en la empresa. Sean representa principalmente demandantes en litigios comerciales complejos. Tambi\u00e9n se encarga de los casos de fraude comercial, negligencia auditor\u00eda, litigios fiduciaria, director y funcionario de la responsabilidad,<br \/><a class=\"button read-more news-link\" href=\"https:\/\/www.textrial.com\/es\/abogados\/sean-mccaffity\/\">LEER M\u00c1S<\/a><\/p>\n<div class='heateorSssClear'><\/div><div style=\"float: right\" class='heateor_sss_sharing_container heateor_sss_horizontal_sharing' heateor-sss-data-href='https:\/\/www.textrial.com\/es\/abogados\/sean-mccaffity\/'><div class='heateor_sss_sharing_title' style=\"font-weight:bold\" ><\/div><ul  class=\"heateor_sss_sharing_ul\"><li class=\"heateorSssSharingRound\"><i style=\"width:35px;height:35px;border-radius:999px;\" alt=\"Facebook\" Title=\"Facebook\" class=\"heateorSssSharing heateorSssFacebookBackground\" onclick='heateorSssPopup(\"https:\/\/www.facebook.com\/sharer\/sharer.php?u=https%3A%2F%2Fwww.textrial.com%2Fes%2Fabogados%2Fsean-mccaffity%2F\")'><ss style=\"display:block;border-radius:999px;\" class=\"heateorSssSharingSvg heateorSssFacebookSvg\"><\/ss><\/i><\/li><li class=\"heateorSssSharingRound\"><i style=\"width:35px;height:35px;border-radius:999px;\" alt=\"Linkedin\" Title=\"Linkedin\" class=\"heateorSssSharing heateorSssLinkedinBackground\" onclick='heateorSssPopup(\"http:\/\/www.linkedin.com\/shareArticle?mini=true&url=https%3A%2F%2Fwww.textrial.com%2Fes%2Fabogados%2Fsean-mccaffity%2F&title=Sean%20McCaffity\")'><ss style=\"display:block;border-radius:999px;\" class=\"heateorSssSharingSvg heateorSssLinkedinSvg\"><\/ss><\/i><\/li><li class=\"heateorSssSharingRound\"><i style=\"width:35px;height:35px;border-radius:999px;\" alt=\"Twitter\" Title=\"Twitter\" class=\"heateorSssSharing heateorSssTwitterBackground\" onclick='heateorSssPopup(\"http:\/\/twitter.com\/intent\/tweet?text=Sean%20McCaffity&url=https%3A%2F%2Fwww.textrial.com%2Fes%2Fabogados%2Fsean-mccaffity%2F\")'><ss style=\"display:block;border-radius:999px;\" class=\"heateorSssSharingSvg heateorSssTwitterSvg\"><\/ss><\/i><\/li><li class=\"heateorSssSharingRound\"><i style=\"width:35px;height:35px;border-radius:999px;\" alt=\"Instagram\" Title=\"Instagram\" class=\"heateorSssSharing heateorSssInstagramBackground\"><a href=\"https:\/\/www.instagram.com\/\" rel=\"nofollow noopener\" target=\"_blank\"><ss style=\"display:block;border-radius:999px;\" class=\"heateorSssSharingSvg heateorSssInstagramSvg\"><\/ss><\/a><\/i><\/li><li class=\"heateorSssSharingRound\"><i style=\"width:35px;height:35px;border-radius:999px;\" alt=\"Email\" Title=\"Email\" class=\"heateorSssSharing heateorSssEmailBackground\"  onclick=\"window.location.href = 'mailto:?subject=' + decodeURIComponent('Sean%20McCaffity' ).replace('&', '%26') + '&body=' + decodeURIComponent('https%3A%2F%2Fwww.textrial.com%2Fes%2Fabogados%2Fsean-mccaffity%2F' )\"><ss style=\"display:block\" class=\"heateorSssSharingSvg heateorSssEmailSvg\"><\/ss><\/i><\/li><\/ul><div class=\"heateorSssClear\"><\/div><\/div><div class='heateorSssClear'><\/div>","protected":false},"author":1,"featured_media":0,"parent":5258,"menu_order":0,"comment_status":"closed","ping_status":"closed","template":"","meta":{"footnotes":""},"class_list":{"0":"post-5877","1":"page","2":"type-page","3":"status-publish","5":"entry"},"_links":{"self":[{"href":"https:\/\/www.textrial.com\/es\/wp-json\/wp\/v2\/pages\/5877\/"}],"collection":[{"href":"https:\/\/www.textrial.com\/es\/wp-json\/wp\/v2\/pages\/"}],"about":[{"href":"https:\/\/www.textrial.com\/es\/wp-json\/wp\/v2\/types\/page\/"}],"author":[{"embeddable":true,"href":"https:\/\/www.textrial.com\/es\/wp-json\/wp\/v2\/users\/1\/"}],"replies":[{"embeddable":true,"href":"https:\/\/www.textrial.com\/es\/wp-json\/wp\/v2\/comments\/?post=5877"}],"version-history":[{"count":0,"href":"https:\/\/www.textrial.com\/es\/wp-json\/wp\/v2\/pages\/5877\/revisions\/"}],"up":[{"embeddable":true,"href":"https:\/\/www.textrial.com\/es\/wp-json\/wp\/v2\/pages\/5258\/"}],"wp:attachment":[{"href":"https:\/\/www.textrial.com\/es\/wp-json\/wp\/v2\/media\/?parent=5877"}],"curies":[{"name":"wp","href":"https:\/\/api.w.org\/{rel}","templated":true}]}}