{"id":5874,"date":"2019-02-13T06:14:45","date_gmt":"2019-02-13T06:14:45","guid":{"rendered":"https:\/\/www.textrial.com\/abogados\/george-tex-quesada\/"},"modified":"2019-03-20T08:08:18","modified_gmt":"2019-03-20T08:08:18","slug":"george-tex-quesada","status":"publish","type":"page","link":"https:\/\/www.textrial.com\/es\/abogados\/george-tex-quesada\/","title":{"rendered":"George (Tex) Quesada"},"content":{"rendered":"<div class=\"one-third first\"><img loading=\"lazy\" decoding=\"async\" class=\"alignnone wp-image-4779 size-medium\" src=\"https:\/\/www.textrial.com\/wp-content\/uploads\/2019\/02\/Sommerman_GeorgeTexQuesada_HS-240x300.jpg\" alt=\"\" width=\"240\" height=\"300\" srcset=\"https:\/\/www.textrial.com\/wp-content\/uploads\/2019\/02\/Sommerman_GeorgeTexQuesada_HS-240x300.jpg 240w, https:\/\/www.textrial.com\/wp-content\/uploads\/2019\/02\/Sommerman_GeorgeTexQuesada_HS-768x960.jpg 768w, https:\/\/www.textrial.com\/wp-content\/uploads\/2019\/02\/Sommerman_GeorgeTexQuesada_HS.jpg 819w\" sizes=\"auto, (max-width: 240px) 100vw, 240px\" \/><\/div>\n<div class=\"two-thirds\">\n<h6>llamada gratuita : <a href=\"tel:8009005373\">(800) 900-5373<\/a><\/h6>\n<h6>local : <a href=\"tel:2147200720\">(214) 720-0720<\/a><\/h6>\n<h6>fax : (214) 720-0184<\/h6>\n<p>    <a class=\"wp-colorbox-youtube\" href=\"https:\/\/www.youtube.com\/embed\/98UchHJnsvU?autoplay=1&amp;rel=0\">CONOCER A TEX <i class=\"fas fa-video\"><\/i><\/a> \u00a0 <a class=\"button yellow\" href=\"\/site\/sommerman?page_id=2127\">CONTACTO TEX <i class=\"fas fa-envelope\"><\/i><\/a><\/p>\n<\/div>\n<div class=\"clearfix\"><\/div>\n<hr \/>\n<p>George Tex Quesada representa a clientes de lesiones personales a trav\u00e9s de Texas y Nuevo M\u00e9xico. \u00c9l ha manejado con \u00e9xito casos de lesiones cerebrales traum\u00e1ticas, explosiones, lesiones en campos petroleros, restos de naufragios de camiones, negligencia m\u00e9dica y productos de pasivo. Tambi\u00e9n representa a las peque\u00f1as empresas con frecuencia en casos de litigios comerciales complejos. Tex ha argumentado ante la Corte Suprema de Texas, los Tribunales de Apelaciones del Quinto Circuito y Octavo Circuito, y recibi\u00f3 una calificaci\u00f3n de revisi\u00f3n por pares de\u00a0<a href=\"http:\/\/www.martindale.com\/Mr-George-A-Quesada-Jr\/1650974-lawyer.htm\" target=\"_blank\" rel=\"noopener noreferrer\">AV\u00ae preeminente \u2122 (5,0 de 5)<\/a>, la m\u00e1s alta distinci\u00f3n otorgada por Martindale Hubbell.<\/p>\n<p>Tex es el ex presidente de la Asociaci\u00f3n de Abogados Litigantes de Dallas y fue el primer presidente hispano de la Asociaci\u00f3n de Abogados Litigantes de Texas. A menudo \u00e9l hace presentaciones en seminarios legales en todo el estado.<\/p>\n<p>Despu\u00e9s de obtener su t\u00edtulo de abogado en la Facultad de Derecho de la Universidad de Baylor, Texas trabaj\u00f3 para la Corte Suprema de Texas. Sirvi\u00f3 en el Comit\u00e9 de Quejas local y el Estado Patr\u00f3n Jurado Comit\u00e9 de carga. Tex creci\u00f3 en Fort Worth, Laredo, y el Valle del R\u00edo Grande. En la actualidad reside en el \u00e1rea de DFW, ense\u00f1a la Escuela Dominical y es un partidario de largo plazo de las organizaciones ben\u00e9ficas locales, tales como el Centro de Wilkinson.<\/p>\n<hr \/>\n<p><img loading=\"lazy\" decoding=\"async\" class=\"alignnone size-full wp-image-5147\" src=\"https:\/\/www.textrial.com\/wp-content\/uploads\/2019\/02\/Sommerman_Badge_Tex.jpg\" alt=\"\" width=\"708\" height=\"108\" srcset=\"https:\/\/www.textrial.com\/wp-content\/uploads\/2019\/02\/Sommerman_Badge_Tex.jpg 708w, https:\/\/www.textrial.com\/wp-content\/uploads\/2019\/02\/Sommerman_Badge_Tex-300x46.jpg 300w\" sizes=\"auto, (max-width: 708px) 100vw, 708px\" \/><\/p>\n<hr \/>\n<h3>SERVICIOS<\/h3>\n<ul>\n<li><a href=\"\/site\/sommerman?page_id=5374\">Lesiones cerebrales traum\u00e1ticas<\/a><\/li>\n<li><a href=\"\/site\/sommerman?page_id=5371\">Explosiones<\/a><\/li>\n<li><a href=\"\/site\/sommerman?page_id=5419\">Lesiones en los Campos Petrol\u00edferos<\/a><\/li>\n<li><a href=\"\/site\/sommerman?page_id=5330\">Naufragios de Cami\u00f3n<\/a><\/li>\n<li><a href=\"\/site\/sommerman?page_id=5353\">Negligencia M\u00e9dica<\/a><\/li>\n<li><a href=\"\/site\/sommerman?page_id=5401\">Responsabilidad<\/a><\/li>\n<\/ul>\n<h3>ADMISI\u00d3N<\/h3>\n<ul>\n<li>Abogados del Estado de Texas, 1986<\/li>\n<li>Abogados del Estado de Nuevo M\u00e9xico, 2004<\/li>\n<li>Corte de Apelaciones del quinto circuito EE.UU.<\/li>\n<li>Corte de Apelaciones del Circuito octavo EE.UU.<\/li>\n<li>Corte Suprema de Texas<\/li>\n<\/ul>\n<h3>EDUCACION<\/h3>\n<ul>\n<li>Facultad de Derecho, JD, 1986 Universidad de Baylor<\/li>\n<li>La Universidad de Baylor, B.A., 1983<\/li>\n<\/ul>\n<h3>HONORES Y PREMIOS<\/h3>\n<ul>\n<li><a href=\"http:\/\/www.martindale.com\/Mr-George-A-Quesada-Jr\/1650974-lawyer.htm\" target=\"_blank\" rel=\"noopener noreferrer\">AV\u00ae preeminente \u2122 (5,0 de 5) por Martindale Hubbell<\/a><\/li>\n<li>Los Mejores Abogados de Am\u00e9rica, 19a edici\u00f3n, 2013 por Mejor Lawyers\u00ae<\/li>\n<li><a href=\"http:\/\/blog.texasbar.com\/2013\/03\/articles\/people\/dallas-attorney-receives-gene-cavin-award\/\" target=\"_blank\" rel=\"noopener noreferrer\">2012 Gen Premio Cavin para la Excelencia en Educaci\u00f3n Jur\u00eddica Continua por la Barra Estatal de Texas<\/a><\/li>\n<li><a href=\"http:\/\/www.superlawyers.com\/texas\/lawyer\/George-Tex-Quesada\/5ea45f45-599b-4691-bb2f-ad158dc3d441.html\" target=\"_blank\" rel=\"noopener noreferrer\">Super Lawyers, 2003 \u2013 2015 por Thompson Reuters<\/a><\/li>\n<\/ul>\n<h3>ASOCIACIONES Y AFILIACIONES PROFESIONALES<\/h3>\n<ul>\n<li>Asociaci\u00f3n Americana para la Justicia<\/li>\n<li>Asociaci\u00f3n de Abogados Litigantes de Dallas, Past President<\/li>\n<li>Asociaci\u00f3n de Abogados Litigantes de Texas, Past President<\/li>\n<li>Asociaci\u00f3n de Abogados Litigantes de Nuevo M\u00e9xico<\/li>\n<\/ul>\n<h3>CLASES Y SEMINARIOS<\/h3>\n<ul>\n<li>Altavoz, \u201cEstrategias Avanzadas de Obtenci\u00f3n y uso de evidencia\u201d, Educaci\u00f3n Jur\u00eddica Continua Seminarios<\/li>\n<li>Altavoz, \u201cProducto de Trabajo y el Procurador \/ Prerrogativas del Cliente\u201d, Educaci\u00f3n Jur\u00eddica Continua Seminarios<\/li>\n<li>Speaker, \u201cDa\u00f1os punitivos Despu\u00e9s Moriel\u201d, continuando Legales Educaci\u00f3n Seminarios<\/li>\n<li>Altavoz \u201cLitigios Multi-Parte en casos de negligencia m\u00e9dica\u201d, Educaci\u00f3n Jur\u00eddica Continua Seminarios<\/li>\n<li>Speaker \u201c, Strippers, de da\u00f1os punitivos de Toyota despu\u00e9s de la Reforma Moriel y Tort Bar-B-Que y\u201d Continuing Legal Education Seminarios,<\/li>\n<li>Altavoz, \u201cPreparaci\u00f3n, Tratar y resolver situaciones Auto\u201d, Educaci\u00f3n Jur\u00eddica Continua Seminarios<\/li>\n<li>Altavoz, \u201cLey Evidencia Update\u201d, Educaci\u00f3n Jur\u00eddica Continua Seminarios<\/li>\n<\/ul>\n<h3>PUBLICACIONES<\/h3>\n<ul>\n<li><a href=\"\/site\/sommerman?p=5892\">Evidence and Case Law Update for the 31st Annual Advanced Personal Injury Law Course<\/a><\/li>\n<li><a href=\"\/site\/sommerman?p=5905\">Oilfield Litigation, Texas Trial Lawyers Association<\/a><\/li>\n<li><a href=\"\/site\/sommerman?p=5522\">Once Bitten, Twice Shy: Knowing Your Experts\u2019 Daubert History<\/a><\/li>\n<li><a href=\"\/site\/sommerman?p=5893\">Experts Who Travel With Their Own Motion In Limine: Knowing The Daubert History<\/a><\/li>\n<li><a href=\"\/site\/sommerman?p=5531\">Daubert- Proofing Your Experts<\/a><\/li>\n<\/ul>\n","protected":false},"excerpt":{"rendered":"<p>llamada gratuita : (800) 900-5373 local : (214) 720-0720 fax : (214) 720-0184 \u00a0 CONTACTO TEX George Tex Quesada representa a clientes de lesiones personales a trav\u00e9s de Texas y Nuevo M\u00e9xico. \u00c9l ha manejado con \u00e9xito casos de lesiones cerebrales traum\u00e1ticas, explosiones, lesiones en campos petroleros, restos de naufragios de camiones, negligencia m\u00e9dica y<br \/><a class=\"button read-more news-link\" href=\"https:\/\/www.textrial.com\/es\/abogados\/george-tex-quesada\/\">LEER M\u00c1S<\/a><\/p>\n<div class='heateorSssClear'><\/div><div style=\"float: right\" class='heateor_sss_sharing_container heateor_sss_horizontal_sharing' heateor-sss-data-href='https:\/\/www.textrial.com\/es\/abogados\/george-tex-quesada\/'><div class='heateor_sss_sharing_title' style=\"font-weight:bold\" ><\/div><ul  class=\"heateor_sss_sharing_ul\"><li class=\"heateorSssSharingRound\"><i style=\"width:35px;height:35px;border-radius:999px;\" alt=\"Facebook\" Title=\"Facebook\" class=\"heateorSssSharing heateorSssFacebookBackground\" onclick='heateorSssPopup(\"https:\/\/www.facebook.com\/sharer\/sharer.php?u=https%3A%2F%2Fwww.textrial.com%2Fes%2Fabogados%2Fgeorge-tex-quesada%2F\")'><ss style=\"display:block;border-radius:999px;\" class=\"heateorSssSharingSvg heateorSssFacebookSvg\"><\/ss><\/i><\/li><li class=\"heateorSssSharingRound\"><i style=\"width:35px;height:35px;border-radius:999px;\" alt=\"Linkedin\" Title=\"Linkedin\" class=\"heateorSssSharing heateorSssLinkedinBackground\" onclick='heateorSssPopup(\"http:\/\/www.linkedin.com\/shareArticle?mini=true&url=https%3A%2F%2Fwww.textrial.com%2Fes%2Fabogados%2Fgeorge-tex-quesada%2F&title=George%20%28Tex%29%20Quesada\")'><ss style=\"display:block;border-radius:999px;\" class=\"heateorSssSharingSvg heateorSssLinkedinSvg\"><\/ss><\/i><\/li><li class=\"heateorSssSharingRound\"><i style=\"width:35px;height:35px;border-radius:999px;\" alt=\"Twitter\" Title=\"Twitter\" class=\"heateorSssSharing heateorSssTwitterBackground\" onclick='heateorSssPopup(\"http:\/\/twitter.com\/intent\/tweet?text=George%20%28Tex%29%20Quesada&url=https%3A%2F%2Fwww.textrial.com%2Fes%2Fabogados%2Fgeorge-tex-quesada%2F\")'><ss style=\"display:block;border-radius:999px;\" class=\"heateorSssSharingSvg heateorSssTwitterSvg\"><\/ss><\/i><\/li><li class=\"heateorSssSharingRound\"><i style=\"width:35px;height:35px;border-radius:999px;\" alt=\"Instagram\" Title=\"Instagram\" class=\"heateorSssSharing heateorSssInstagramBackground\"><a href=\"https:\/\/www.instagram.com\/\" rel=\"nofollow noopener\" target=\"_blank\"><ss style=\"display:block;border-radius:999px;\" class=\"heateorSssSharingSvg heateorSssInstagramSvg\"><\/ss><\/a><\/i><\/li><li class=\"heateorSssSharingRound\"><i style=\"width:35px;height:35px;border-radius:999px;\" alt=\"Email\" Title=\"Email\" class=\"heateorSssSharing heateorSssEmailBackground\"  onclick=\"window.location.href = 'mailto:?subject=' + decodeURIComponent('George%20%28Tex%29%20Quesada' ).replace('&', '%26') + '&body=' + decodeURIComponent('https%3A%2F%2Fwww.textrial.com%2Fes%2Fabogados%2Fgeorge-tex-quesada%2F' )\"><ss style=\"display:block\" class=\"heateorSssSharingSvg heateorSssEmailSvg\"><\/ss><\/i><\/li><\/ul><div class=\"heateorSssClear\"><\/div><\/div><div class='heateorSssClear'><\/div>","protected":false},"author":1,"featured_media":0,"parent":5258,"menu_order":0,"comment_status":"closed","ping_status":"closed","template":"","meta":{"footnotes":""},"class_list":{"0":"post-5874","1":"page","2":"type-page","3":"status-publish","5":"entry"},"_links":{"self":[{"href":"https:\/\/www.textrial.com\/es\/wp-json\/wp\/v2\/pages\/5874\/"}],"collection":[{"href":"https:\/\/www.textrial.com\/es\/wp-json\/wp\/v2\/pages\/"}],"about":[{"href":"https:\/\/www.textrial.com\/es\/wp-json\/wp\/v2\/types\/page\/"}],"author":[{"embeddable":true,"href":"https:\/\/www.textrial.com\/es\/wp-json\/wp\/v2\/users\/1\/"}],"replies":[{"embeddable":true,"href":"https:\/\/www.textrial.com\/es\/wp-json\/wp\/v2\/comments\/?post=5874"}],"version-history":[{"count":0,"href":"https:\/\/www.textrial.com\/es\/wp-json\/wp\/v2\/pages\/5874\/revisions\/"}],"up":[{"embeddable":true,"href":"https:\/\/www.textrial.com\/es\/wp-json\/wp\/v2\/pages\/5258\/"}],"wp:attachment":[{"href":"https:\/\/www.textrial.com\/es\/wp-json\/wp\/v2\/media\/?parent=5874"}],"curies":[{"name":"wp","href":"https:\/\/api.w.org\/{rel}","templated":true}]}}