{"id":5872,"date":"2019-02-13T06:14:06","date_gmt":"2019-02-13T06:14:06","guid":{"rendered":"https:\/\/www.textrial.com\/abogados\/andrew-b-sommerman\/"},"modified":"2019-03-20T08:10:31","modified_gmt":"2019-03-20T08:10:31","slug":"andrew-b-sommerman","status":"publish","type":"page","link":"https:\/\/www.textrial.com\/es\/abogados\/andrew-b-sommerman\/","title":{"rendered":"Andrew B. Sommerman"},"content":{"rendered":"<div class=\"one-third first\"><img loading=\"lazy\" decoding=\"async\" class=\"alignnone size-medium wp-image-4778\" src=\"https:\/\/www.textrial.com\/wp-content\/uploads\/2019\/02\/Sommerman_AndrewBSommerman_HS-240x300.jpg\" alt=\"\" width=\"240\" height=\"300\" srcset=\"https:\/\/www.textrial.com\/wp-content\/uploads\/2019\/02\/Sommerman_AndrewBSommerman_HS-240x300.jpg 240w, https:\/\/www.textrial.com\/wp-content\/uploads\/2019\/02\/Sommerman_AndrewBSommerman_HS-768x960.jpg 768w, https:\/\/www.textrial.com\/wp-content\/uploads\/2019\/02\/Sommerman_AndrewBSommerman_HS.jpg 819w\" sizes=\"auto, (max-width: 240px) 100vw, 240px\" \/><\/div>\n<div class=\"two-thirds\">\n<h6>llamada gratuita : <a href=\"tel:8009005373\">(800) 900-5373<\/a><\/h6>\n<h6>local : <a href=\"tel:2147200720\">(214) 720-0720<\/a><\/h6>\n<h6>fax : (214) 720-0184<\/h6>\n<p>    <a class=\"wp-colorbox-youtube\" href=\"https:\/\/www.youtube.com\/embed\/9dFsgDCJ7wA?autoplay=1&amp;rel=0\">CONOCER A ANDY <i class=\"fas fa-video\"><\/i><\/a> \u00a0 <a class=\"button yellow\" href=\"\/site\/sommerman?page_id=2127\">CONTACTO ANDY <i class=\"fas fa-envelope\"><\/i><\/a><\/p>\n<\/div>\n<div class=\"clearfix\"><\/div>\n<hr \/>\n<p><img loading=\"lazy\" decoding=\"async\" class=\"alignnone size-full wp-image-4874\" src=\"https:\/\/www.textrial.com\/wp-content\/uploads\/2019\/02\/Sommerman-GIF.gif\" alt=\"\" width=\"600\" height=\"338\" \/><\/p>\n<p>Andrew Sommerman representa a clientes en casos de lesiones personales. \u00c9l es un abogado con mucha experiencia, Andrew se especializa en lesiones catastr\u00f3ficas, muerte injusta, y los casos de productos defectuosos.<\/p>\n<p><a href=\"http:\/\/www.tbls.org\/Profile\/Attorney.aspx?mid=18842150\" target=\"_blank\" rel=\"noopener noreferrer\">Certificado en Derecho Procesal de lesiones personales por el Consejo de Especializaci\u00f3n Legal de Texas<\/a>, Andrew ha tratado numerosos casos complejos que involucran accidentes automovil\u00edsticos, los pecios de camiones, la casa y los incendios de apartamentos, resbalones y ca\u00eddas, y accidentes de trabajo. \u00c9l es un defensor de las v\u00edctimas de las drogas farmac\u00e9uticas perjudiciales tales como Xarelto, Yaz \/ Yasmin, Viagra y otros medicamentos que han causado lesiones graves o la muerte. Tambi\u00e9n ha procesado casos complejos de negligencia m\u00e9dica y responsabilidad que implican los productos farmac\u00e9uticos, dispositivos m\u00e9dicos, cirug\u00edas inadecuadas, mal diagn\u00f3stico de c\u00e1ncer y enfermedades infecciosas, incluido el SIDA, la hepatitis y la sepsis.<\/p>\n<p><img loading=\"lazy\" decoding=\"async\" class=\"alignnone size-full wp-image-5174\" src=\"https:\/\/www.textrial.com\/wp-content\/uploads\/2019\/02\/SMQ_0431.jpg\" alt=\"\" width=\"840\" height=\"1260\" srcset=\"https:\/\/www.textrial.com\/wp-content\/uploads\/2019\/02\/SMQ_0431.jpg 840w, https:\/\/www.textrial.com\/wp-content\/uploads\/2019\/02\/SMQ_0431-200x300.jpg 200w, https:\/\/www.textrial.com\/wp-content\/uploads\/2019\/02\/SMQ_0431-768x1152.jpg 768w, https:\/\/www.textrial.com\/wp-content\/uploads\/2019\/02\/SMQ_0431-683x1024.jpg 683w\" sizes=\"auto, (max-width: 840px) 100vw, 840px\" \/><\/p>\n<p>Andrew ha recibido una calificaci\u00f3n de revisi\u00f3n por pares de\u00a0<a href=\"http:\/\/www.martindale.com\/Mr-Andrew-B-Sommerman\/1637516-lawyer.htm\" target=\"_blank\" rel=\"noopener noreferrer\">AV\u00ae preeminente \u2122 (5,0 de 5)<\/a>la m\u00e1xima distinci\u00f3n que otorga Martindale Hubbell. Le gusta compartir su experiencia con las futuras generaciones de abogados mediante la ense\u00f1anza de cursos en la Universidad de Texas Wesleyan, la Universidad Metodista del Sur, El Texas College Sur de la Ley y de la Universidad de Texas en Arlington. Tambi\u00e9n instruye a otros abogados de accidentes en cursos de educaci\u00f3n continua legales sobre responsabilidad por productos defectuosos, negligencia m\u00e9dica, procedimiento legal y la ley de seguros.<\/p>\n<hr \/>\n<p><img loading=\"lazy\" decoding=\"async\" class=\"alignnone size-full wp-image-5148\" src=\"https:\/\/www.textrial.com\/wp-content\/uploads\/2019\/02\/Sommerman_Badge_Andrew.jpg\" alt=\"\" width=\"796\" height=\"108\" \/><\/p>\n<hr \/>\n<h3>SERVICIOS<\/h3>\n<ul>\n<li><a href=\"\/site\/sommerman?page_id=5362\">Lesiones Personales<\/a><\/li>\n<li><a href=\"\/site\/sommerman?page_id=5353\">Negligencia M\u00e9dica<\/a><\/li>\n<li><a href=\"\/site\/sommerman?page_id=5392\">Muerte Injusta<\/a><\/li>\n<li><a href=\"\/site\/sommerman?page_id=5404\">Litigios Comerciales<\/a><\/li>\n<\/ul>\n<h3>ADMISI\u00d3N<\/h3>\n<p>Texas, 1986<\/p>\n<h3>EDUCACION<\/h3>\n<ul>\n<li>South Texas College of Law, J. D., 1986<\/li>\n<li>Universidad de Texas en Arlington, B.A., 1983<\/li>\n<\/ul>\n<h3>HONORES Y PREMIOS<\/h3>\n<ul>\n<li><a href=\"http:\/\/www.tbls.org\/Profile\/Attorney.aspx?mid=18842150\" target=\"_blank\" rel=\"noopener noreferrer\">Certificado por la Junta, Derecho Procesal de lesiones personales por el Consejo de Especializaci\u00f3n Legal de 1996 de Texas<\/a><\/li>\n<li>Beneficiario, Premio Jurisprudencia Americana, Agravios por Thomson West<\/li>\n<li>Pro Bono abogado del a\u00f1o, Ft. Worth<\/li>\n<li><a href=\"http:\/\/www.martindale.com\/Mr-Andrew-B-Sommerman\/1637516-lawyer.htm\" target=\"_blank\" rel=\"noopener noreferrer\">AV\u00ae preeminente \u2122 (5,0 de 5) por Martindale Hubbell<\/a><\/li>\n<li><a href=\"http:\/\/www.superlawyers.com\/texas\/lawyer\/Andrew-B-Sommerman\/38a1a42e-6b7d-4d5d-9fb9-5d1c1b5a46a7.html\" target=\"_blank\" rel=\"noopener noreferrer\">Abogados S\u00faper 2003 \u2013 2015 por Thompson Reuters<\/a><\/li>\n<li><a href=\"http:\/\/directory.dmagazine.com\/lawyers\/Andrew-B-Sommerman\/45481\" target=\"_blank\" rel=\"noopener noreferrer\">Mejores Abogados en Dallas: Tort y Producto Litigios Responsabilidad M\u00e9dica: Demandante 2013 \u2013 2014 por D Magazine<\/a><\/li>\n<\/ul>\n<h3>ASOCIACIONES Y AFILIACIONES PROFESIONALES<\/h3>\n<ul>\n<li>Asociaci\u00f3n Americana para la Justicia, miembro<\/li>\n<li>American Bar Association, Miembro<\/li>\n<li>Asociaci\u00f3n Americana de Pregrado Moot Court, Director<\/li>\n<li>Dallas Bar Association, Miembro<\/li>\n<li>Dallas Trial Lawyers Association, Miembro<\/li>\n<li>State Bar College, Miembro<\/li>\n<li>Tejas Trial Lawyers Association, Miembro<\/li>\n<\/ul>\n<h3>CLASES Y SEMINARIOS<\/h3>\n<ul>\n<li>Instructor, Texas Wesleyan University<\/li>\n<li>Instructor de la Universidad Metodista del Sur<\/li>\n<li>Profesor Adjunto, South Texas College of Law de<\/li>\n<li>UTA presentaci\u00f3n para Estudiantes de Ingenier\u00eda, julio 2014<\/li>\n<li>\u201cLos ex\u00e1menes directos: contar su historia a trav\u00e9s del testimonio\u201d, abril 2013<\/li>\n<\/ul>\n<h3>TRABAJOS PUBLICADOS<\/h3>\n<ul>\n<li><a href=\"\/site\/sommerman?p=5910\">\u201cLa preservaci\u00f3n de error y c\u00f3mo apelar\u201d, julio 2013<\/a><\/li>\n<li><a href=\"\/site\/sommerman?p=5523\">\u201cLa causalidad y da\u00f1os\u201d, presentado en la Barra Estatal de Texas Advanced Lesiones Personales Ley curso, octubre de 2011<\/a><\/li>\n<li><a href=\"\/site\/sommerman?p=5907\">\u201cA medida que los loros son a Eagles, tambi\u00e9n lo son para Abogados Paralegales\u201d, junio 2009<\/a><\/li>\n<li><a href=\"\/site\/sommerman?p=5900\">\u201cLitigio de casos colapso financiero\u201d, marzo 2009<\/a><\/li>\n<li><a href=\"\/site\/sommerman?p=5892\">\u201cLa evidencia y Jurisprudencia Update,\u201d 04 2015<\/a><\/li>\n<li>\u201cLa evidencia demostrativa\u201d, diciembre 2008<\/li>\n<li><a href=\"\/site\/sommerman?p=4456\">\u201cperitos en casos de responsabilidad Locales\u201d, agosto 2008<\/a><\/li>\n<li>Peritos \u201c, de marzo de 2008<\/li>\n<li><a href=\"\/site\/sommerman?p=5891\">\u201cActualizaci\u00f3n de \u00c9tica,\u201d El Excmo. Martin Hoffman y Andrew B. Sommerman, enero de 2008<\/a><\/li>\n<li>\u201cT\u00e1cticas de guerrilla 120 d\u00edas antes del juicio\u201d, marzo 2011<\/li>\n<li><a href=\"\/site\/sommerman?p=5913\">\u201cDemostrando Cirug\u00eda Pl\u00e1stica Negligencia M\u00e9dica\u201d, abril 2012<\/a><\/li>\n<\/ul>\n","protected":false},"excerpt":{"rendered":"<p>llamada gratuita : (800) 900-5373 local : (214) 720-0720 fax : (214) 720-0184 \u00a0 CONTACTO ANDY Andrew Sommerman representa a clientes en casos de lesiones personales. \u00c9l es un abogado con mucha experiencia, Andrew se especializa en lesiones catastr\u00f3ficas, muerte injusta, y los casos de productos defectuosos. Certificado en Derecho Procesal de lesiones personales por<br \/><a class=\"button read-more news-link\" href=\"https:\/\/www.textrial.com\/es\/abogados\/andrew-b-sommerman\/\">LEER M\u00c1S<\/a><\/p>\n<div class='heateorSssClear'><\/div><div style=\"float: right\" class='heateor_sss_sharing_container heateor_sss_horizontal_sharing' heateor-sss-data-href='https:\/\/www.textrial.com\/es\/abogados\/andrew-b-sommerman\/'><div class='heateor_sss_sharing_title' style=\"font-weight:bold\" ><\/div><ul  class=\"heateor_sss_sharing_ul\"><li class=\"heateorSssSharingRound\"><i style=\"width:35px;height:35px;border-radius:999px;\" alt=\"Facebook\" Title=\"Facebook\" class=\"heateorSssSharing heateorSssFacebookBackground\" onclick='heateorSssPopup(\"https:\/\/www.facebook.com\/sharer\/sharer.php?u=https%3A%2F%2Fwww.textrial.com%2Fes%2Fabogados%2Fandrew-b-sommerman%2F\")'><ss style=\"display:block;border-radius:999px;\" class=\"heateorSssSharingSvg heateorSssFacebookSvg\"><\/ss><\/i><\/li><li class=\"heateorSssSharingRound\"><i style=\"width:35px;height:35px;border-radius:999px;\" alt=\"Linkedin\" Title=\"Linkedin\" class=\"heateorSssSharing heateorSssLinkedinBackground\" onclick='heateorSssPopup(\"http:\/\/www.linkedin.com\/shareArticle?mini=true&url=https%3A%2F%2Fwww.textrial.com%2Fes%2Fabogados%2Fandrew-b-sommerman%2F&title=Andrew%20B.%20Sommerman\")'><ss style=\"display:block;border-radius:999px;\" class=\"heateorSssSharingSvg heateorSssLinkedinSvg\"><\/ss><\/i><\/li><li class=\"heateorSssSharingRound\"><i style=\"width:35px;height:35px;border-radius:999px;\" alt=\"Twitter\" Title=\"Twitter\" class=\"heateorSssSharing heateorSssTwitterBackground\" onclick='heateorSssPopup(\"http:\/\/twitter.com\/intent\/tweet?text=Andrew%20B.%20Sommerman&url=https%3A%2F%2Fwww.textrial.com%2Fes%2Fabogados%2Fandrew-b-sommerman%2F\")'><ss style=\"display:block;border-radius:999px;\" class=\"heateorSssSharingSvg heateorSssTwitterSvg\"><\/ss><\/i><\/li><li class=\"heateorSssSharingRound\"><i style=\"width:35px;height:35px;border-radius:999px;\" alt=\"Instagram\" Title=\"Instagram\" class=\"heateorSssSharing heateorSssInstagramBackground\"><a href=\"https:\/\/www.instagram.com\/\" rel=\"nofollow noopener\" target=\"_blank\"><ss style=\"display:block;border-radius:999px;\" class=\"heateorSssSharingSvg heateorSssInstagramSvg\"><\/ss><\/a><\/i><\/li><li class=\"heateorSssSharingRound\"><i style=\"width:35px;height:35px;border-radius:999px;\" alt=\"Email\" Title=\"Email\" class=\"heateorSssSharing heateorSssEmailBackground\"  onclick=\"window.location.href = 'mailto:?subject=' + decodeURIComponent('Andrew%20B.%20Sommerman' ).replace('&', '%26') + '&body=' + decodeURIComponent('https%3A%2F%2Fwww.textrial.com%2Fes%2Fabogados%2Fandrew-b-sommerman%2F' )\"><ss style=\"display:block\" class=\"heateorSssSharingSvg heateorSssEmailSvg\"><\/ss><\/i><\/li><\/ul><div class=\"heateorSssClear\"><\/div><\/div><div class='heateorSssClear'><\/div>","protected":false},"author":1,"featured_media":0,"parent":5258,"menu_order":0,"comment_status":"closed","ping_status":"closed","template":"","meta":{"footnotes":""},"class_list":{"0":"post-5872","1":"page","2":"type-page","3":"status-publish","5":"entry"},"_links":{"self":[{"href":"https:\/\/www.textrial.com\/es\/wp-json\/wp\/v2\/pages\/5872\/"}],"collection":[{"href":"https:\/\/www.textrial.com\/es\/wp-json\/wp\/v2\/pages\/"}],"about":[{"href":"https:\/\/www.textrial.com\/es\/wp-json\/wp\/v2\/types\/page\/"}],"author":[{"embeddable":true,"href":"https:\/\/www.textrial.com\/es\/wp-json\/wp\/v2\/users\/1\/"}],"replies":[{"embeddable":true,"href":"https:\/\/www.textrial.com\/es\/wp-json\/wp\/v2\/comments\/?post=5872"}],"version-history":[{"count":0,"href":"https:\/\/www.textrial.com\/es\/wp-json\/wp\/v2\/pages\/5872\/revisions\/"}],"up":[{"embeddable":true,"href":"https:\/\/www.textrial.com\/es\/wp-json\/wp\/v2\/pages\/5258\/"}],"wp:attachment":[{"href":"https:\/\/www.textrial.com\/es\/wp-json\/wp\/v2\/media\/?parent=5872"}],"curies":[{"name":"wp","href":"https:\/\/api.w.org\/{rel}","templated":true}]}}