{"id":5427,"date":"2019-02-13T10:18:00","date_gmt":"2019-02-13T10:18:00","guid":{"rendered":"https:\/\/www.textrial.com\/areas-de-practica\/oilfield-y-construccion-lesiones\/oilfield-injuries\/"},"modified":"2019-03-07T14:00:31","modified_gmt":"2019-03-07T14:00:31","slug":"lesiones-oilfield","status":"publish","type":"page","link":"https:\/\/www.textrial.com\/es\/areas-de-practica\/oilfield-y-construccion-lesiones\/lesiones-oilfield\/","title":{"rendered":"Lesiones en el campo petrol\u00edfero"},"content":{"rendered":"<p><img loading=\"lazy\" decoding=\"async\" class=\"alignright size-featured-banner wp-image-5154\" src=\"https:\/\/www.textrial.com\/wp-content\/uploads\/2019\/02\/oilfield-injury-attorney-dallas-840x280.jpg\" alt=\"\" width=\"840\" height=\"280\" \/><\/p>\n<p>La creciente demanda de petr\u00f3leo ha creado un claro incremento en la actividad de perforaci\u00f3n en el estado de Texas. Como en cualquier industria que est\u00e1 incrementando r\u00e1pidamente, las empresas act\u00faan imprudentemente para mantener el ritmo y dar prioridad a las ganancias sobre la seguridad de sus empleados. Esta negligencia puede resultar en variedad de lesiones graves, especialmente en industrias que implican, equipos pesados vol\u00e1tiles.<\/p>\n<p>\u00c9stas incluyen:<\/p>\n<ul>\n<li>Lesiones producidas por la ca\u00edda de objetos<\/li>\n<li>Lesiones de l\u00ednea el\u00e9ctrica<\/li>\n<li>Equipo petrolero defectuoso<\/li>\n<li>Las plataformas de perforaci\u00f3n defectuosos<\/li>\n<li>Fuga de gas y lesiones de explosi\u00f3n<\/li>\n<\/ul>\n<h3>Hable con unos abogados expertos en lesiones causadas por yacimientos petrol\u00edferos en Dallas \u2013 c\u00f3mo podemos ayudar<\/h3>\n<p>Si usted es uno de los miles de trabajadores en Texas que dedica su carrera a la industria del petr\u00f3leo y han sido heridos, hable con un abogado sobre sus opciones legales. Los abogados de lesiones personales en Sommerman, McCaffity, Quesada y Geisler, L.L.P. han manejado cientos de demandas por lesiones de campos petroleros y est\u00e1n aqu\u00ed para ayudarle a obtener los beneficios que necesita para recuperarse de un accidente de trabajo.<\/p>\n<p>Entendemos que cada demanda de lesi\u00f3n es \u00fanica. En nuestra firma usted puede esperar trabajar directamente con su abogado, tambi\u00e9n al avanzar su caso usted recibir\u00e1 el apoyo de todo nuestro personal legal. Nos tomamos el tiempo para escuchar lo que tiene que decir, y le informamos de sus opciones legales para que pueda tomar una decisi\u00f3n inteligente.<\/p>\n<hr \/>\n<h4 class=\"after-post-title\"><strong>En Sommerman, McCaffity, Quesada y Geisler, L.L.P., representamos a los individuos en las demandas por lesiones del lugar de trabajo, incluidas las demandas de la industria del campo petrol\u00edfero, reclamos de la industria minera y reclamaciones colapso zanja. P\u00f3ngase en <a href=\"\/site\/sommerman?page_id=5528\">contacto<\/a> con nosotros hoy.<\/strong><\/h4>\n<div class=\"after-post\">\n<p>Programe una consulta inicial gratuita con un miembro de nuestro equipo legal.<\/p>\n<div class=\"first one-half\">\n<h4><a href=\"tel:2147200720\">(214) 720-0720<\/a><\/h4>\n<p>Dallas<\/p>\n<\/div>\n<div class=\"one-half\">\n<h4><a href=\"tel:8009005373\">(800) 900-5373<\/a><\/h4>\n<p>Sin Peaje<\/p>\n<\/div>\n<div class=\"clearfix\"><\/div>\n<\/div>\n","protected":false},"excerpt":{"rendered":"<p>La creciente demanda de petr\u00f3leo ha creado un claro incremento en la actividad de perforaci\u00f3n en el estado de Texas. Como en cualquier industria que est\u00e1 incrementando r\u00e1pidamente, las empresas act\u00faan imprudentemente para mantener el ritmo y dar prioridad a las ganancias sobre la seguridad de sus empleados. Esta negligencia puede resultar en variedad de<br \/><a class=\"button read-more news-link\" href=\"https:\/\/www.textrial.com\/es\/areas-de-practica\/oilfield-y-construccion-lesiones\/lesiones-oilfield\/\">LEER M\u00c1S<\/a><\/p>\n<div class='heateorSssClear'><\/div><div style=\"float: right\" class='heateor_sss_sharing_container heateor_sss_horizontal_sharing' heateor-sss-data-href='https:\/\/www.textrial.com\/es\/areas-de-practica\/oilfield-y-construccion-lesiones\/lesiones-oilfield\/'><div class='heateor_sss_sharing_title' style=\"font-weight:bold\" ><\/div><ul  class=\"heateor_sss_sharing_ul\"><li class=\"heateorSssSharingRound\"><i style=\"width:35px;height:35px;border-radius:999px;\" alt=\"Facebook\" Title=\"Facebook\" class=\"heateorSssSharing heateorSssFacebookBackground\" onclick='heateorSssPopup(\"https:\/\/www.facebook.com\/sharer\/sharer.php?u=https%3A%2F%2Fwww.textrial.com%2Fes%2Fareas-de-practica%2Foilfield-y-construccion-lesiones%2Flesiones-oilfield%2F\")'><ss style=\"display:block;border-radius:999px;\" class=\"heateorSssSharingSvg heateorSssFacebookSvg\"><\/ss><\/i><\/li><li class=\"heateorSssSharingRound\"><i style=\"width:35px;height:35px;border-radius:999px;\" alt=\"Linkedin\" Title=\"Linkedin\" class=\"heateorSssSharing heateorSssLinkedinBackground\" onclick='heateorSssPopup(\"http:\/\/www.linkedin.com\/shareArticle?mini=true&url=https%3A%2F%2Fwww.textrial.com%2Fes%2Fareas-de-practica%2Foilfield-y-construccion-lesiones%2Flesiones-oilfield%2F&title=Lesiones%20en%20el%20campo%20petrol%C3%ADfero\")'><ss style=\"display:block;border-radius:999px;\" class=\"heateorSssSharingSvg heateorSssLinkedinSvg\"><\/ss><\/i><\/li><li class=\"heateorSssSharingRound\"><i style=\"width:35px;height:35px;border-radius:999px;\" alt=\"Twitter\" Title=\"Twitter\" class=\"heateorSssSharing heateorSssTwitterBackground\" onclick='heateorSssPopup(\"http:\/\/twitter.com\/intent\/tweet?text=Lesiones%20en%20el%20campo%20petrol%C3%ADfero&url=https%3A%2F%2Fwww.textrial.com%2Fes%2Fareas-de-practica%2Foilfield-y-construccion-lesiones%2Flesiones-oilfield%2F\")'><ss style=\"display:block;border-radius:999px;\" class=\"heateorSssSharingSvg heateorSssTwitterSvg\"><\/ss><\/i><\/li><li class=\"heateorSssSharingRound\"><i style=\"width:35px;height:35px;border-radius:999px;\" alt=\"Instagram\" Title=\"Instagram\" class=\"heateorSssSharing heateorSssInstagramBackground\"><a href=\"https:\/\/www.instagram.com\/\" rel=\"nofollow noopener\" target=\"_blank\"><ss style=\"display:block;border-radius:999px;\" class=\"heateorSssSharingSvg heateorSssInstagramSvg\"><\/ss><\/a><\/i><\/li><li class=\"heateorSssSharingRound\"><i style=\"width:35px;height:35px;border-radius:999px;\" alt=\"Email\" Title=\"Email\" class=\"heateorSssSharing heateorSssEmailBackground\"  onclick=\"window.location.href = 'mailto:?subject=' + decodeURIComponent('Lesiones%20en%20el%20campo%20petrol%C3%ADfero' ).replace('&', '%26') + '&body=' + decodeURIComponent('https%3A%2F%2Fwww.textrial.com%2Fes%2Fareas-de-practica%2Foilfield-y-construccion-lesiones%2Flesiones-oilfield%2F' )\"><ss style=\"display:block\" class=\"heateorSssSharingSvg heateorSssEmailSvg\"><\/ss><\/i><\/li><\/ul><div class=\"heateorSssClear\"><\/div><\/div><div class='heateorSssClear'><\/div>","protected":false},"author":1,"featured_media":0,"parent":5419,"menu_order":0,"comment_status":"closed","ping_status":"closed","template":"","meta":{"footnotes":""},"class_list":{"0":"post-5427","1":"page","2":"type-page","3":"status-publish","5":"entry"},"_links":{"self":[{"href":"https:\/\/www.textrial.com\/es\/wp-json\/wp\/v2\/pages\/5427\/"}],"collection":[{"href":"https:\/\/www.textrial.com\/es\/wp-json\/wp\/v2\/pages\/"}],"about":[{"href":"https:\/\/www.textrial.com\/es\/wp-json\/wp\/v2\/types\/page\/"}],"author":[{"embeddable":true,"href":"https:\/\/www.textrial.com\/es\/wp-json\/wp\/v2\/users\/1\/"}],"replies":[{"embeddable":true,"href":"https:\/\/www.textrial.com\/es\/wp-json\/wp\/v2\/comments\/?post=5427"}],"version-history":[{"count":0,"href":"https:\/\/www.textrial.com\/es\/wp-json\/wp\/v2\/pages\/5427\/revisions\/"}],"up":[{"embeddable":true,"href":"https:\/\/www.textrial.com\/es\/wp-json\/wp\/v2\/pages\/5419\/"}],"wp:attachment":[{"href":"https:\/\/www.textrial.com\/es\/wp-json\/wp\/v2\/media\/?parent=5427"}],"curies":[{"name":"wp","href":"https:\/\/api.w.org\/{rel}","templated":true}]}}