{"id":5424,"date":"2019-02-13T10:18:25","date_gmt":"2019-02-13T10:18:25","guid":{"rendered":"https:\/\/www.textrial.com\/areas-de-practica\/oilfield-y-construccion-lesiones\/trench-collapses\/"},"modified":"2019-03-04T13:19:36","modified_gmt":"2019-03-04T13:19:36","slug":"colapse-de-zanjas","status":"publish","type":"page","link":"https:\/\/www.textrial.com\/es\/areas-de-practica\/oilfield-y-construccion-lesiones\/colapse-de-zanjas\/","title":{"rendered":"Colapse De Zanjas"},"content":{"rendered":"<p><img loading=\"lazy\" decoding=\"async\" class=\"alignright size-featured-banner wp-image-5156\" src=\"https:\/\/www.textrial.com\/wp-content\/uploads\/2019\/02\/trench-collapse-attorney-dallas1-840x280.jpg\" alt=\"\" width=\"840\" height=\"280\" \/><\/p>\n<p>Los accidentes de construcci\u00f3n se producen en virtud de una serie de situaciones y, a menudo resultan en lesiones graves e incluso la muerte. Las lesiones pueden ser causadas por el colapso de trincheras, derrumbe de edificios y otros tipos de defectos de construcci\u00f3n del lugar de trabajo.<\/p>\n<h3>Construcci\u00f3n y construcci\u00f3n Trabajadores Abogados en Dallas abogar por Usted<\/h3>\n<p>Colapsos Trench pueden ocurrir r\u00e1pidamente, y con frecuencia resultar en lesiones graves o mortales. En muchas situaciones, el suelo en el suelo no es lo suficientemente estable \u2013 que resulta en un colapsos zanja. Estos colapsos pueden resultar en lesiones catastr\u00f3ficas o incluso la muerte por negligencia. Si un ser querido ha sido lesionado en un colapso del foso, es una buena idea para buscar la ayuda de un abogado. Un abogado en nuestra firma le ayudar\u00e1 a presentar su reclamo y le explicar\u00e1 los beneficios disponibles.<\/p>\n<hr \/>\n<h4 class=\"after-post-title\"><strong>Si usted o un ser querido recientemente ha sido lesionado, buscar asesor\u00eda legal. Nuestro bufete de abogados le puede ayudar. Representamos a individuos y familias en reclamaciones por accidentes de trabajo.<\/strong><\/h4>\n<div class=\"after-post\">\n<p>Programe una consulta inicial gratuita con un miembro de nuestro equipo legal.<\/p>\n<div class=\"first one-half\">\n<h4><a href=\"tel:2147200720\">(214) 720-0720<\/a><\/h4>\n<p>Dallas<\/p>\n<\/div>\n<div class=\"one-half\">\n<h4><a href=\"tel:8009005373\">(800) 900-5373<\/a><\/h4>\n<p>Sin Peaje<\/p>\n<\/div>\n<div class=\"clearfix\"><\/div>\n<\/div>\n","protected":false},"excerpt":{"rendered":"<p>Los accidentes de construcci\u00f3n se producen en virtud de una serie de situaciones y, a menudo resultan en lesiones graves e incluso la muerte. Las lesiones pueden ser causadas por el colapso de trincheras, derrumbe de edificios y otros tipos de defectos de construcci\u00f3n del lugar de trabajo. Construcci\u00f3n y construcci\u00f3n Trabajadores Abogados en Dallas<br \/><a class=\"button read-more news-link\" href=\"https:\/\/www.textrial.com\/es\/areas-de-practica\/oilfield-y-construccion-lesiones\/colapse-de-zanjas\/\">LEER M\u00c1S<\/a><\/p>\n<div class='heateorSssClear'><\/div><div style=\"float: right\" class='heateor_sss_sharing_container heateor_sss_horizontal_sharing' heateor-sss-data-href='https:\/\/www.textrial.com\/es\/areas-de-practica\/oilfield-y-construccion-lesiones\/colapse-de-zanjas\/'><div class='heateor_sss_sharing_title' style=\"font-weight:bold\" ><\/div><ul  class=\"heateor_sss_sharing_ul\"><li class=\"heateorSssSharingRound\"><i style=\"width:35px;height:35px;border-radius:999px;\" alt=\"Facebook\" Title=\"Facebook\" class=\"heateorSssSharing heateorSssFacebookBackground\" onclick='heateorSssPopup(\"https:\/\/www.facebook.com\/sharer\/sharer.php?u=https%3A%2F%2Fwww.textrial.com%2Fes%2Fareas-de-practica%2Foilfield-y-construccion-lesiones%2Fcolapse-de-zanjas%2F\")'><ss style=\"display:block;border-radius:999px;\" class=\"heateorSssSharingSvg heateorSssFacebookSvg\"><\/ss><\/i><\/li><li class=\"heateorSssSharingRound\"><i style=\"width:35px;height:35px;border-radius:999px;\" alt=\"Linkedin\" Title=\"Linkedin\" class=\"heateorSssSharing heateorSssLinkedinBackground\" onclick='heateorSssPopup(\"http:\/\/www.linkedin.com\/shareArticle?mini=true&url=https%3A%2F%2Fwww.textrial.com%2Fes%2Fareas-de-practica%2Foilfield-y-construccion-lesiones%2Fcolapse-de-zanjas%2F&title=Colapse%20De%20Zanjas\")'><ss style=\"display:block;border-radius:999px;\" class=\"heateorSssSharingSvg heateorSssLinkedinSvg\"><\/ss><\/i><\/li><li class=\"heateorSssSharingRound\"><i style=\"width:35px;height:35px;border-radius:999px;\" alt=\"Twitter\" Title=\"Twitter\" class=\"heateorSssSharing heateorSssTwitterBackground\" onclick='heateorSssPopup(\"http:\/\/twitter.com\/intent\/tweet?text=Colapse%20De%20Zanjas&url=https%3A%2F%2Fwww.textrial.com%2Fes%2Fareas-de-practica%2Foilfield-y-construccion-lesiones%2Fcolapse-de-zanjas%2F\")'><ss style=\"display:block;border-radius:999px;\" class=\"heateorSssSharingSvg heateorSssTwitterSvg\"><\/ss><\/i><\/li><li class=\"heateorSssSharingRound\"><i style=\"width:35px;height:35px;border-radius:999px;\" alt=\"Instagram\" Title=\"Instagram\" class=\"heateorSssSharing heateorSssInstagramBackground\"><a href=\"https:\/\/www.instagram.com\/\" rel=\"nofollow noopener\" target=\"_blank\"><ss style=\"display:block;border-radius:999px;\" class=\"heateorSssSharingSvg heateorSssInstagramSvg\"><\/ss><\/a><\/i><\/li><li class=\"heateorSssSharingRound\"><i style=\"width:35px;height:35px;border-radius:999px;\" alt=\"Email\" Title=\"Email\" class=\"heateorSssSharing heateorSssEmailBackground\"  onclick=\"window.location.href = 'mailto:?subject=' + decodeURIComponent('Colapse%20De%20Zanjas' ).replace('&', '%26') + '&body=' + decodeURIComponent('https%3A%2F%2Fwww.textrial.com%2Fes%2Fareas-de-practica%2Foilfield-y-construccion-lesiones%2Fcolapse-de-zanjas%2F' )\"><ss style=\"display:block\" class=\"heateorSssSharingSvg heateorSssEmailSvg\"><\/ss><\/i><\/li><\/ul><div class=\"heateorSssClear\"><\/div><\/div><div class='heateorSssClear'><\/div>","protected":false},"author":1,"featured_media":0,"parent":5419,"menu_order":0,"comment_status":"closed","ping_status":"closed","template":"","meta":{"footnotes":""},"class_list":{"0":"post-5424","1":"page","2":"type-page","3":"status-publish","5":"entry"},"_links":{"self":[{"href":"https:\/\/www.textrial.com\/es\/wp-json\/wp\/v2\/pages\/5424\/"}],"collection":[{"href":"https:\/\/www.textrial.com\/es\/wp-json\/wp\/v2\/pages\/"}],"about":[{"href":"https:\/\/www.textrial.com\/es\/wp-json\/wp\/v2\/types\/page\/"}],"author":[{"embeddable":true,"href":"https:\/\/www.textrial.com\/es\/wp-json\/wp\/v2\/users\/1\/"}],"replies":[{"embeddable":true,"href":"https:\/\/www.textrial.com\/es\/wp-json\/wp\/v2\/comments\/?post=5424"}],"version-history":[{"count":0,"href":"https:\/\/www.textrial.com\/es\/wp-json\/wp\/v2\/pages\/5424\/revisions\/"}],"up":[{"embeddable":true,"href":"https:\/\/www.textrial.com\/es\/wp-json\/wp\/v2\/pages\/5419\/"}],"wp:attachment":[{"href":"https:\/\/www.textrial.com\/es\/wp-json\/wp\/v2\/media\/?parent=5424"}],"curies":[{"name":"wp","href":"https:\/\/api.w.org\/{rel}","templated":true}]}}