{"id":5421,"date":"2019-02-13T10:16:57","date_gmt":"2019-02-13T10:16:57","guid":{"rendered":"https:\/\/www.textrial.com\/areas-de-practica\/oilfield-y-construccion-lesiones\/construction-site-injuries\/"},"modified":"2019-03-06T11:17:45","modified_gmt":"2019-03-06T11:17:45","slug":"accidentes-en-construccion","status":"publish","type":"page","link":"https:\/\/www.textrial.com\/es\/areas-de-practica\/oilfield-y-construccion-lesiones\/accidentes-en-construccion\/","title":{"rendered":"Accidentes en Construccion"},"content":{"rendered":"<p><img loading=\"lazy\" decoding=\"async\" class=\"alignnone size-featured-banner wp-image-5067\" src=\"https:\/\/www.textrial.com\/wp-content\/uploads\/2019\/02\/construction-site-injuries-attorney-dallas1-840x280.jpg\" alt=\"\" width=\"840\" height=\"280\" \/><\/p>\n<p>La construcci\u00f3n es una profesi\u00f3n peligrosa, independientemente del ajuste residencial, comercial o industrial. Nuestros abogados de lesiones obra de construcci\u00f3n de Dallas representan artesanos, ingenieros, arquitectos, top\u00f3grafos, gerentes y trabajadores no calificados, semicalificados y calificados en muchas profesiones. Trabajamos con los trabajadores sindicalizados y contratistas privados por igual que se lesionan en el trabajo debido a la negligencia, descuido, o un producto defectuoso. Trabajamos para mantener partes negligentes responsables de lesiones del lugar de trabajo y para recuperar lo que se merecen nuestros clientes.<\/p>\n<h3>Lesi\u00f3n del lugar de trabajo reclamaciones en Texas<\/h3>\n<p>Los propietarios, contratistas generales, subcontratistas, fabricantes de equipos, y otros son responsables de las lesiones causadas por la negligencia, el descuido, la falta de equipo de seguridad, o de productos defectuosos, incluyendo:<\/p>\n<ul>\n<li>Las ca\u00eddas desde andamios, tejados, escaleras y otras alturas<\/li>\n<li>Fracturas y huesos triturados<\/li>\n<li>Amputaciones<\/li>\n<li><a href=\"\/site\/sommerman?page_id=5374\">Cerrado lesiones en la cabeza y lesiones cerebrales<\/a><\/li>\n<li><a href=\"\/site\/sommerman?page_id=5377\">Lesiones de la m\u00e9dula espinal, da\u00f1o a los nervios y par\u00e1lisis<\/a><\/li>\n<li>Las lesiones causadas por la ca\u00edda de objetos<\/li>\n<li><a href=\"\/site\/sommerman?page_id=5368\">Resbalones y ca\u00eddas<\/a><\/li>\n<li>Las lesiones causadas por equipo pesado<\/li>\n<li>Electrocuci\u00f3n<\/li>\n<li><a href=\"\/site\/sommerman?page_id=5380\">Burn lesiones<\/a><\/li>\n<li><a href=\"\/site\/sommerman?page_id=5392\">La muerte injusta<\/a><\/li>\n<\/ul>\n<p>En Texas, se requiere que no todos los empleadores tengan seguro de compensaci\u00f3n al trabajador. Si negligencia, descuido o un producto defectuoso llevado a su lesi\u00f3n, una demanda puede tener que ser archivado. Un abogado con experiencia es muy valiosa cuando los medios legales son necesarias para responsabilizar al responsable de su lesi\u00f3n. Preparamos completamente su caso y perseguimos compensaci\u00f3n por su recuperaci\u00f3n despu\u00e9s de una investigaci\u00f3n exhaustiva, independiente en su nombre. No dude en llamar a nuestros abogados de lesiones emplazamiento de la obra con conocimientos Dallas inmediatamente despu\u00e9s de su lesi\u00f3n. Podemos ayudarle a buscar una compensaci\u00f3n por gastos m\u00e9dicos, salarios perdidos, la rehabilitaci\u00f3n, el dolor y el sufrimiento, y otros costos a largo plazo.<\/p>\n<hr \/>\n<h4 class=\"after-post-title\"><strong>Si usted tiene una pregunta o necesita ayuda para presentar una reclamaci\u00f3n, llame a nuestros abogados para programar una consulta inicial gratuita.<\/strong><\/h4>\n<div class=\"after-post\">\n<p>Programe una consulta inicial gratuita con un miembro de nuestro equipo legal.<\/p>\n<div class=\"first one-half\">\n<h4><a href=\"tel:2147200720\">(214) 720-0720<\/a><\/h4>\n<p>Dallas<\/p>\n<\/div>\n<div class=\"one-half\">\n<h4><a href=\"tel:8009005373\">(800) 900-5373<\/a><\/h4>\n<p>Sin Peaje<\/p>\n<\/div>\n<div class=\"clearfix\"><\/div>\n<\/div>\n","protected":false},"excerpt":{"rendered":"<p>La construcci\u00f3n es una profesi\u00f3n peligrosa, independientemente del ajuste residencial, comercial o industrial. Nuestros abogados de lesiones obra de construcci\u00f3n de Dallas representan artesanos, ingenieros, arquitectos, top\u00f3grafos, gerentes y trabajadores no calificados, semicalificados y calificados en muchas profesiones. Trabajamos con los trabajadores sindicalizados y contratistas privados por igual que se lesionan en el trabajo debido<br \/><a class=\"button read-more news-link\" href=\"https:\/\/www.textrial.com\/es\/areas-de-practica\/oilfield-y-construccion-lesiones\/accidentes-en-construccion\/\">LEER M\u00c1S<\/a><\/p>\n<div class='heateorSssClear'><\/div><div style=\"float: right\" class='heateor_sss_sharing_container heateor_sss_horizontal_sharing' heateor-sss-data-href='https:\/\/www.textrial.com\/es\/areas-de-practica\/oilfield-y-construccion-lesiones\/accidentes-en-construccion\/'><div class='heateor_sss_sharing_title' style=\"font-weight:bold\" ><\/div><ul  class=\"heateor_sss_sharing_ul\"><li class=\"heateorSssSharingRound\"><i style=\"width:35px;height:35px;border-radius:999px;\" alt=\"Facebook\" Title=\"Facebook\" class=\"heateorSssSharing heateorSssFacebookBackground\" onclick='heateorSssPopup(\"https:\/\/www.facebook.com\/sharer\/sharer.php?u=https%3A%2F%2Fwww.textrial.com%2Fes%2Fareas-de-practica%2Foilfield-y-construccion-lesiones%2Faccidentes-en-construccion%2F\")'><ss style=\"display:block;border-radius:999px;\" class=\"heateorSssSharingSvg heateorSssFacebookSvg\"><\/ss><\/i><\/li><li class=\"heateorSssSharingRound\"><i style=\"width:35px;height:35px;border-radius:999px;\" alt=\"Linkedin\" Title=\"Linkedin\" class=\"heateorSssSharing heateorSssLinkedinBackground\" onclick='heateorSssPopup(\"http:\/\/www.linkedin.com\/shareArticle?mini=true&url=https%3A%2F%2Fwww.textrial.com%2Fes%2Fareas-de-practica%2Foilfield-y-construccion-lesiones%2Faccidentes-en-construccion%2F&title=Accidentes%20en%20Construccion\")'><ss style=\"display:block;border-radius:999px;\" class=\"heateorSssSharingSvg heateorSssLinkedinSvg\"><\/ss><\/i><\/li><li class=\"heateorSssSharingRound\"><i style=\"width:35px;height:35px;border-radius:999px;\" alt=\"Twitter\" Title=\"Twitter\" class=\"heateorSssSharing heateorSssTwitterBackground\" onclick='heateorSssPopup(\"http:\/\/twitter.com\/intent\/tweet?text=Accidentes%20en%20Construccion&url=https%3A%2F%2Fwww.textrial.com%2Fes%2Fareas-de-practica%2Foilfield-y-construccion-lesiones%2Faccidentes-en-construccion%2F\")'><ss style=\"display:block;border-radius:999px;\" class=\"heateorSssSharingSvg heateorSssTwitterSvg\"><\/ss><\/i><\/li><li class=\"heateorSssSharingRound\"><i style=\"width:35px;height:35px;border-radius:999px;\" alt=\"Instagram\" Title=\"Instagram\" class=\"heateorSssSharing heateorSssInstagramBackground\"><a href=\"https:\/\/www.instagram.com\/\" rel=\"nofollow noopener\" target=\"_blank\"><ss style=\"display:block;border-radius:999px;\" class=\"heateorSssSharingSvg heateorSssInstagramSvg\"><\/ss><\/a><\/i><\/li><li class=\"heateorSssSharingRound\"><i style=\"width:35px;height:35px;border-radius:999px;\" alt=\"Email\" Title=\"Email\" class=\"heateorSssSharing heateorSssEmailBackground\"  onclick=\"window.location.href = 'mailto:?subject=' + decodeURIComponent('Accidentes%20en%20Construccion' ).replace('&', '%26') + '&body=' + decodeURIComponent('https%3A%2F%2Fwww.textrial.com%2Fes%2Fareas-de-practica%2Foilfield-y-construccion-lesiones%2Faccidentes-en-construccion%2F' )\"><ss style=\"display:block\" class=\"heateorSssSharingSvg heateorSssEmailSvg\"><\/ss><\/i><\/li><\/ul><div class=\"heateorSssClear\"><\/div><\/div><div class='heateorSssClear'><\/div>","protected":false},"author":1,"featured_media":0,"parent":5419,"menu_order":0,"comment_status":"closed","ping_status":"closed","template":"","meta":{"footnotes":""},"class_list":{"0":"post-5421","1":"page","2":"type-page","3":"status-publish","5":"entry"},"_links":{"self":[{"href":"https:\/\/www.textrial.com\/es\/wp-json\/wp\/v2\/pages\/5421\/"}],"collection":[{"href":"https:\/\/www.textrial.com\/es\/wp-json\/wp\/v2\/pages\/"}],"about":[{"href":"https:\/\/www.textrial.com\/es\/wp-json\/wp\/v2\/types\/page\/"}],"author":[{"embeddable":true,"href":"https:\/\/www.textrial.com\/es\/wp-json\/wp\/v2\/users\/1\/"}],"replies":[{"embeddable":true,"href":"https:\/\/www.textrial.com\/es\/wp-json\/wp\/v2\/comments\/?post=5421"}],"version-history":[{"count":0,"href":"https:\/\/www.textrial.com\/es\/wp-json\/wp\/v2\/pages\/5421\/revisions\/"}],"up":[{"embeddable":true,"href":"https:\/\/www.textrial.com\/es\/wp-json\/wp\/v2\/pages\/5419\/"}],"wp:attachment":[{"href":"https:\/\/www.textrial.com\/es\/wp-json\/wp\/v2\/media\/?parent=5421"}],"curies":[{"name":"wp","href":"https:\/\/api.w.org\/{rel}","templated":true}]}}