{"id":5416,"date":"2019-02-13T09:34:23","date_gmt":"2019-02-13T09:34:23","guid":{"rendered":"https:\/\/www.textrial.com\/areas-de-practica\/litigios-de-negocios\/officer-director-liability\/"},"modified":"2019-03-07T14:08:18","modified_gmt":"2019-03-07T14:08:18","slug":"mal-manejo-administrativo","status":"publish","type":"page","link":"https:\/\/www.textrial.com\/es\/areas-de-practica\/litigios-de-negocios\/mal-manejo-administrativo\/","title":{"rendered":"Mal Manejo Administrativo"},"content":{"rendered":"<h3><img loading=\"lazy\" decoding=\"async\" class=\"alignnone size-featured-banner wp-image-4984\" src=\"https:\/\/www.textrial.com\/wp-content\/uploads\/2019\/02\/office-director-liability-attorney-dallas1-840x280.jpg\" alt=\"\" width=\"840\" height=\"280\" \/><\/h3>\n<h3>La protecci\u00f3n de sus intereses con representaci\u00f3n Asertivo<\/h3>\n<p>Directores, funcionarios y accionistas tienen el deber fiduciario de una organizaci\u00f3n. Puede ser f\u00e1cil hacer la vista gorda ante el comportamiento extravagante que en \u00faltima instancia puede hacerte da\u00f1o y la empresa. Si la empresa est\u00e1 siendo mal manejado, un abogado puede intervenir y asegurar que la debida diligencia se sirve.\u00a0<a href=\"\/site\/sommerman?page_id=5250\">El asesor legal<\/a>\u00a0actuar\u00e1 en nombre de la empresa y representar a la organizaci\u00f3n en asuntos legales que involucran a los directores, funcionarios y accionistas.<\/p>\n<p><a href=\"\/site\/sommerman?page_id=5872\">Andy Sommerman<\/a>\u00a0y<a href=\"\/site\/sommerman?page_id=5874\">\u00a0Tex Quesada<\/a>\u00a0son nuestros abogados oficial y responsabilidad de los directores y han representado peque\u00f1as para los due\u00f1os de negocios de tama\u00f1o mediano, s\u00edndicos y otros profesionales en asuntos de litigio. Como los propios due\u00f1os de negocios, que entienden los asuntos de derecho comercial desde una perspectiva legal, as\u00ed como una perspectiva de negocio. Ellos est\u00e1n preparados para trabajar con usted en el seguimiento de un prop\u00f3sito \u00fanico; lo que implica el cumplimiento de sus objetivos en un asunto pero eficaz eficiente.<\/p>\n<h3>Representaci\u00f3n en Accionista La mala gesti\u00f3n de Litigios<\/h3>\n<p>Sommerman, McCaffity, Quesada y Geisler, L.L.P. representa una amplia gama de clientes a trav\u00e9s de Texas y Nuevo M\u00e9xico como oficial y responsabilidad de los directores y de los abogados como abogados litigantes comerciales. Durante los \u00faltimos 40 a\u00f1os, nuestra empresa ha proporcionado asesor\u00eda legal a los propietarios de negocios y profesionales. Estamos totalmente comprometidos con la satisfacci\u00f3n de las necesidades y el trabajo de nuestros clientes con diligencia para representar a nuestros clientes de la manera m\u00e1s en\u00e9rgica y competente. Si el valor de la representaci\u00f3n de los abogados con integridad, somos su elecci\u00f3n en un abogado.<\/p>\n<hr \/>\n<h4 class=\"after-post-title\"><strong>P\u00f3ngase en <a href=\"\/site\/sommerman?page_id=5528\">contacto<\/a> con nosotros a su conveniencia para programar una consulta inicial gratuita.<\/strong><\/h4>\n<div class=\"after-post\">\n<p>Programe una consulta inicial gratuita con un miembro de nuestro equipo legal.<\/p>\n<div class=\"first one-half\">\n<h4><a href=\"tel:2147200720\">(214) 720-0720<\/a><\/h4>\n<p>Dallas<\/p>\n<\/div>\n<div class=\"one-half\">\n<h4><a href=\"tel:8009005373\">(800) 900-5373<\/a><\/h4>\n<p>Sin Peaje<\/p>\n<\/div>\n<div class=\"clearfix\"><\/div>\n<\/div>\n","protected":false},"excerpt":{"rendered":"<p>La protecci\u00f3n de sus intereses con representaci\u00f3n Asertivo Directores, funcionarios y accionistas tienen el deber fiduciario de una organizaci\u00f3n. Puede ser f\u00e1cil hacer la vista gorda ante el comportamiento extravagante que en \u00faltima instancia puede hacerte da\u00f1o y la empresa. Si la empresa est\u00e1 siendo mal manejado, un abogado puede intervenir y asegurar que la<br \/><a class=\"button read-more news-link\" href=\"https:\/\/www.textrial.com\/es\/areas-de-practica\/litigios-de-negocios\/mal-manejo-administrativo\/\">LEER M\u00c1S<\/a><\/p>\n<div class='heateorSssClear'><\/div><div style=\"float: right\" class='heateor_sss_sharing_container heateor_sss_horizontal_sharing' heateor-sss-data-href='https:\/\/www.textrial.com\/es\/areas-de-practica\/litigios-de-negocios\/mal-manejo-administrativo\/'><div class='heateor_sss_sharing_title' style=\"font-weight:bold\" ><\/div><ul  class=\"heateor_sss_sharing_ul\"><li class=\"heateorSssSharingRound\"><i style=\"width:35px;height:35px;border-radius:999px;\" alt=\"Facebook\" Title=\"Facebook\" class=\"heateorSssSharing heateorSssFacebookBackground\" onclick='heateorSssPopup(\"https:\/\/www.facebook.com\/sharer\/sharer.php?u=https%3A%2F%2Fwww.textrial.com%2Fes%2Fareas-de-practica%2Flitigios-de-negocios%2Fmal-manejo-administrativo%2F\")'><ss style=\"display:block;border-radius:999px;\" class=\"heateorSssSharingSvg heateorSssFacebookSvg\"><\/ss><\/i><\/li><li class=\"heateorSssSharingRound\"><i style=\"width:35px;height:35px;border-radius:999px;\" alt=\"Linkedin\" Title=\"Linkedin\" class=\"heateorSssSharing heateorSssLinkedinBackground\" onclick='heateorSssPopup(\"http:\/\/www.linkedin.com\/shareArticle?mini=true&url=https%3A%2F%2Fwww.textrial.com%2Fes%2Fareas-de-practica%2Flitigios-de-negocios%2Fmal-manejo-administrativo%2F&title=Mal%20Manejo%20Administrativo\")'><ss style=\"display:block;border-radius:999px;\" class=\"heateorSssSharingSvg heateorSssLinkedinSvg\"><\/ss><\/i><\/li><li class=\"heateorSssSharingRound\"><i style=\"width:35px;height:35px;border-radius:999px;\" alt=\"Twitter\" Title=\"Twitter\" class=\"heateorSssSharing heateorSssTwitterBackground\" onclick='heateorSssPopup(\"http:\/\/twitter.com\/intent\/tweet?text=Mal%20Manejo%20Administrativo&url=https%3A%2F%2Fwww.textrial.com%2Fes%2Fareas-de-practica%2Flitigios-de-negocios%2Fmal-manejo-administrativo%2F\")'><ss style=\"display:block;border-radius:999px;\" class=\"heateorSssSharingSvg heateorSssTwitterSvg\"><\/ss><\/i><\/li><li class=\"heateorSssSharingRound\"><i style=\"width:35px;height:35px;border-radius:999px;\" alt=\"Instagram\" Title=\"Instagram\" class=\"heateorSssSharing heateorSssInstagramBackground\"><a href=\"https:\/\/www.instagram.com\/\" rel=\"nofollow noopener\" target=\"_blank\"><ss style=\"display:block;border-radius:999px;\" class=\"heateorSssSharingSvg heateorSssInstagramSvg\"><\/ss><\/a><\/i><\/li><li class=\"heateorSssSharingRound\"><i style=\"width:35px;height:35px;border-radius:999px;\" alt=\"Email\" Title=\"Email\" class=\"heateorSssSharing heateorSssEmailBackground\"  onclick=\"window.location.href = 'mailto:?subject=' + decodeURIComponent('Mal%20Manejo%20Administrativo' ).replace('&', '%26') + '&body=' + decodeURIComponent('https%3A%2F%2Fwww.textrial.com%2Fes%2Fareas-de-practica%2Flitigios-de-negocios%2Fmal-manejo-administrativo%2F' )\"><ss style=\"display:block\" class=\"heateorSssSharingSvg heateorSssEmailSvg\"><\/ss><\/i><\/li><\/ul><div class=\"heateorSssClear\"><\/div><\/div><div class='heateorSssClear'><\/div>","protected":false},"author":1,"featured_media":0,"parent":5404,"menu_order":0,"comment_status":"closed","ping_status":"closed","template":"","meta":{"footnotes":""},"class_list":{"0":"post-5416","1":"page","2":"type-page","3":"status-publish","5":"entry"},"_links":{"self":[{"href":"https:\/\/www.textrial.com\/es\/wp-json\/wp\/v2\/pages\/5416\/"}],"collection":[{"href":"https:\/\/www.textrial.com\/es\/wp-json\/wp\/v2\/pages\/"}],"about":[{"href":"https:\/\/www.textrial.com\/es\/wp-json\/wp\/v2\/types\/page\/"}],"author":[{"embeddable":true,"href":"https:\/\/www.textrial.com\/es\/wp-json\/wp\/v2\/users\/1\/"}],"replies":[{"embeddable":true,"href":"https:\/\/www.textrial.com\/es\/wp-json\/wp\/v2\/comments\/?post=5416"}],"version-history":[{"count":0,"href":"https:\/\/www.textrial.com\/es\/wp-json\/wp\/v2\/pages\/5416\/revisions\/"}],"up":[{"embeddable":true,"href":"https:\/\/www.textrial.com\/es\/wp-json\/wp\/v2\/pages\/5404\/"}],"wp:attachment":[{"href":"https:\/\/www.textrial.com\/es\/wp-json\/wp\/v2\/media\/?parent=5416"}],"curies":[{"name":"wp","href":"https:\/\/api.w.org\/{rel}","templated":true}]}}