{"id":5410,"date":"2019-02-13T09:35:16","date_gmt":"2019-02-13T09:35:16","guid":{"rendered":"https:\/\/www.textrial.com\/areas-de-practica\/litigios-de-negocios\/shareholder-disputes\/"},"modified":"2019-03-06T11:23:34","modified_gmt":"2019-03-06T11:23:34","slug":"disputas-de-accionistas","status":"publish","type":"page","link":"https:\/\/www.textrial.com\/es\/areas-de-practica\/litigios-de-negocios\/disputas-de-accionistas\/","title":{"rendered":"Disputas de Accionistas"},"content":{"rendered":"<p><img loading=\"lazy\" decoding=\"async\" class=\"alignnone size-featured-banner wp-image-4986\" src=\"https:\/\/www.textrial.com\/wp-content\/uploads\/2019\/02\/shareholder-disputes-attorney-dallas1-840x280.jpg\" alt=\"\" width=\"840\" height=\"280\" \/><\/p>\n<p>Las empresas tienen necesidades diferentes, que pueden requerir una gama de conocimientos jur\u00eddicos con el fin de servir mejor a los intereses de la compa\u00f1\u00eda. Es importante buscar asesoramiento legal de un abogado que tenga experiencia en el manejo de asuntos de derecho comercial y ha manejado los conflictos en muchos niveles diferentes. Una disputa que involucra un accionista se beneficiar\u00e1 de un an\u00e1lisis inicial de un abogado con experiencia. Retener a un asesor legal temprana probablemente se obtendr\u00e1n los mejores resultados para su situaci\u00f3n. En nuestra firma, representamos a clientes de ambas partes en todo tipo de asuntos legales relacionados con los accionistas y de asociaci\u00f3n disputas. Estamos dispuestos a proporcionar la representaci\u00f3n informado y amplia que busca.<\/p>\n<h3>Experimentado Accionista Tejas de Controversias de Abogados<\/h3>\n<p><a href=\"\/site\/sommerman?page_id=5258\">Nuestro equipo comercial<\/a>\u00a0tiene mucha experiencia en el manejo de asuntos de litigio y entiende c\u00f3mo examinar su situaci\u00f3n de manera oportuna y eficaz. Somos experimentados abogados litigantes que no s\u00f3lo han invertido tiempo en la pr\u00e1ctica de la ley, sino en la comunidad tambi\u00e9n. Como due\u00f1os de negocios, entendemos la importancia de la asesor\u00eda legal directa. Nuestros abogados adaptar sus servicios jur\u00eddicos para satisfacer sus necesidades individuales.<\/p>\n<hr \/>\n<h4 class=\"after-post-title\"><strong>Para programar una consulta gratuita sin compromiso con nuestros experimentados abogados de Texas disputas de accionistas, p\u00f3ngase en contacto con nuestra firma hoy.<\/strong><\/h4>\n<div class=\"after-post\">\n<p>Programe una consulta inicial gratuita con un miembro de nuestro equipo legal.<\/p>\n<div class=\"first one-half\">\n<h4><a href=\"tel:2147200720\">(214) 720-0720<\/a><\/h4>\n<p>Dallas<\/p>\n<\/div>\n<div class=\"one-half\">\n<h4><a href=\"tel:8009005373\">(800) 900-5373<\/a><\/h4>\n<p>Sin Peaje<\/p>\n<\/div>\n<div class=\"clearfix\"><\/div>\n<\/div>\n","protected":false},"excerpt":{"rendered":"<p>Las empresas tienen necesidades diferentes, que pueden requerir una gama de conocimientos jur\u00eddicos con el fin de servir mejor a los intereses de la compa\u00f1\u00eda. Es importante buscar asesoramiento legal de un abogado que tenga experiencia en el manejo de asuntos de derecho comercial y ha manejado los conflictos en muchos niveles diferentes. Una disputa<br \/><a class=\"button read-more news-link\" href=\"https:\/\/www.textrial.com\/es\/areas-de-practica\/litigios-de-negocios\/disputas-de-accionistas\/\">LEER M\u00c1S<\/a><\/p>\n<div class='heateorSssClear'><\/div><div style=\"float: right\" class='heateor_sss_sharing_container heateor_sss_horizontal_sharing' heateor-sss-data-href='https:\/\/www.textrial.com\/es\/areas-de-practica\/litigios-de-negocios\/disputas-de-accionistas\/'><div class='heateor_sss_sharing_title' style=\"font-weight:bold\" ><\/div><ul  class=\"heateor_sss_sharing_ul\"><li class=\"heateorSssSharingRound\"><i style=\"width:35px;height:35px;border-radius:999px;\" alt=\"Facebook\" Title=\"Facebook\" class=\"heateorSssSharing heateorSssFacebookBackground\" onclick='heateorSssPopup(\"https:\/\/www.facebook.com\/sharer\/sharer.php?u=https%3A%2F%2Fwww.textrial.com%2Fes%2Fareas-de-practica%2Flitigios-de-negocios%2Fdisputas-de-accionistas%2F\")'><ss style=\"display:block;border-radius:999px;\" class=\"heateorSssSharingSvg heateorSssFacebookSvg\"><\/ss><\/i><\/li><li class=\"heateorSssSharingRound\"><i style=\"width:35px;height:35px;border-radius:999px;\" alt=\"Linkedin\" Title=\"Linkedin\" class=\"heateorSssSharing heateorSssLinkedinBackground\" onclick='heateorSssPopup(\"http:\/\/www.linkedin.com\/shareArticle?mini=true&url=https%3A%2F%2Fwww.textrial.com%2Fes%2Fareas-de-practica%2Flitigios-de-negocios%2Fdisputas-de-accionistas%2F&title=Disputas%20de%20Accionistas\")'><ss style=\"display:block;border-radius:999px;\" class=\"heateorSssSharingSvg heateorSssLinkedinSvg\"><\/ss><\/i><\/li><li class=\"heateorSssSharingRound\"><i style=\"width:35px;height:35px;border-radius:999px;\" alt=\"Twitter\" Title=\"Twitter\" class=\"heateorSssSharing heateorSssTwitterBackground\" onclick='heateorSssPopup(\"http:\/\/twitter.com\/intent\/tweet?text=Disputas%20de%20Accionistas&url=https%3A%2F%2Fwww.textrial.com%2Fes%2Fareas-de-practica%2Flitigios-de-negocios%2Fdisputas-de-accionistas%2F\")'><ss style=\"display:block;border-radius:999px;\" class=\"heateorSssSharingSvg heateorSssTwitterSvg\"><\/ss><\/i><\/li><li class=\"heateorSssSharingRound\"><i style=\"width:35px;height:35px;border-radius:999px;\" alt=\"Instagram\" Title=\"Instagram\" class=\"heateorSssSharing heateorSssInstagramBackground\"><a href=\"https:\/\/www.instagram.com\/\" rel=\"nofollow noopener\" target=\"_blank\"><ss style=\"display:block;border-radius:999px;\" class=\"heateorSssSharingSvg heateorSssInstagramSvg\"><\/ss><\/a><\/i><\/li><li class=\"heateorSssSharingRound\"><i style=\"width:35px;height:35px;border-radius:999px;\" alt=\"Email\" Title=\"Email\" class=\"heateorSssSharing heateorSssEmailBackground\"  onclick=\"window.location.href = 'mailto:?subject=' + decodeURIComponent('Disputas%20de%20Accionistas' ).replace('&', '%26') + '&body=' + decodeURIComponent('https%3A%2F%2Fwww.textrial.com%2Fes%2Fareas-de-practica%2Flitigios-de-negocios%2Fdisputas-de-accionistas%2F' )\"><ss style=\"display:block\" class=\"heateorSssSharingSvg heateorSssEmailSvg\"><\/ss><\/i><\/li><\/ul><div class=\"heateorSssClear\"><\/div><\/div><div class='heateorSssClear'><\/div>","protected":false},"author":1,"featured_media":0,"parent":5404,"menu_order":0,"comment_status":"closed","ping_status":"closed","template":"","meta":{"footnotes":""},"class_list":{"0":"post-5410","1":"page","2":"type-page","3":"status-publish","5":"entry"},"_links":{"self":[{"href":"https:\/\/www.textrial.com\/es\/wp-json\/wp\/v2\/pages\/5410\/"}],"collection":[{"href":"https:\/\/www.textrial.com\/es\/wp-json\/wp\/v2\/pages\/"}],"about":[{"href":"https:\/\/www.textrial.com\/es\/wp-json\/wp\/v2\/types\/page\/"}],"author":[{"embeddable":true,"href":"https:\/\/www.textrial.com\/es\/wp-json\/wp\/v2\/users\/1\/"}],"replies":[{"embeddable":true,"href":"https:\/\/www.textrial.com\/es\/wp-json\/wp\/v2\/comments\/?post=5410"}],"version-history":[{"count":0,"href":"https:\/\/www.textrial.com\/es\/wp-json\/wp\/v2\/pages\/5410\/revisions\/"}],"up":[{"embeddable":true,"href":"https:\/\/www.textrial.com\/es\/wp-json\/wp\/v2\/pages\/5404\/"}],"wp:attachment":[{"href":"https:\/\/www.textrial.com\/es\/wp-json\/wp\/v2\/media\/?parent=5410"}],"curies":[{"name":"wp","href":"https:\/\/api.w.org\/{rel}","templated":true}]}}