{"id":5395,"date":"2019-02-13T10:05:55","date_gmt":"2019-02-13T10:05:55","guid":{"rendered":"https:\/\/www.textrial.com\/areas-de-practica\/lesiones-catastroficas\/muerte-injusta\/workplace-deaths\/"},"modified":"2019-03-07T14:08:58","modified_gmt":"2019-03-07T14:08:58","slug":"muerte-en-el-area-de-trabajo","status":"publish","type":"page","link":"https:\/\/www.textrial.com\/es\/areas-de-practica\/lesiones-catastroficas\/muerte-injusta\/muerte-en-el-area-de-trabajo\/","title":{"rendered":"Muerte En El Area De Trabajo"},"content":{"rendered":"<p><img loading=\"lazy\" decoding=\"async\" class=\"alignnone size-featured-banner wp-image-5036\" src=\"https:\/\/www.textrial.com\/wp-content\/uploads\/2019\/02\/workplace-death-attorney-dallas-840x280.jpg\" alt=\"\" width=\"840\" height=\"280\" \/><\/p>\n<p>Un accidente negligente que ha resultado en la muerte de un ser querido presenta un desaf\u00edo que a menudo requiere una acci\u00f3n inmediata. Mientras que la muerte de un ser querido nunca puede justificarse, la compensaci\u00f3n monetaria le ayudar\u00e1 en sus necesidades financieras inmediatas y futuras.<\/p>\n<h3>Muerte En El Area De Trabajo Abogados en Dallas<\/h3>\n<p>Texas no requiere que los empleadores tengan seguro de compensaci\u00f3n a los trabajadores, por lo que los casos de lesiones o muerte del lugar de trabajo requiere la atenci\u00f3n de un abogado experto y con experiencia. Estas afirmaciones deben ser evaluados y manejados por un abogado que tiene especial conocimiento de la ley, y entiende c\u00f3mo interponer una demanda agresiva.<\/p>\n<p>En\u00a0<a href=\"\/site\/sommerman?page_id=5250\">Sommerman, McCaffity, Quesada y Geisler, L.L.P.<\/a>, tenemos la sala del tribunal y el juicio experiencia puede que tenga que apoyar plenamente su reclamo ante un jurado o un juez. Tenemos gran experiencia en el manejo de una serie de demandas por muerte del lugar de trabajo, incluyendo:<\/p>\n<ul>\n<li>Electrocuci\u00f3n<\/li>\n<li>Trabajadores del tanque de agua<\/li>\n<li>Muertes de camiones de entrega<\/li>\n<li><a href=\"\/site\/sommerman?page_id=5424\">Colapso zanjas<\/a><\/li>\n<li><a href=\"\/site\/sommerman?page_id=5419\">Los trabajadores de mantenimiento<\/a><\/li>\n<li><a href=\"\/site\/sommerman?page_id=5421\">Atrapamiento Mine<\/a><\/li>\n<\/ul>\n<hr \/>\n<h4 class=\"after-post-title\"><strong>Si usted ha perdido un ser querido debido a la negligencia en el trabajo, en <a href=\"\/site\/sommerman?page_id=5528\">contacto<\/a> con Sommerman, McCaffity, Quesada y Geisler, L.L.P. hoy para evaluar sus opciones.<\/strong><\/h4>\n<div class=\"after-post\">\n<p>Programe una consulta inicial gratuita con un miembro de nuestro equipo legal.<\/p>\n<div class=\"first one-half\">\n<h4><a href=\"tel:2147200720\">(214) 720-0720<\/a><\/h4>\n<p>Dallas<\/p>\n<\/div>\n<div class=\"one-half\">\n<h4><a href=\"tel:8009005373\">(800) 900-5373<\/a><\/h4>\n<p>Sin Peaje<\/p>\n<\/div>\n<div class=\"clearfix\"><\/div>\n<\/div>\n","protected":false},"excerpt":{"rendered":"<p>Un accidente negligente que ha resultado en la muerte de un ser querido presenta un desaf\u00edo que a menudo requiere una acci\u00f3n inmediata. Mientras que la muerte de un ser querido nunca puede justificarse, la compensaci\u00f3n monetaria le ayudar\u00e1 en sus necesidades financieras inmediatas y futuras. Muerte En El Area De Trabajo Abogados en Dallas<br \/><a class=\"button read-more news-link\" href=\"https:\/\/www.textrial.com\/es\/areas-de-practica\/lesiones-catastroficas\/muerte-injusta\/muerte-en-el-area-de-trabajo\/\">LEER M\u00c1S<\/a><\/p>\n<div class='heateorSssClear'><\/div><div style=\"float: right\" class='heateor_sss_sharing_container heateor_sss_horizontal_sharing' heateor-sss-data-href='https:\/\/www.textrial.com\/es\/areas-de-practica\/lesiones-catastroficas\/muerte-injusta\/muerte-en-el-area-de-trabajo\/'><div class='heateor_sss_sharing_title' style=\"font-weight:bold\" ><\/div><ul  class=\"heateor_sss_sharing_ul\"><li class=\"heateorSssSharingRound\"><i style=\"width:35px;height:35px;border-radius:999px;\" alt=\"Facebook\" Title=\"Facebook\" class=\"heateorSssSharing heateorSssFacebookBackground\" onclick='heateorSssPopup(\"https:\/\/www.facebook.com\/sharer\/sharer.php?u=https%3A%2F%2Fwww.textrial.com%2Fes%2Fareas-de-practica%2Flesiones-catastroficas%2Fmuerte-injusta%2Fmuerte-en-el-area-de-trabajo%2F\")'><ss style=\"display:block;border-radius:999px;\" class=\"heateorSssSharingSvg heateorSssFacebookSvg\"><\/ss><\/i><\/li><li class=\"heateorSssSharingRound\"><i style=\"width:35px;height:35px;border-radius:999px;\" alt=\"Linkedin\" Title=\"Linkedin\" class=\"heateorSssSharing heateorSssLinkedinBackground\" onclick='heateorSssPopup(\"http:\/\/www.linkedin.com\/shareArticle?mini=true&url=https%3A%2F%2Fwww.textrial.com%2Fes%2Fareas-de-practica%2Flesiones-catastroficas%2Fmuerte-injusta%2Fmuerte-en-el-area-de-trabajo%2F&title=Muerte%20En%20El%20Area%20De%20Trabajo\")'><ss style=\"display:block;border-radius:999px;\" class=\"heateorSssSharingSvg heateorSssLinkedinSvg\"><\/ss><\/i><\/li><li class=\"heateorSssSharingRound\"><i style=\"width:35px;height:35px;border-radius:999px;\" alt=\"Twitter\" Title=\"Twitter\" class=\"heateorSssSharing heateorSssTwitterBackground\" onclick='heateorSssPopup(\"http:\/\/twitter.com\/intent\/tweet?text=Muerte%20En%20El%20Area%20De%20Trabajo&url=https%3A%2F%2Fwww.textrial.com%2Fes%2Fareas-de-practica%2Flesiones-catastroficas%2Fmuerte-injusta%2Fmuerte-en-el-area-de-trabajo%2F\")'><ss style=\"display:block;border-radius:999px;\" class=\"heateorSssSharingSvg heateorSssTwitterSvg\"><\/ss><\/i><\/li><li class=\"heateorSssSharingRound\"><i style=\"width:35px;height:35px;border-radius:999px;\" alt=\"Instagram\" Title=\"Instagram\" class=\"heateorSssSharing heateorSssInstagramBackground\"><a href=\"https:\/\/www.instagram.com\/\" rel=\"nofollow noopener\" target=\"_blank\"><ss style=\"display:block;border-radius:999px;\" class=\"heateorSssSharingSvg heateorSssInstagramSvg\"><\/ss><\/a><\/i><\/li><li class=\"heateorSssSharingRound\"><i style=\"width:35px;height:35px;border-radius:999px;\" alt=\"Email\" Title=\"Email\" class=\"heateorSssSharing heateorSssEmailBackground\"  onclick=\"window.location.href = 'mailto:?subject=' + decodeURIComponent('Muerte%20En%20El%20Area%20De%20Trabajo' ).replace('&', '%26') + '&body=' + decodeURIComponent('https%3A%2F%2Fwww.textrial.com%2Fes%2Fareas-de-practica%2Flesiones-catastroficas%2Fmuerte-injusta%2Fmuerte-en-el-area-de-trabajo%2F' )\"><ss style=\"display:block\" class=\"heateorSssSharingSvg heateorSssEmailSvg\"><\/ss><\/i><\/li><\/ul><div class=\"heateorSssClear\"><\/div><\/div><div class='heateorSssClear'><\/div>","protected":false},"author":1,"featured_media":0,"parent":5392,"menu_order":0,"comment_status":"closed","ping_status":"closed","template":"","meta":{"footnotes":""},"class_list":{"0":"post-5395","1":"page","2":"type-page","3":"status-publish","5":"entry"},"_links":{"self":[{"href":"https:\/\/www.textrial.com\/es\/wp-json\/wp\/v2\/pages\/5395\/"}],"collection":[{"href":"https:\/\/www.textrial.com\/es\/wp-json\/wp\/v2\/pages\/"}],"about":[{"href":"https:\/\/www.textrial.com\/es\/wp-json\/wp\/v2\/types\/page\/"}],"author":[{"embeddable":true,"href":"https:\/\/www.textrial.com\/es\/wp-json\/wp\/v2\/users\/1\/"}],"replies":[{"embeddable":true,"href":"https:\/\/www.textrial.com\/es\/wp-json\/wp\/v2\/comments\/?post=5395"}],"version-history":[{"count":0,"href":"https:\/\/www.textrial.com\/es\/wp-json\/wp\/v2\/pages\/5395\/revisions\/"}],"up":[{"embeddable":true,"href":"https:\/\/www.textrial.com\/es\/wp-json\/wp\/v2\/pages\/5392\/"}],"wp:attachment":[{"href":"https:\/\/www.textrial.com\/es\/wp-json\/wp\/v2\/media\/?parent=5395"}],"curies":[{"name":"wp","href":"https:\/\/api.w.org\/{rel}","templated":true}]}}