{"id":5389,"date":"2019-02-13T10:09:40","date_gmt":"2019-02-13T10:09:40","guid":{"rendered":"https:\/\/www.textrial.com\/areas-de-practica\/lesiones-catastroficas\/litigios-de-seguros\/general-commercial-liability-policies\/"},"modified":"2019-03-06T12:01:46","modified_gmt":"2019-03-06T12:01:46","slug":"polizas-generales-de-responsabilidad-comercial","status":"publish","type":"page","link":"https:\/\/www.textrial.com\/es\/areas-de-practica\/lesiones-catastroficas\/litigios-de-seguros\/polizas-generales-de-responsabilidad-comercial\/","title":{"rendered":"P\u00f3lizas Generales de Responsabilidad Comercial"},"content":{"rendered":"<p><img loading=\"lazy\" decoding=\"async\" class=\"alignnone size-featured-banner wp-image-5044\" src=\"https:\/\/www.textrial.com\/wp-content\/uploads\/2019\/02\/commercial-liability-policy-attorney-dallas-840x280.jpg\" alt=\"\" width=\"840\" height=\"280\" \/><\/p>\n<p>Seguro de responsabilidad comercial general est\u00e1 destinado a proporcionar protecci\u00f3n a los due\u00f1os de negocios, sus grupos de inter\u00e9s, y sus activos contra las reclamaciones de corporales o lesiones personales y da\u00f1os a la propiedad. Si una demanda por negligencia se dirige contra su negocio, los costos legales por s\u00ed solas podr\u00edan ser imposible cubrir y sin seguro.<\/p>\n<p>Si su pol\u00edtica general de responsabilidad comercial est\u00e1 a la altura de lo que usted esperaba, nosotros podemos ayudarle a examinar su pol\u00edtica a fondo y determinar la compensaci\u00f3n que se merece. Ayudamos a los clientes cuyos cr\u00e9ditos hayan sido negado, que han recibido una compensaci\u00f3n menor de lo que esperaban, y cuya compensaci\u00f3n se ha retrasado injustificadamente.\u00a0<a href=\"\/site\/sommerman?page_id=5258\">Nuestros abogados de pol\u00edticas de responsabilidad comercial en Dallas<\/a>\u00a0tienen las compa\u00f1\u00edas de seguros responsables de la indemnizaci\u00f3n a que nuestros clientes tienen derecho.<\/p>\n<h3>Su negocio merece la cobertura prometida<\/h3>\n<p>Algunas afirmaciones pueden no recibir una indemnizaci\u00f3n completa, merecido. Una reclamaci\u00f3n denegada puede afectar sustancialmente la salud financiera de su negocio, a veces incluso dando lugar a la quiebra. Entendemos las necesidades y expectativas que tiene de conseguir lo que usted pag\u00f3 en una pol\u00edtica general de responsabilidad comercial. Representamos a clientes mediante la investigaci\u00f3n en su totalidad las pretensiones de nosotros mismos y ayudar a establecer el valor total de su caso.<\/p>\n<p>Reclamaciones leg\u00edtimas merecen ser cubiertos y pagados en el momento oportuno. Usted, como el demandante, no se debe esperar a pagar una liquidaci\u00f3n o costos legales de que su p\u00f3liza debe cubrir. Nuestro bufete de abogados abogar\u00e1 por su mejor resultado posible de la acci\u00f3n legal necesaria, incluyendo litigios. Una demanda para el seguro de mala fe puede ser necesario pedir una indemnizaci\u00f3n por los da\u00f1os y p\u00e9rdidas empresariales. Tambi\u00e9n podemos trabajar por da\u00f1os punitivos si las circunstancias de su orden tal caso la acci\u00f3n.<\/p>\n<hr \/>\n<h4 class=\"after-post-title\"><strong>\u00bfTiene preguntas acerca de una p\u00f3liza de responsabilidad comercial? P\u00f3ngase en contacto con nosotros para programar una consulta inicial gratuita.<\/strong><\/h4>\n<div class=\"after-post\">\n<p>Programe una consulta inicial gratuita con un miembro de nuestro equipo legal.<\/p>\n<div class=\"first one-half\">\n<h4><a href=\"tel:2147200720\">(214) 720-0720<\/a><\/h4>\n<p>Dallas<\/p>\n<\/div>\n<div class=\"one-half\">\n<h4><a href=\"tel:8009005373\">(800) 900-5373<\/a><\/h4>\n<p>Sin Peaje<\/p>\n<\/div>\n<div class=\"clearfix\"><\/div>\n<\/div>\n","protected":false},"excerpt":{"rendered":"<p>Seguro de responsabilidad comercial general est\u00e1 destinado a proporcionar protecci\u00f3n a los due\u00f1os de negocios, sus grupos de inter\u00e9s, y sus activos contra las reclamaciones de corporales o lesiones personales y da\u00f1os a la propiedad. Si una demanda por negligencia se dirige contra su negocio, los costos legales por s\u00ed solas podr\u00edan ser imposible cubrir<br \/><a class=\"button read-more news-link\" href=\"https:\/\/www.textrial.com\/es\/areas-de-practica\/lesiones-catastroficas\/litigios-de-seguros\/polizas-generales-de-responsabilidad-comercial\/\">LEER M\u00c1S<\/a><\/p>\n<div class='heateorSssClear'><\/div><div style=\"float: right\" class='heateor_sss_sharing_container heateor_sss_horizontal_sharing' heateor-sss-data-href='https:\/\/www.textrial.com\/es\/areas-de-practica\/lesiones-catastroficas\/litigios-de-seguros\/polizas-generales-de-responsabilidad-comercial\/'><div class='heateor_sss_sharing_title' style=\"font-weight:bold\" ><\/div><ul  class=\"heateor_sss_sharing_ul\"><li class=\"heateorSssSharingRound\"><i style=\"width:35px;height:35px;border-radius:999px;\" alt=\"Facebook\" Title=\"Facebook\" class=\"heateorSssSharing heateorSssFacebookBackground\" onclick='heateorSssPopup(\"https:\/\/www.facebook.com\/sharer\/sharer.php?u=https%3A%2F%2Fwww.textrial.com%2Fes%2Fareas-de-practica%2Flesiones-catastroficas%2Flitigios-de-seguros%2Fpolizas-generales-de-responsabilidad-comercial%2F\")'><ss style=\"display:block;border-radius:999px;\" class=\"heateorSssSharingSvg heateorSssFacebookSvg\"><\/ss><\/i><\/li><li class=\"heateorSssSharingRound\"><i style=\"width:35px;height:35px;border-radius:999px;\" alt=\"Linkedin\" Title=\"Linkedin\" class=\"heateorSssSharing heateorSssLinkedinBackground\" onclick='heateorSssPopup(\"http:\/\/www.linkedin.com\/shareArticle?mini=true&url=https%3A%2F%2Fwww.textrial.com%2Fes%2Fareas-de-practica%2Flesiones-catastroficas%2Flitigios-de-seguros%2Fpolizas-generales-de-responsabilidad-comercial%2F&title=P%C3%B3lizas%20Generales%20de%20Responsabilidad%20Comercial\")'><ss style=\"display:block;border-radius:999px;\" class=\"heateorSssSharingSvg heateorSssLinkedinSvg\"><\/ss><\/i><\/li><li class=\"heateorSssSharingRound\"><i style=\"width:35px;height:35px;border-radius:999px;\" alt=\"Twitter\" Title=\"Twitter\" class=\"heateorSssSharing heateorSssTwitterBackground\" onclick='heateorSssPopup(\"http:\/\/twitter.com\/intent\/tweet?text=P%C3%B3lizas%20Generales%20de%20Responsabilidad%20Comercial&url=https%3A%2F%2Fwww.textrial.com%2Fes%2Fareas-de-practica%2Flesiones-catastroficas%2Flitigios-de-seguros%2Fpolizas-generales-de-responsabilidad-comercial%2F\")'><ss style=\"display:block;border-radius:999px;\" class=\"heateorSssSharingSvg heateorSssTwitterSvg\"><\/ss><\/i><\/li><li class=\"heateorSssSharingRound\"><i style=\"width:35px;height:35px;border-radius:999px;\" alt=\"Instagram\" Title=\"Instagram\" class=\"heateorSssSharing heateorSssInstagramBackground\"><a href=\"https:\/\/www.instagram.com\/\" rel=\"nofollow noopener\" target=\"_blank\"><ss style=\"display:block;border-radius:999px;\" class=\"heateorSssSharingSvg heateorSssInstagramSvg\"><\/ss><\/a><\/i><\/li><li class=\"heateorSssSharingRound\"><i style=\"width:35px;height:35px;border-radius:999px;\" alt=\"Email\" Title=\"Email\" class=\"heateorSssSharing heateorSssEmailBackground\"  onclick=\"window.location.href = 'mailto:?subject=' + decodeURIComponent('P%C3%B3lizas%20Generales%20de%20Responsabilidad%20Comercial' ).replace('&', '%26') + '&body=' + decodeURIComponent('https%3A%2F%2Fwww.textrial.com%2Fes%2Fareas-de-practica%2Flesiones-catastroficas%2Flitigios-de-seguros%2Fpolizas-generales-de-responsabilidad-comercial%2F' )\"><ss style=\"display:block\" class=\"heateorSssSharingSvg heateorSssEmailSvg\"><\/ss><\/i><\/li><\/ul><div class=\"heateorSssClear\"><\/div><\/div><div class='heateorSssClear'><\/div>","protected":false},"author":1,"featured_media":0,"parent":5383,"menu_order":0,"comment_status":"closed","ping_status":"closed","template":"","meta":{"footnotes":""},"class_list":{"0":"post-5389","1":"page","2":"type-page","3":"status-publish","5":"entry"},"_links":{"self":[{"href":"https:\/\/www.textrial.com\/es\/wp-json\/wp\/v2\/pages\/5389\/"}],"collection":[{"href":"https:\/\/www.textrial.com\/es\/wp-json\/wp\/v2\/pages\/"}],"about":[{"href":"https:\/\/www.textrial.com\/es\/wp-json\/wp\/v2\/types\/page\/"}],"author":[{"embeddable":true,"href":"https:\/\/www.textrial.com\/es\/wp-json\/wp\/v2\/users\/1\/"}],"replies":[{"embeddable":true,"href":"https:\/\/www.textrial.com\/es\/wp-json\/wp\/v2\/comments\/?post=5389"}],"version-history":[{"count":0,"href":"https:\/\/www.textrial.com\/es\/wp-json\/wp\/v2\/pages\/5389\/revisions\/"}],"up":[{"embeddable":true,"href":"https:\/\/www.textrial.com\/es\/wp-json\/wp\/v2\/pages\/5383\/"}],"wp:attachment":[{"href":"https:\/\/www.textrial.com\/es\/wp-json\/wp\/v2\/media\/?parent=5389"}],"curies":[{"name":"wp","href":"https:\/\/api.w.org\/{rel}","templated":true}]}}