{"id":5386,"date":"2019-02-13T10:08:47","date_gmt":"2019-02-13T10:08:47","guid":{"rendered":"https:\/\/www.textrial.com\/areas-de-practica\/lesiones-catastroficas\/litigios-de-seguros\/automobile-policies\/"},"modified":"2019-03-07T14:16:44","modified_gmt":"2019-03-07T14:16:44","slug":"polizas-de-automoviles","status":"publish","type":"page","link":"https:\/\/www.textrial.com\/es\/areas-de-practica\/lesiones-catastroficas\/litigios-de-seguros\/polizas-de-automoviles\/","title":{"rendered":"P\u00f3lizas de Autom\u00f3viles"},"content":{"rendered":"<p><img loading=\"lazy\" decoding=\"async\" class=\"alignnone size-featured-banner wp-image-5043\" src=\"https:\/\/www.textrial.com\/wp-content\/uploads\/2019\/02\/automobile-policy-attorney-dallas-840x280.jpg\" alt=\"\" width=\"840\" height=\"280\" \/><\/p>\n<p>Autom\u00f3viles reclamaciones de seguros de accidentes pueden convertirse en cuestiones complejas muy r\u00e1pidamente. Una compa\u00f1\u00eda de seguros puede insistir en que usted no estaba realmente lesionado en un accidente de coche. Tambi\u00e9n podr\u00edan afirman que las lesiones sufridas en el accidente eran de su propia culpa o culpa de otra persona que no era el conductor del otro veh\u00edculo implicado. Tales afirmaciones se hacen en un esfuerzo por absolver a la empresa de la responsabilidad de su reclamo.<\/p>\n<p>Si serias lesiones o da\u00f1os a la propiedad estaban involucrados en un accidente de auto, buscar el consejo de un abogado conocedor de las necesidades pol\u00edticas de autom\u00f3viles y obligaciones que los har\u00e1 responsables de la indemnizaci\u00f3n a que tiene derecho. Adem\u00e1s, su compa\u00f1\u00eda de seguros de autom\u00f3viles est\u00e1 obligado a proporcionar la representaci\u00f3n legal en defensa de demandas relacionadas con incidentes de autom\u00f3viles a expensas de la compa\u00f1\u00eda de seguros. Si el asesor legal que proporcionan no est\u00e1 actuando en su mejor inter\u00e9s, o si se niegan a pagar por la representaci\u00f3n legal adecuada, podemos ayudarle.<\/p>\n<h3>Nuestra pol\u00edtica de Autom\u00f3viles Abogados en Dallas dedicamos a la Cobertura Derechos y merecido de Nuestros Clientes<\/h3>\n<p>En\u00a0<a href=\"\/site\/sommerman?page_id=5250\">Sommerman, McCaffity, Quesada y Geisler, L.L.P.<\/a>, ofrecemos asesoramiento a los clientes que se les ha negado las reclamaciones o est\u00e1n en otras disputas con sus compa\u00f1\u00edas de seguros de auto. Con m\u00e1s de 85 a\u00f1os de experiencia legal combinada, nuestros abogados de pol\u00edtica del autom\u00f3vil en Dallas ayudan a los clientes a trav\u00e9s de Texas persiguen los beneficios que se merecen de las compa\u00f1\u00edas de seguros de auto en una gama de asuntos.<\/p>\n<p>Experiencia de las reclamaciones de seguros Nuestros abogados incluye:<\/p>\n<ul>\n<li>Reclamaciones negaciones<\/li>\n<li>El fracaso para defender<\/li>\n<li>Seguro de mala fe<\/li>\n<li>Cobertura de motorista sin seguro \/ seguro insuficiente<\/li>\n<li>Otros temas de reclamaci\u00f3n de seguro de auto<\/li>\n<\/ul>\n<p>Somos abogados litigantes expertos en nombre de nuestros clientes dentro y fuera de la sala del tribunal. Ganamos una comprensi\u00f3n global de cada situaci\u00f3n y las necesidades \u00fanicas de cada cliente y luego tomamos el tiempo para informar a nuestros clientes de los procesos de preparaci\u00f3n caso, la estrategia, la evoluci\u00f3n de casos, y el procedimiento legal.<\/p>\n<hr \/>\n<h4 class=\"after-post-title\"><strong>Si usted se encuentra luchando para negociar con una compa\u00f1\u00eda de seguros despu\u00e9s de un accidente de coche, p\u00f3ngase en <a href=\"\/site\/sommerman?page_id=5528\">contacto<\/a> con nosotros hoy para una consulta gratuita.<\/strong><\/h4>\n<div class=\"after-post\">\n<p>Programe una consulta inicial gratuita con un miembro de nuestro equipo legal.<\/p>\n<div class=\"first one-half\">\n<h4><a href=\"tel:2147200720\">(214) 720-0720<\/a><\/h4>\n<p>Dallas<\/p>\n<\/div>\n<div class=\"one-half\">\n<h4><a href=\"tel:8009005373\">(800) 900-5373<\/a><\/h4>\n<p>Sin Peaje<\/p>\n<\/div>\n<div class=\"clearfix\"><\/div>\n<\/div>\n","protected":false},"excerpt":{"rendered":"<p>Autom\u00f3viles reclamaciones de seguros de accidentes pueden convertirse en cuestiones complejas muy r\u00e1pidamente. Una compa\u00f1\u00eda de seguros puede insistir en que usted no estaba realmente lesionado en un accidente de coche. Tambi\u00e9n podr\u00edan afirman que las lesiones sufridas en el accidente eran de su propia culpa o culpa de otra persona que no era el<br \/><a class=\"button read-more news-link\" href=\"https:\/\/www.textrial.com\/es\/areas-de-practica\/lesiones-catastroficas\/litigios-de-seguros\/polizas-de-automoviles\/\">LEER M\u00c1S<\/a><\/p>\n<div class='heateorSssClear'><\/div><div style=\"float: right\" class='heateor_sss_sharing_container heateor_sss_horizontal_sharing' heateor-sss-data-href='https:\/\/www.textrial.com\/es\/areas-de-practica\/lesiones-catastroficas\/litigios-de-seguros\/polizas-de-automoviles\/'><div class='heateor_sss_sharing_title' style=\"font-weight:bold\" ><\/div><ul  class=\"heateor_sss_sharing_ul\"><li class=\"heateorSssSharingRound\"><i style=\"width:35px;height:35px;border-radius:999px;\" alt=\"Facebook\" Title=\"Facebook\" class=\"heateorSssSharing heateorSssFacebookBackground\" onclick='heateorSssPopup(\"https:\/\/www.facebook.com\/sharer\/sharer.php?u=https%3A%2F%2Fwww.textrial.com%2Fes%2Fareas-de-practica%2Flesiones-catastroficas%2Flitigios-de-seguros%2Fpolizas-de-automoviles%2F\")'><ss style=\"display:block;border-radius:999px;\" class=\"heateorSssSharingSvg heateorSssFacebookSvg\"><\/ss><\/i><\/li><li class=\"heateorSssSharingRound\"><i style=\"width:35px;height:35px;border-radius:999px;\" alt=\"Linkedin\" Title=\"Linkedin\" class=\"heateorSssSharing heateorSssLinkedinBackground\" onclick='heateorSssPopup(\"http:\/\/www.linkedin.com\/shareArticle?mini=true&url=https%3A%2F%2Fwww.textrial.com%2Fes%2Fareas-de-practica%2Flesiones-catastroficas%2Flitigios-de-seguros%2Fpolizas-de-automoviles%2F&title=P%C3%B3lizas%20de%20Autom%C3%B3viles\")'><ss style=\"display:block;border-radius:999px;\" class=\"heateorSssSharingSvg heateorSssLinkedinSvg\"><\/ss><\/i><\/li><li class=\"heateorSssSharingRound\"><i style=\"width:35px;height:35px;border-radius:999px;\" alt=\"Twitter\" Title=\"Twitter\" class=\"heateorSssSharing heateorSssTwitterBackground\" onclick='heateorSssPopup(\"http:\/\/twitter.com\/intent\/tweet?text=P%C3%B3lizas%20de%20Autom%C3%B3viles&url=https%3A%2F%2Fwww.textrial.com%2Fes%2Fareas-de-practica%2Flesiones-catastroficas%2Flitigios-de-seguros%2Fpolizas-de-automoviles%2F\")'><ss style=\"display:block;border-radius:999px;\" class=\"heateorSssSharingSvg heateorSssTwitterSvg\"><\/ss><\/i><\/li><li class=\"heateorSssSharingRound\"><i style=\"width:35px;height:35px;border-radius:999px;\" alt=\"Instagram\" Title=\"Instagram\" class=\"heateorSssSharing heateorSssInstagramBackground\"><a href=\"https:\/\/www.instagram.com\/\" rel=\"nofollow noopener\" target=\"_blank\"><ss style=\"display:block;border-radius:999px;\" class=\"heateorSssSharingSvg heateorSssInstagramSvg\"><\/ss><\/a><\/i><\/li><li class=\"heateorSssSharingRound\"><i style=\"width:35px;height:35px;border-radius:999px;\" alt=\"Email\" Title=\"Email\" class=\"heateorSssSharing heateorSssEmailBackground\"  onclick=\"window.location.href = 'mailto:?subject=' + decodeURIComponent('P%C3%B3lizas%20de%20Autom%C3%B3viles' ).replace('&', '%26') + '&body=' + decodeURIComponent('https%3A%2F%2Fwww.textrial.com%2Fes%2Fareas-de-practica%2Flesiones-catastroficas%2Flitigios-de-seguros%2Fpolizas-de-automoviles%2F' )\"><ss style=\"display:block\" class=\"heateorSssSharingSvg heateorSssEmailSvg\"><\/ss><\/i><\/li><\/ul><div class=\"heateorSssClear\"><\/div><\/div><div class='heateorSssClear'><\/div>","protected":false},"author":1,"featured_media":0,"parent":5383,"menu_order":0,"comment_status":"closed","ping_status":"closed","template":"","meta":{"footnotes":""},"class_list":{"0":"post-5386","1":"page","2":"type-page","3":"status-publish","5":"entry"},"_links":{"self":[{"href":"https:\/\/www.textrial.com\/es\/wp-json\/wp\/v2\/pages\/5386\/"}],"collection":[{"href":"https:\/\/www.textrial.com\/es\/wp-json\/wp\/v2\/pages\/"}],"about":[{"href":"https:\/\/www.textrial.com\/es\/wp-json\/wp\/v2\/types\/page\/"}],"author":[{"embeddable":true,"href":"https:\/\/www.textrial.com\/es\/wp-json\/wp\/v2\/users\/1\/"}],"replies":[{"embeddable":true,"href":"https:\/\/www.textrial.com\/es\/wp-json\/wp\/v2\/comments\/?post=5386"}],"version-history":[{"count":0,"href":"https:\/\/www.textrial.com\/es\/wp-json\/wp\/v2\/pages\/5386\/revisions\/"}],"up":[{"embeddable":true,"href":"https:\/\/www.textrial.com\/es\/wp-json\/wp\/v2\/pages\/5383\/"}],"wp:attachment":[{"href":"https:\/\/www.textrial.com\/es\/wp-json\/wp\/v2\/media\/?parent=5386"}],"curies":[{"name":"wp","href":"https:\/\/api.w.org\/{rel}","templated":true}]}}