{"id":5380,"date":"2019-02-13T10:03:27","date_gmt":"2019-02-13T10:03:27","guid":{"rendered":"https:\/\/www.textrial.com\/areas-de-practica\/lesiones-catastroficas\/burns\/"},"modified":"2019-03-07T14:02:51","modified_gmt":"2019-03-07T14:02:51","slug":"lesiones-por-quemaduras","status":"publish","type":"page","link":"https:\/\/www.textrial.com\/es\/areas-de-practica\/lesiones-catastroficas\/lesiones-por-quemaduras\/","title":{"rendered":"Lesiones por Quemaduras"},"content":{"rendered":"<p><img loading=\"lazy\" decoding=\"async\" class=\"alignnone size-featured-banner wp-image-5030\" src=\"https:\/\/www.textrial.com\/wp-content\/uploads\/2019\/02\/burn-attorney-dallas-840x280.jpg\" alt=\"\" width=\"840\" height=\"280\" \/><\/p>\n<p>Los accidentes que resultan en lesiones por quemaduras pueden ocurrir en el lugar de trabajo, en un hospital, en su casa o en un accidente de auto. Estas lesiones suelen ser graves y pueden tener efectos duraderos.<\/p>\n<p>Tenemos experiencia en el manejo de las demandas por lesiones quemadura que involucran situaciones, incluyendo:<\/p>\n<ul>\n<li>Explosiones de l\u00ednea de gas<\/li>\n<li>Quemaduras Oilfield<\/li>\n<li>Quemaduras de cirug\u00edas del hospital o equipo defectuoso<\/li>\n<li>Quemaduras de accidentes industriales y de la construcci\u00f3n<\/li>\n<\/ul>\n<h3>Experimentado Dallas Burn Abogado de Lesiones<\/h3>\n<p>Las v\u00edctimas de accidentes por quemaduras merecen la mayor atenci\u00f3n por parte de los profesionales m\u00e9dicos. Esto es v\u00e1lido en el sistema legal. Si usted o un ser querido ha sido lesionado, que se merece la representaci\u00f3n legal de un abogado compasivo que est\u00e1 dispuesto a defender y abogar por usted. En Sommerman, McCaffity, Quesada y Geisler, L.L.P., hacemos nuestra m\u00e1xima prioridad a proporcionar competente, el cuidado y los servicios jur\u00eddicos individualizados.<\/p>\n<hr \/>\n<h4 class=\"after-post-title\"><strong>En Sommerman, McCaffity, Quesada y Geisler, L.L.P, ofrecemos una consulta inicial gratuita. P\u00f3ngase en <a href=\"\/site\/sommerman?page_id=5528\">contacto<\/a> con nosotros hoy acerca de su lesi\u00f3n.<\/strong><\/h4>\n<div class=\"after-post\">\n<p>Programe una consulta inicial gratuita con un miembro de nuestro equipo legal.<\/p>\n<div class=\"first one-half\">\n<h4><a href=\"tel:2147200720\">(214) 720-0720<\/a><\/h4>\n<p>Dallas<\/p>\n<\/div>\n<div class=\"one-half\">\n<h4><a href=\"tel:8009005373\">(800) 900-5373<\/a><\/h4>\n<p>Sin Peaje<\/p>\n<\/div>\n<div class=\"clearfix\"><\/div>\n<\/div>\n","protected":false},"excerpt":{"rendered":"<p>Los accidentes que resultan en lesiones por quemaduras pueden ocurrir en el lugar de trabajo, en un hospital, en su casa o en un accidente de auto. Estas lesiones suelen ser graves y pueden tener efectos duraderos. Tenemos experiencia en el manejo de las demandas por lesiones quemadura que involucran situaciones, incluyendo: Explosiones de l\u00ednea<br \/><a class=\"button read-more news-link\" href=\"https:\/\/www.textrial.com\/es\/areas-de-practica\/lesiones-catastroficas\/lesiones-por-quemaduras\/\">LEER M\u00c1S<\/a><\/p>\n<div class='heateorSssClear'><\/div><div style=\"float: right\" class='heateor_sss_sharing_container heateor_sss_horizontal_sharing' heateor-sss-data-href='https:\/\/www.textrial.com\/es\/areas-de-practica\/lesiones-catastroficas\/lesiones-por-quemaduras\/'><div class='heateor_sss_sharing_title' style=\"font-weight:bold\" ><\/div><ul  class=\"heateor_sss_sharing_ul\"><li class=\"heateorSssSharingRound\"><i style=\"width:35px;height:35px;border-radius:999px;\" alt=\"Facebook\" Title=\"Facebook\" class=\"heateorSssSharing heateorSssFacebookBackground\" onclick='heateorSssPopup(\"https:\/\/www.facebook.com\/sharer\/sharer.php?u=https%3A%2F%2Fwww.textrial.com%2Fes%2Fareas-de-practica%2Flesiones-catastroficas%2Flesiones-por-quemaduras%2F\")'><ss style=\"display:block;border-radius:999px;\" class=\"heateorSssSharingSvg heateorSssFacebookSvg\"><\/ss><\/i><\/li><li class=\"heateorSssSharingRound\"><i style=\"width:35px;height:35px;border-radius:999px;\" alt=\"Linkedin\" Title=\"Linkedin\" class=\"heateorSssSharing heateorSssLinkedinBackground\" onclick='heateorSssPopup(\"http:\/\/www.linkedin.com\/shareArticle?mini=true&url=https%3A%2F%2Fwww.textrial.com%2Fes%2Fareas-de-practica%2Flesiones-catastroficas%2Flesiones-por-quemaduras%2F&title=Lesiones%20por%20Quemaduras\")'><ss style=\"display:block;border-radius:999px;\" class=\"heateorSssSharingSvg heateorSssLinkedinSvg\"><\/ss><\/i><\/li><li class=\"heateorSssSharingRound\"><i style=\"width:35px;height:35px;border-radius:999px;\" alt=\"Twitter\" Title=\"Twitter\" class=\"heateorSssSharing heateorSssTwitterBackground\" onclick='heateorSssPopup(\"http:\/\/twitter.com\/intent\/tweet?text=Lesiones%20por%20Quemaduras&url=https%3A%2F%2Fwww.textrial.com%2Fes%2Fareas-de-practica%2Flesiones-catastroficas%2Flesiones-por-quemaduras%2F\")'><ss style=\"display:block;border-radius:999px;\" class=\"heateorSssSharingSvg heateorSssTwitterSvg\"><\/ss><\/i><\/li><li class=\"heateorSssSharingRound\"><i style=\"width:35px;height:35px;border-radius:999px;\" alt=\"Instagram\" Title=\"Instagram\" class=\"heateorSssSharing heateorSssInstagramBackground\"><a href=\"https:\/\/www.instagram.com\/\" rel=\"nofollow noopener\" target=\"_blank\"><ss style=\"display:block;border-radius:999px;\" class=\"heateorSssSharingSvg heateorSssInstagramSvg\"><\/ss><\/a><\/i><\/li><li class=\"heateorSssSharingRound\"><i style=\"width:35px;height:35px;border-radius:999px;\" alt=\"Email\" Title=\"Email\" class=\"heateorSssSharing heateorSssEmailBackground\"  onclick=\"window.location.href = 'mailto:?subject=' + decodeURIComponent('Lesiones%20por%20Quemaduras' ).replace('&', '%26') + '&body=' + decodeURIComponent('https%3A%2F%2Fwww.textrial.com%2Fes%2Fareas-de-practica%2Flesiones-catastroficas%2Flesiones-por-quemaduras%2F' )\"><ss style=\"display:block\" class=\"heateorSssSharingSvg heateorSssEmailSvg\"><\/ss><\/i><\/li><\/ul><div class=\"heateorSssClear\"><\/div><\/div><div class='heateorSssClear'><\/div>","protected":false},"author":1,"featured_media":0,"parent":5362,"menu_order":0,"comment_status":"closed","ping_status":"closed","template":"","meta":{"footnotes":""},"class_list":{"0":"post-5380","1":"page","2":"type-page","3":"status-publish","5":"entry"},"_links":{"self":[{"href":"https:\/\/www.textrial.com\/es\/wp-json\/wp\/v2\/pages\/5380\/"}],"collection":[{"href":"https:\/\/www.textrial.com\/es\/wp-json\/wp\/v2\/pages\/"}],"about":[{"href":"https:\/\/www.textrial.com\/es\/wp-json\/wp\/v2\/types\/page\/"}],"author":[{"embeddable":true,"href":"https:\/\/www.textrial.com\/es\/wp-json\/wp\/v2\/users\/1\/"}],"replies":[{"embeddable":true,"href":"https:\/\/www.textrial.com\/es\/wp-json\/wp\/v2\/comments\/?post=5380"}],"version-history":[{"count":0,"href":"https:\/\/www.textrial.com\/es\/wp-json\/wp\/v2\/pages\/5380\/revisions\/"}],"up":[{"embeddable":true,"href":"https:\/\/www.textrial.com\/es\/wp-json\/wp\/v2\/pages\/5362\/"}],"wp:attachment":[{"href":"https:\/\/www.textrial.com\/es\/wp-json\/wp\/v2\/media\/?parent=5380"}],"curies":[{"name":"wp","href":"https:\/\/api.w.org\/{rel}","templated":true}]}}