{"id":5374,"date":"2019-02-13T10:02:28","date_gmt":"2019-02-13T10:02:28","guid":{"rendered":"https:\/\/www.textrial.com\/areas-de-practica\/lesiones-catastroficas\/brain-injuries\/"},"modified":"2019-03-06T11:32:53","modified_gmt":"2019-03-06T11:32:53","slug":"lesiones-cerebrales","status":"publish","type":"page","link":"https:\/\/www.textrial.com\/es\/areas-de-practica\/lesiones-catastroficas\/lesiones-cerebrales\/","title":{"rendered":"Lesiones Cerebrales"},"content":{"rendered":"<p><img loading=\"lazy\" decoding=\"async\" class=\"alignnone size-featured-banner wp-image-5027\" src=\"https:\/\/www.textrial.com\/wp-content\/uploads\/2019\/02\/brain-injury-attorney-dallas-840x280.jpg\" alt=\"\" width=\"840\" height=\"280\" \/><\/p>\n<p>El cerebro es uno de los \u00f3rganos m\u00e1s importantes de nuestro cuerpo, por lo que cuando se lesiona, se requiere una cantidad significativa de la atenci\u00f3n.<\/p>\n<h3>C\u00f3mo un abogado de lesiones Experto cerebro puede ayudar<\/h3>\n<p>La mayor\u00eda de las lesiones cerebrales provienen de alg\u00fan tipo de traumatismo (por ejemplo, un traumatismo cerrado) o alg\u00fan tipo de evento donde el ox\u00edgeno se ha interrumpido lleguen al cerebro. Una lesi\u00f3n que impide que el cerebro funcione correctamente presenta una serie de desaf\u00edos. Al retener un abogado, puede asegurarse de que usted reciba el tratamiento y la atenci\u00f3n adecuada de los profesionales m\u00e9dicos apropiados.<\/p>\n<h3>Nuestros abogados de lesiones cerebrales Dallas han manejado muchos asuntos, incluyendo:<\/h3>\n<ul>\n<li><a href=\"\/site\/sommerman?page_id=5309\">Las lesiones cerebrales a partir de residuos de autom\u00f3vil<\/a><\/li>\n<li><a href=\"\/site\/sommerman?page_id=5368\">Las lesiones cerebrales de atrapamiento mina<\/a><\/li>\n<li><a href=\"\/site\/sommerman?page_id=5330\">Las lesiones cerebrales a partir de restos de naufragios de camiones<\/a><\/li>\n<li><a href=\"\/site\/sommerman?page_id=5421\">Las lesiones cerebrales por accidentes de construcci\u00f3n<\/a><\/li>\n<li>Lesiones de alto impacto<\/li>\n<li><a href=\"\/site\/sommerman?page_id=5315\">Las lesiones cerebrales a los ciclistas de cascos defectuosos<\/a><\/li>\n<li>Lesiones cerebrales Blunt trauma de la ca\u00edda de objetos<\/li>\n<li><a href=\"\/site\/sommerman?page_id=5371\">Explosiones de l\u00ednea de gas<\/a><\/li>\n<\/ul>\n<p>Si usted o un ser querido est\u00e1 sufriendo de una lesi\u00f3n cerrada de cabeza, convulsiones, u otro tipo de lesi\u00f3n cerebral traum\u00e1tica, es en su mejor inter\u00e9s de hablar con un abogado. En nuestro bufete de abogados, estamos listos para intervenir y ayudar.<\/p>\n<hr \/>\n<h4 class=\"after-post-title\"><strong>Si usted ha sido herido de gravedad, p\u00f3ngase en contacto con nuestros abogados de lesiones cerebrales con experiencia en Dallas hoy.<\/strong><\/h4>\n<div class=\"after-post\">\n<p>Programe una consulta inicial gratuita con un miembro de nuestro equipo legal.<\/p>\n<div class=\"first one-half\">\n<h4><a href=\"tel:2147200720\">(214) 720-0720<\/a><\/h4>\n<p>Dallas<\/p>\n<\/div>\n<div class=\"one-half\">\n<h4><a href=\"tel:8009005373\">(800) 900-5373<\/a><\/h4>\n<p>Sin Peaje<\/p>\n<\/div>\n<div class=\"clearfix\"><\/div>\n<\/div>\n","protected":false},"excerpt":{"rendered":"<p>El cerebro es uno de los \u00f3rganos m\u00e1s importantes de nuestro cuerpo, por lo que cuando se lesiona, se requiere una cantidad significativa de la atenci\u00f3n. C\u00f3mo un abogado de lesiones Experto cerebro puede ayudar La mayor\u00eda de las lesiones cerebrales provienen de alg\u00fan tipo de traumatismo (por ejemplo, un traumatismo cerrado) o alg\u00fan tipo<br \/><a class=\"button read-more news-link\" href=\"https:\/\/www.textrial.com\/es\/areas-de-practica\/lesiones-catastroficas\/lesiones-cerebrales\/\">LEER M\u00c1S<\/a><\/p>\n<div class='heateorSssClear'><\/div><div style=\"float: right\" class='heateor_sss_sharing_container heateor_sss_horizontal_sharing' heateor-sss-data-href='https:\/\/www.textrial.com\/es\/areas-de-practica\/lesiones-catastroficas\/lesiones-cerebrales\/'><div class='heateor_sss_sharing_title' style=\"font-weight:bold\" ><\/div><ul  class=\"heateor_sss_sharing_ul\"><li class=\"heateorSssSharingRound\"><i style=\"width:35px;height:35px;border-radius:999px;\" alt=\"Facebook\" Title=\"Facebook\" class=\"heateorSssSharing heateorSssFacebookBackground\" onclick='heateorSssPopup(\"https:\/\/www.facebook.com\/sharer\/sharer.php?u=https%3A%2F%2Fwww.textrial.com%2Fes%2Fareas-de-practica%2Flesiones-catastroficas%2Flesiones-cerebrales%2F\")'><ss style=\"display:block;border-radius:999px;\" class=\"heateorSssSharingSvg heateorSssFacebookSvg\"><\/ss><\/i><\/li><li class=\"heateorSssSharingRound\"><i style=\"width:35px;height:35px;border-radius:999px;\" alt=\"Linkedin\" Title=\"Linkedin\" class=\"heateorSssSharing heateorSssLinkedinBackground\" onclick='heateorSssPopup(\"http:\/\/www.linkedin.com\/shareArticle?mini=true&url=https%3A%2F%2Fwww.textrial.com%2Fes%2Fareas-de-practica%2Flesiones-catastroficas%2Flesiones-cerebrales%2F&title=Lesiones%20Cerebrales\")'><ss style=\"display:block;border-radius:999px;\" class=\"heateorSssSharingSvg heateorSssLinkedinSvg\"><\/ss><\/i><\/li><li class=\"heateorSssSharingRound\"><i style=\"width:35px;height:35px;border-radius:999px;\" alt=\"Twitter\" Title=\"Twitter\" class=\"heateorSssSharing heateorSssTwitterBackground\" onclick='heateorSssPopup(\"http:\/\/twitter.com\/intent\/tweet?text=Lesiones%20Cerebrales&url=https%3A%2F%2Fwww.textrial.com%2Fes%2Fareas-de-practica%2Flesiones-catastroficas%2Flesiones-cerebrales%2F\")'><ss style=\"display:block;border-radius:999px;\" class=\"heateorSssSharingSvg heateorSssTwitterSvg\"><\/ss><\/i><\/li><li class=\"heateorSssSharingRound\"><i style=\"width:35px;height:35px;border-radius:999px;\" alt=\"Instagram\" Title=\"Instagram\" class=\"heateorSssSharing heateorSssInstagramBackground\"><a href=\"https:\/\/www.instagram.com\/\" rel=\"nofollow noopener\" target=\"_blank\"><ss style=\"display:block;border-radius:999px;\" class=\"heateorSssSharingSvg heateorSssInstagramSvg\"><\/ss><\/a><\/i><\/li><li class=\"heateorSssSharingRound\"><i style=\"width:35px;height:35px;border-radius:999px;\" alt=\"Email\" Title=\"Email\" class=\"heateorSssSharing heateorSssEmailBackground\"  onclick=\"window.location.href = 'mailto:?subject=' + decodeURIComponent('Lesiones%20Cerebrales' ).replace('&', '%26') + '&body=' + decodeURIComponent('https%3A%2F%2Fwww.textrial.com%2Fes%2Fareas-de-practica%2Flesiones-catastroficas%2Flesiones-cerebrales%2F' )\"><ss style=\"display:block\" class=\"heateorSssSharingSvg heateorSssEmailSvg\"><\/ss><\/i><\/li><\/ul><div class=\"heateorSssClear\"><\/div><\/div><div class='heateorSssClear'><\/div>","protected":false},"author":1,"featured_media":0,"parent":5362,"menu_order":0,"comment_status":"closed","ping_status":"closed","template":"","meta":{"footnotes":""},"class_list":{"0":"post-5374","1":"page","2":"type-page","3":"status-publish","5":"entry"},"_links":{"self":[{"href":"https:\/\/www.textrial.com\/es\/wp-json\/wp\/v2\/pages\/5374\/"}],"collection":[{"href":"https:\/\/www.textrial.com\/es\/wp-json\/wp\/v2\/pages\/"}],"about":[{"href":"https:\/\/www.textrial.com\/es\/wp-json\/wp\/v2\/types\/page\/"}],"author":[{"embeddable":true,"href":"https:\/\/www.textrial.com\/es\/wp-json\/wp\/v2\/users\/1\/"}],"replies":[{"embeddable":true,"href":"https:\/\/www.textrial.com\/es\/wp-json\/wp\/v2\/comments\/?post=5374"}],"version-history":[{"count":0,"href":"https:\/\/www.textrial.com\/es\/wp-json\/wp\/v2\/pages\/5374\/revisions\/"}],"up":[{"embeddable":true,"href":"https:\/\/www.textrial.com\/es\/wp-json\/wp\/v2\/pages\/5362\/"}],"wp:attachment":[{"href":"https:\/\/www.textrial.com\/es\/wp-json\/wp\/v2\/media\/?parent=5374"}],"curies":[{"name":"wp","href":"https:\/\/api.w.org\/{rel}","templated":true}]}}