{"id":5365,"date":"2019-02-13T10:01:14","date_gmt":"2019-02-13T10:01:14","guid":{"rendered":"https:\/\/www.textrial.com\/areas-de-practica\/lesiones-catastroficas\/boating-accident\/"},"modified":"2019-03-07T13:34:47","modified_gmt":"2019-03-07T13:34:47","slug":"accidentes-de-navegacion","status":"publish","type":"page","link":"https:\/\/www.textrial.com\/es\/areas-de-practica\/lesiones-catastroficas\/accidentes-de-navegacion\/","title":{"rendered":"Accidentes de Navegaci\u00f3n"},"content":{"rendered":"<p><img loading=\"lazy\" decoding=\"async\" class=\"alignnone size-featured-banner wp-image-5025\" src=\"https:\/\/www.textrial.com\/wp-content\/uploads\/2019\/02\/boating-accident-attorney-dallas-840x280.jpg\" alt=\"\" width=\"840\" height=\"280\" \/><\/p>\n<p>Las malas condiciones meteorol\u00f3gicas, los conductores sin experiencia en barco y lagos de hacinamiento contribuyen a los muchos accidentes de navegaci\u00f3n que se producen en el \u00e1rea de Dallas \/ Fort Worth. Demasiado a menudo, estos accidentes en barco conducen a la muerte o problemas m\u00e9dicos graves.<\/p>\n<h3>Experimentado Canotaje Abogados en Dallas<\/h3>\n<p>Los abogados de Sommerman, McCaffity, Quesada &amp; Geisler, L.L.P. tener la experiencia y los recursos necesarios para manejar su accidente de navegaci\u00f3n compleja. Ya sea lesionada en una embarcaci\u00f3n personal o parte de una colisi\u00f3n barco m\u00e1s grande, nuestros abogados de lesiones personales a entender los traumas emocionales y f\u00edsicos que puede experimentar. Nos sentaremos con usted para discutir sus opciones, y trabajaremos para ayudarle a seguir adelante despu\u00e9s de un accidente en el agua.<\/p>\n<p>Una decisi\u00f3n tan importante como la aceptaci\u00f3n de un acuerdo por sus lesiones o p\u00e9rdidas se debe hacer con la ayuda de expertos. Hemos tratado y resuelto cientos de casos ante jueces y jurados, y hemos manejado casos que implican una serie de lesiones por accidente. Nuestros abogados le aconsejar\u00e1n de una estrategia para tener que probablemente se obtendr\u00e1n los mejores resultados y proteger sus intereses.<\/p>\n<hr \/>\n<h4 class=\"after-post-title\"><strong>Si ha sufrido un accidente de navegaci\u00f3n y tiene preguntas, <a href=\"\/site\/sommerman?page_id=5528\">cont\u00e1ctenos<\/a> para programar una consulta inicial gratuita hoy.<\/strong><\/h4>\n<div class=\"after-post\">\n<p>Programe una consulta inicial gratuita con un miembro de nuestro equipo legal.<\/p>\n<div class=\"first one-half\">\n<h4><a href=\"tel:2147200720\">(214) 720-0720<\/a><\/h4>\n<p>Dallas<\/p>\n<\/div>\n<div class=\"one-half\">\n<h4><a href=\"tel:8009005373\">(800) 900-5373<\/a><\/h4>\n<p>Sin Peaje<\/p>\n<\/div>\n<div class=\"clearfix\"><\/div>\n<\/div>\n","protected":false},"excerpt":{"rendered":"<p>Las malas condiciones meteorol\u00f3gicas, los conductores sin experiencia en barco y lagos de hacinamiento contribuyen a los muchos accidentes de navegaci\u00f3n que se producen en el \u00e1rea de Dallas \/ Fort Worth. Demasiado a menudo, estos accidentes en barco conducen a la muerte o problemas m\u00e9dicos graves. Experimentado Canotaje Abogados en Dallas Los abogados de<br \/><a class=\"button read-more news-link\" href=\"https:\/\/www.textrial.com\/es\/areas-de-practica\/lesiones-catastroficas\/accidentes-de-navegacion\/\">LEER M\u00c1S<\/a><\/p>\n<div class='heateorSssClear'><\/div><div style=\"float: right\" class='heateor_sss_sharing_container heateor_sss_horizontal_sharing' heateor-sss-data-href='https:\/\/www.textrial.com\/es\/areas-de-practica\/lesiones-catastroficas\/accidentes-de-navegacion\/'><div class='heateor_sss_sharing_title' style=\"font-weight:bold\" ><\/div><ul  class=\"heateor_sss_sharing_ul\"><li class=\"heateorSssSharingRound\"><i style=\"width:35px;height:35px;border-radius:999px;\" alt=\"Facebook\" Title=\"Facebook\" class=\"heateorSssSharing heateorSssFacebookBackground\" onclick='heateorSssPopup(\"https:\/\/www.facebook.com\/sharer\/sharer.php?u=https%3A%2F%2Fwww.textrial.com%2Fes%2Fareas-de-practica%2Flesiones-catastroficas%2Faccidentes-de-navegacion%2F\")'><ss style=\"display:block;border-radius:999px;\" class=\"heateorSssSharingSvg heateorSssFacebookSvg\"><\/ss><\/i><\/li><li class=\"heateorSssSharingRound\"><i style=\"width:35px;height:35px;border-radius:999px;\" alt=\"Linkedin\" Title=\"Linkedin\" class=\"heateorSssSharing heateorSssLinkedinBackground\" onclick='heateorSssPopup(\"http:\/\/www.linkedin.com\/shareArticle?mini=true&url=https%3A%2F%2Fwww.textrial.com%2Fes%2Fareas-de-practica%2Flesiones-catastroficas%2Faccidentes-de-navegacion%2F&title=Accidentes%20de%20Navegaci%C3%B3n\")'><ss style=\"display:block;border-radius:999px;\" class=\"heateorSssSharingSvg heateorSssLinkedinSvg\"><\/ss><\/i><\/li><li class=\"heateorSssSharingRound\"><i style=\"width:35px;height:35px;border-radius:999px;\" alt=\"Twitter\" Title=\"Twitter\" class=\"heateorSssSharing heateorSssTwitterBackground\" onclick='heateorSssPopup(\"http:\/\/twitter.com\/intent\/tweet?text=Accidentes%20de%20Navegaci%C3%B3n&url=https%3A%2F%2Fwww.textrial.com%2Fes%2Fareas-de-practica%2Flesiones-catastroficas%2Faccidentes-de-navegacion%2F\")'><ss style=\"display:block;border-radius:999px;\" class=\"heateorSssSharingSvg heateorSssTwitterSvg\"><\/ss><\/i><\/li><li class=\"heateorSssSharingRound\"><i style=\"width:35px;height:35px;border-radius:999px;\" alt=\"Instagram\" Title=\"Instagram\" class=\"heateorSssSharing heateorSssInstagramBackground\"><a href=\"https:\/\/www.instagram.com\/\" rel=\"nofollow noopener\" target=\"_blank\"><ss style=\"display:block;border-radius:999px;\" class=\"heateorSssSharingSvg heateorSssInstagramSvg\"><\/ss><\/a><\/i><\/li><li class=\"heateorSssSharingRound\"><i style=\"width:35px;height:35px;border-radius:999px;\" alt=\"Email\" Title=\"Email\" class=\"heateorSssSharing heateorSssEmailBackground\"  onclick=\"window.location.href = 'mailto:?subject=' + decodeURIComponent('Accidentes%20de%20Navegaci%C3%B3n' ).replace('&', '%26') + '&body=' + decodeURIComponent('https%3A%2F%2Fwww.textrial.com%2Fes%2Fareas-de-practica%2Flesiones-catastroficas%2Faccidentes-de-navegacion%2F' )\"><ss style=\"display:block\" class=\"heateorSssSharingSvg heateorSssEmailSvg\"><\/ss><\/i><\/li><\/ul><div class=\"heateorSssClear\"><\/div><\/div><div class='heateorSssClear'><\/div>","protected":false},"author":1,"featured_media":0,"parent":5362,"menu_order":0,"comment_status":"closed","ping_status":"closed","template":"","meta":{"footnotes":""},"class_list":{"0":"post-5365","1":"page","2":"type-page","3":"status-publish","5":"entry"},"_links":{"self":[{"href":"https:\/\/www.textrial.com\/es\/wp-json\/wp\/v2\/pages\/5365\/"}],"collection":[{"href":"https:\/\/www.textrial.com\/es\/wp-json\/wp\/v2\/pages\/"}],"about":[{"href":"https:\/\/www.textrial.com\/es\/wp-json\/wp\/v2\/types\/page\/"}],"author":[{"embeddable":true,"href":"https:\/\/www.textrial.com\/es\/wp-json\/wp\/v2\/users\/1\/"}],"replies":[{"embeddable":true,"href":"https:\/\/www.textrial.com\/es\/wp-json\/wp\/v2\/comments\/?post=5365"}],"version-history":[{"count":0,"href":"https:\/\/www.textrial.com\/es\/wp-json\/wp\/v2\/pages\/5365\/revisions\/"}],"up":[{"embeddable":true,"href":"https:\/\/www.textrial.com\/es\/wp-json\/wp\/v2\/pages\/5362\/"}],"wp:attachment":[{"href":"https:\/\/www.textrial.com\/es\/wp-json\/wp\/v2\/media\/?parent=5365"}],"curies":[{"name":"wp","href":"https:\/\/api.w.org\/{rel}","templated":true}]}}