{"id":5356,"date":"2019-02-13T10:19:35","date_gmt":"2019-02-13T10:19:35","guid":{"rendered":"https:\/\/www.textrial.com\/areas-de-practica\/farmacia-y-productos-sanitarios\/drug-litigation\/"},"modified":"2019-03-07T14:03:33","modified_gmt":"2019-03-07T14:03:33","slug":"drogas","status":"publish","type":"page","link":"https:\/\/www.textrial.com\/es\/areas-de-practica\/farmacia-y-productos-sanitarios\/drogas\/","title":{"rendered":"Litigio Por Drogas"},"content":{"rendered":"<p><img loading=\"lazy\" decoding=\"async\" class=\"alignright size-featured-banner wp-image-5160\" src=\"https:\/\/www.textrial.com\/wp-content\/uploads\/2019\/02\/drug-litigation-attorney-dallas1-840x280.jpg\" alt=\"\" width=\"840\" height=\"280\" \/><\/p>\n<p>Las compa\u00f1\u00edas farmac\u00e9uticas son responsables de proporcionar una expectativa razonable de seguridad en sus productos. Se deben incluir las advertencias y las garant\u00edas adecuadas contra el uso indebido y lesiones. Su comercializaci\u00f3n y el etiquetado debe contener descripciones suficientes de uso previsto de sus productos, ingredientes y riesgos para los consumidores. Sin embargo, muchos medicamentos causan lesiones graves e incluso la muerte a causa de negligencia o descuido compa\u00f1\u00edas farmac\u00e9uticas. Nuestro equipo de drogas y litigios farmac\u00e9utica prescripci\u00f3n est\u00e1 preparado para ayudarle a recuperar y ganar la atenci\u00f3n m\u00e9dica adecuada por los da\u00f1os causados por las drogas farmac\u00e9uticas, incluyendo:<\/p>\n<ul>\n<li>Xarelto<\/li>\n<li>Accutane<\/li>\n<li>Avandia<\/li>\n<li>Fosamax<\/li>\n<li>Yaz \/ Yasmin<\/li>\n<li>Zicam<\/li>\n<li>Otros f\u00e1rmacos<\/li>\n<\/ul>\n<p>Reclamaciones por lesiones contra las compa\u00f1\u00edas farmac\u00e9uticas pueden ser dif\u00edciles de probar. La ayuda y el consejo de un abogado litigante con talento y con experiencia es esencial. En Sommerman, McCaffity, Quesada y Geisler, L.L.P., nuestros abogados litigantes de medicamentos recetados y farmac\u00e9uticos trabajar\u00e1n directamente con usted y sus expertos m\u00e9dicos para investigar a fondo las causas de lesiones y preparar un caso s\u00f3lido para obtener la m\u00e1xima indemnizaci\u00f3n por las lesiones y los impactos. Nuestros abogados son eficaces y eficientes en la evaluaci\u00f3n de su caso, la b\u00fasqueda de los responsables, y hacerlos responsables.<\/p>\n<p>Si usted sospecha que usted o un ser querido ha sido perjudicado por la negligencia de una compa\u00f1\u00eda farmac\u00e9utica, te animamos a ponerse en contacto con nosotros lo antes posible. Nos tomamos el tiempo para obtener una comprensi\u00f3n completa de sus lesiones y su situaci\u00f3n particular antes de perseguir agresivamente su reclamo contra un fabricante de medicamentos o distribuidor. Vamos a trabajar para ganar que la m\u00e1xima compensaci\u00f3n por sus gastos m\u00e9dicos, salarios perdidos, la rehabilitaci\u00f3n, el dolor y el sufrimiento, costos a largo plazo, y otras p\u00e9rdidas y da\u00f1os.<\/p>\n<hr \/>\n<h4 class=\"after-post-title\"><strong>Si usted sospecha que usted o un ser querido ha sido perjudicado por la negligencia de una compa\u00f1\u00eda farmac\u00e9utica, p\u00f3ngase en <a href=\"\/site\/sommerman?page_id=5528\">contacto<\/a> Sommerman, McCaffity, Quesada y Geisler, L.L.P. hoy en d\u00eda.<\/strong><\/h4>\n<div class=\"after-post\">\n<p>Programe una consulta inicial gratuita con un miembro de nuestro equipo legal.<\/p>\n<div class=\"first one-half\">\n<h4><a href=\"tel:2147200720\">(214) 720-0720<\/a><\/h4>\n<p>Dallas<\/p>\n<\/div>\n<div class=\"one-half\">\n<h4><a href=\"tel:8009005373\">(800) 900-5373<\/a><\/h4>\n<p>Sin Peaje<\/p>\n<\/div>\n<div class=\"clearfix\"><\/div>\n<\/div>\n","protected":false},"excerpt":{"rendered":"<p>Las compa\u00f1\u00edas farmac\u00e9uticas son responsables de proporcionar una expectativa razonable de seguridad en sus productos. Se deben incluir las advertencias y las garant\u00edas adecuadas contra el uso indebido y lesiones. Su comercializaci\u00f3n y el etiquetado debe contener descripciones suficientes de uso previsto de sus productos, ingredientes y riesgos para los consumidores. Sin embargo, muchos medicamentos<br \/><a class=\"button read-more news-link\" href=\"https:\/\/www.textrial.com\/es\/areas-de-practica\/farmacia-y-productos-sanitarios\/drogas\/\">LEER M\u00c1S<\/a><\/p>\n<div class='heateorSssClear'><\/div><div style=\"float: right\" class='heateor_sss_sharing_container heateor_sss_horizontal_sharing' heateor-sss-data-href='https:\/\/www.textrial.com\/es\/areas-de-practica\/farmacia-y-productos-sanitarios\/drogas\/'><div class='heateor_sss_sharing_title' style=\"font-weight:bold\" ><\/div><ul  class=\"heateor_sss_sharing_ul\"><li class=\"heateorSssSharingRound\"><i style=\"width:35px;height:35px;border-radius:999px;\" alt=\"Facebook\" Title=\"Facebook\" class=\"heateorSssSharing heateorSssFacebookBackground\" onclick='heateorSssPopup(\"https:\/\/www.facebook.com\/sharer\/sharer.php?u=https%3A%2F%2Fwww.textrial.com%2Fes%2Fareas-de-practica%2Ffarmacia-y-productos-sanitarios%2Fdrogas%2F\")'><ss style=\"display:block;border-radius:999px;\" class=\"heateorSssSharingSvg heateorSssFacebookSvg\"><\/ss><\/i><\/li><li class=\"heateorSssSharingRound\"><i style=\"width:35px;height:35px;border-radius:999px;\" alt=\"Linkedin\" Title=\"Linkedin\" class=\"heateorSssSharing heateorSssLinkedinBackground\" onclick='heateorSssPopup(\"http:\/\/www.linkedin.com\/shareArticle?mini=true&url=https%3A%2F%2Fwww.textrial.com%2Fes%2Fareas-de-practica%2Ffarmacia-y-productos-sanitarios%2Fdrogas%2F&title=Litigio%20Por%20Drogas\")'><ss style=\"display:block;border-radius:999px;\" class=\"heateorSssSharingSvg heateorSssLinkedinSvg\"><\/ss><\/i><\/li><li class=\"heateorSssSharingRound\"><i style=\"width:35px;height:35px;border-radius:999px;\" alt=\"Twitter\" Title=\"Twitter\" class=\"heateorSssSharing heateorSssTwitterBackground\" onclick='heateorSssPopup(\"http:\/\/twitter.com\/intent\/tweet?text=Litigio%20Por%20Drogas&url=https%3A%2F%2Fwww.textrial.com%2Fes%2Fareas-de-practica%2Ffarmacia-y-productos-sanitarios%2Fdrogas%2F\")'><ss style=\"display:block;border-radius:999px;\" class=\"heateorSssSharingSvg heateorSssTwitterSvg\"><\/ss><\/i><\/li><li class=\"heateorSssSharingRound\"><i style=\"width:35px;height:35px;border-radius:999px;\" alt=\"Instagram\" Title=\"Instagram\" class=\"heateorSssSharing heateorSssInstagramBackground\"><a href=\"https:\/\/www.instagram.com\/\" rel=\"nofollow noopener\" target=\"_blank\"><ss style=\"display:block;border-radius:999px;\" class=\"heateorSssSharingSvg heateorSssInstagramSvg\"><\/ss><\/a><\/i><\/li><li class=\"heateorSssSharingRound\"><i style=\"width:35px;height:35px;border-radius:999px;\" alt=\"Email\" Title=\"Email\" class=\"heateorSssSharing heateorSssEmailBackground\"  onclick=\"window.location.href = 'mailto:?subject=' + decodeURIComponent('Litigio%20Por%20Drogas' ).replace('&', '%26') + '&body=' + decodeURIComponent('https%3A%2F%2Fwww.textrial.com%2Fes%2Fareas-de-practica%2Ffarmacia-y-productos-sanitarios%2Fdrogas%2F' )\"><ss style=\"display:block\" class=\"heateorSssSharingSvg heateorSssEmailSvg\"><\/ss><\/i><\/li><\/ul><div class=\"heateorSssClear\"><\/div><\/div><div class='heateorSssClear'><\/div>","protected":false},"author":1,"featured_media":0,"parent":5353,"menu_order":0,"comment_status":"closed","ping_status":"closed","template":"","meta":{"footnotes":""},"class_list":{"0":"post-5356","1":"page","2":"type-page","3":"status-publish","5":"entry"},"_links":{"self":[{"href":"https:\/\/www.textrial.com\/es\/wp-json\/wp\/v2\/pages\/5356\/"}],"collection":[{"href":"https:\/\/www.textrial.com\/es\/wp-json\/wp\/v2\/pages\/"}],"about":[{"href":"https:\/\/www.textrial.com\/es\/wp-json\/wp\/v2\/types\/page\/"}],"author":[{"embeddable":true,"href":"https:\/\/www.textrial.com\/es\/wp-json\/wp\/v2\/users\/1\/"}],"replies":[{"embeddable":true,"href":"https:\/\/www.textrial.com\/es\/wp-json\/wp\/v2\/comments\/?post=5356"}],"version-history":[{"count":0,"href":"https:\/\/www.textrial.com\/es\/wp-json\/wp\/v2\/pages\/5356\/revisions\/"}],"up":[{"embeddable":true,"href":"https:\/\/www.textrial.com\/es\/wp-json\/wp\/v2\/pages\/5353\/"}],"wp:attachment":[{"href":"https:\/\/www.textrial.com\/es\/wp-json\/wp\/v2\/media\/?parent=5356"}],"curies":[{"name":"wp","href":"https:\/\/api.w.org\/{rel}","templated":true}]}}