{"id":5350,"date":"2019-02-13T10:13:01","date_gmt":"2019-02-13T10:13:01","guid":{"rendered":"https:\/\/www.textrial.com\/areas-de-practica\/accidentes-de-camion\/fraudulent-log-books\/"},"modified":"2019-03-07T14:18:40","modified_gmt":"2019-03-07T14:18:40","slug":"violacion-de-libro-de-registro-por-conductores-de-camion","status":"publish","type":"page","link":"https:\/\/www.textrial.com\/es\/areas-de-practica\/accidentes-de-camion\/violacion-de-libro-de-registro-por-conductores-de-camion\/","title":{"rendered":"Violacion De Libro De Registro Por Conductores De Camion"},"content":{"rendered":"<p><img loading=\"lazy\" decoding=\"async\" class=\"alignnone size-featured-banner wp-image-5052\" src=\"https:\/\/www.textrial.com\/wp-content\/uploads\/2019\/02\/fraudulent-log-book-truck-wreck-attorney-dallas-840x280.jpg\" alt=\"\" width=\"840\" height=\"280\" \/><\/p>\n<p>Los conductores de camiones se les paga con base en el n\u00famero de millas que conducen. Por desgracia, los conductores a menudo omiten ciertas partes de sus viajes con el fin de registrar menos horas, pero m\u00e1s millas. Al iniciar la sesi\u00f3n menos horas y m\u00e1s millas, que se pueden pagar m\u00e1s. Cuando un conductor est\u00e1 sobrecargado de trabajo o fatigado, la posibilidad de causar un accidente aumenta. Cuando un conductor de cami\u00f3n est\u00e1 participando en la conducta negligente que causa un accidente, un libro de registro fraudulenta puede afectar a la pretensi\u00f3n de la v\u00edctima. Si el conductor omite ciertos piernas de un viaje por el pa\u00eds o ha mentido sobre el n\u00famero de horas que \u00e9l o ella ha trabajado, puede hacer que la cantidad del reclamo de la victima sea mucho m\u00e1s alto.<\/p>\n<h3>\u00bfPorque utilizar nuestros abogados de Dallas, expertos en libros fraudulentos?<\/h3>\n<p>Los abogados de Sommerman, McCaffity, Quesada y Geisler, L.L.P. entienden que los accidentes de camiones a veces entran en grandes cargas f\u00edsicamente y econ\u00f3micamente. Una estrategia eficaz puede incluir negociaciones h\u00e1biles o promoci\u00f3n en la sala del tribunal. Cuando se trabaja con los abogados de nuestra firma, queremos que sepan que vamos a trabajar duro para lograr una resoluci\u00f3n que es m\u00e1s favorable a su situaci\u00f3n y proporcionar los servicios individualizados usted puede estar buscando.<\/p>\n<hr \/>\n<h4 class=\"after-post-title\"><strong>\u00bfHas sido gravemente herido en un accidente de cami\u00f3n y tiene preguntas acerca de la presentaci\u00f3n de una demanda por accidente? P\u00f3ngase en <a href=\"\/site\/sommerman?page_id=5528\">contacto<\/a> con nuestra firma hoy.<\/strong><\/h4>\n<div class=\"after-post\">\n<p>Programe una consulta inicial gratuita con un miembro de nuestro equipo legal.<\/p>\n<div class=\"first one-half\">\n<h4><a href=\"tel:2147200720\">(214) 720-0720<\/a><\/h4>\n<p>Dallas<\/p>\n<\/div>\n<div class=\"one-half\">\n<h4><a href=\"tel:8009005373\">(800) 900-5373<\/a><\/h4>\n<p>Sin Peaje<\/p>\n<\/div>\n<div class=\"clearfix\"><\/div>\n<\/div>\n","protected":false},"excerpt":{"rendered":"<p>Los conductores de camiones se les paga con base en el n\u00famero de millas que conducen. Por desgracia, los conductores a menudo omiten ciertas partes de sus viajes con el fin de registrar menos horas, pero m\u00e1s millas. Al iniciar la sesi\u00f3n menos horas y m\u00e1s millas, que se pueden pagar m\u00e1s. Cuando un conductor<br \/><a class=\"button read-more news-link\" href=\"https:\/\/www.textrial.com\/es\/areas-de-practica\/accidentes-de-camion\/violacion-de-libro-de-registro-por-conductores-de-camion\/\">LEER M\u00c1S<\/a><\/p>\n<div class='heateorSssClear'><\/div><div style=\"float: right\" class='heateor_sss_sharing_container heateor_sss_horizontal_sharing' heateor-sss-data-href='https:\/\/www.textrial.com\/es\/areas-de-practica\/accidentes-de-camion\/violacion-de-libro-de-registro-por-conductores-de-camion\/'><div class='heateor_sss_sharing_title' style=\"font-weight:bold\" ><\/div><ul  class=\"heateor_sss_sharing_ul\"><li class=\"heateorSssSharingRound\"><i style=\"width:35px;height:35px;border-radius:999px;\" alt=\"Facebook\" Title=\"Facebook\" class=\"heateorSssSharing heateorSssFacebookBackground\" onclick='heateorSssPopup(\"https:\/\/www.facebook.com\/sharer\/sharer.php?u=https%3A%2F%2Fwww.textrial.com%2Fes%2Fareas-de-practica%2Faccidentes-de-camion%2Fviolacion-de-libro-de-registro-por-conductores-de-camion%2F\")'><ss style=\"display:block;border-radius:999px;\" class=\"heateorSssSharingSvg heateorSssFacebookSvg\"><\/ss><\/i><\/li><li class=\"heateorSssSharingRound\"><i style=\"width:35px;height:35px;border-radius:999px;\" alt=\"Linkedin\" Title=\"Linkedin\" class=\"heateorSssSharing heateorSssLinkedinBackground\" onclick='heateorSssPopup(\"http:\/\/www.linkedin.com\/shareArticle?mini=true&url=https%3A%2F%2Fwww.textrial.com%2Fes%2Fareas-de-practica%2Faccidentes-de-camion%2Fviolacion-de-libro-de-registro-por-conductores-de-camion%2F&title=Violacion%20De%20Libro%20De%20Registro%20Por%20Conductores%20De%20Camion\")'><ss style=\"display:block;border-radius:999px;\" class=\"heateorSssSharingSvg heateorSssLinkedinSvg\"><\/ss><\/i><\/li><li class=\"heateorSssSharingRound\"><i style=\"width:35px;height:35px;border-radius:999px;\" alt=\"Twitter\" Title=\"Twitter\" class=\"heateorSssSharing heateorSssTwitterBackground\" onclick='heateorSssPopup(\"http:\/\/twitter.com\/intent\/tweet?text=Violacion%20De%20Libro%20De%20Registro%20Por%20Conductores%20De%20Camion&url=https%3A%2F%2Fwww.textrial.com%2Fes%2Fareas-de-practica%2Faccidentes-de-camion%2Fviolacion-de-libro-de-registro-por-conductores-de-camion%2F\")'><ss style=\"display:block;border-radius:999px;\" class=\"heateorSssSharingSvg heateorSssTwitterSvg\"><\/ss><\/i><\/li><li class=\"heateorSssSharingRound\"><i style=\"width:35px;height:35px;border-radius:999px;\" alt=\"Instagram\" Title=\"Instagram\" class=\"heateorSssSharing heateorSssInstagramBackground\"><a href=\"https:\/\/www.instagram.com\/\" rel=\"nofollow noopener\" target=\"_blank\"><ss style=\"display:block;border-radius:999px;\" class=\"heateorSssSharingSvg heateorSssInstagramSvg\"><\/ss><\/a><\/i><\/li><li class=\"heateorSssSharingRound\"><i style=\"width:35px;height:35px;border-radius:999px;\" alt=\"Email\" Title=\"Email\" class=\"heateorSssSharing heateorSssEmailBackground\"  onclick=\"window.location.href = 'mailto:?subject=' + decodeURIComponent('Violacion%20De%20Libro%20De%20Registro%20Por%20Conductores%20De%20Camion' ).replace('&', '%26') + '&body=' + decodeURIComponent('https%3A%2F%2Fwww.textrial.com%2Fes%2Fareas-de-practica%2Faccidentes-de-camion%2Fviolacion-de-libro-de-registro-por-conductores-de-camion%2F' )\"><ss style=\"display:block\" class=\"heateorSssSharingSvg heateorSssEmailSvg\"><\/ss><\/i><\/li><\/ul><div class=\"heateorSssClear\"><\/div><\/div><div class='heateorSssClear'><\/div>","protected":false},"author":1,"featured_media":0,"parent":5330,"menu_order":0,"comment_status":"closed","ping_status":"closed","template":"","meta":{"footnotes":""},"class_list":{"0":"post-5350","1":"page","2":"type-page","3":"status-publish","5":"entry"},"_links":{"self":[{"href":"https:\/\/www.textrial.com\/es\/wp-json\/wp\/v2\/pages\/5350\/"}],"collection":[{"href":"https:\/\/www.textrial.com\/es\/wp-json\/wp\/v2\/pages\/"}],"about":[{"href":"https:\/\/www.textrial.com\/es\/wp-json\/wp\/v2\/types\/page\/"}],"author":[{"embeddable":true,"href":"https:\/\/www.textrial.com\/es\/wp-json\/wp\/v2\/users\/1\/"}],"replies":[{"embeddable":true,"href":"https:\/\/www.textrial.com\/es\/wp-json\/wp\/v2\/comments\/?post=5350"}],"version-history":[{"count":0,"href":"https:\/\/www.textrial.com\/es\/wp-json\/wp\/v2\/pages\/5350\/revisions\/"}],"up":[{"embeddable":true,"href":"https:\/\/www.textrial.com\/es\/wp-json\/wp\/v2\/pages\/5330\/"}],"wp:attachment":[{"href":"https:\/\/www.textrial.com\/es\/wp-json\/wp\/v2\/media\/?parent=5350"}],"curies":[{"name":"wp","href":"https:\/\/api.w.org\/{rel}","templated":true}]}}