{"id":5347,"date":"2019-02-13T10:13:30","date_gmt":"2019-02-13T10:13:30","guid":{"rendered":"https:\/\/www.textrial.com\/areas-de-practica\/accidentes-de-camion\/ice-storms\/"},"modified":"2019-03-07T14:18:06","modified_gmt":"2019-03-07T14:18:06","slug":"tormentas-de-hielo","status":"publish","type":"page","link":"https:\/\/www.textrial.com\/es\/areas-de-practica\/accidentes-de-camion\/tormentas-de-hielo\/","title":{"rendered":"Tormentas de Hielo"},"content":{"rendered":"<p><img loading=\"lazy\" decoding=\"async\" class=\"alignnone size-featured-banner wp-image-5054\" src=\"https:\/\/www.textrial.com\/wp-content\/uploads\/2019\/02\/ice-storm-truck-wreck-attorney-dallas-840x280.jpg\" alt=\"\" width=\"840\" height=\"280\" \/><\/p>\n<p>Cuando la temperatura desciende por debajo de cero, 18 ruedas representan una amenaza significativa en la carretera. Estos camiones y veh\u00edculos articulados de manera similar pueden plegarse o patinar a un lado, chocando con varios coches e hiriendo a numerosas personas. Estos restos de camiones a menudo resultan en considerables cargas f\u00edsicas y financieras.<\/p>\n<h3>Las lesiones pueden incluir:<\/h3>\n<ul>\n<li>Huesos rotos<\/li>\n<li>Par\u00e1lisis<\/li>\n<li>Cicatrizaci\u00f3n y desfiguraci\u00f3n<\/li>\n<li>Burn lesiones<\/li>\n<li>La p\u00e9rdida de extremidades<\/li>\n<li>Las lesiones cerebrales<\/li>\n<\/ul>\n<p>Reclamaciones que implican los camioneros y las compa\u00f1\u00edas de camiones requieren atenci\u00f3n inmediata de un abogado con experiencia cami\u00f3n naufragio. Cuando usted contracta nuestros abogados de Sommerman, McCaffity, Quesada y Geisler, L.L.P. en Dallas para representarlo\u00a0 despu\u00e9s de haber\u00a0 sido parte de un choque por causa del hielo, usted puede esperar un trabajo de representaci\u00f3n profesional y a agresivo al mismo tiempo que nosotros trabajamos fuerte a conseguir toda la recompensa de sus lesiones. Vamos a analizar con cuidado y explicar los puntos fuertes y d\u00e9biles de su caso y sus mejores opciones para continuar, lo que le permite tomar decisiones informadas y mantener expectativas realistas.<\/p>\n<hr \/>\n<h4 class=\"after-post-title\"><strong>Si usted ha sido herido en un accidente de cami\u00f3n relacionado con la tormenta y est\u00e1 buscando orientaci\u00f3n, p\u00f3ngase en <a href=\"\/site\/sommerman?page_id=5528\">contacto<\/a> con nosotros hoy.<\/strong><\/h4>\n<div class=\"after-post\">\n<p>Programe una consulta inicial gratuita con un miembro de nuestro equipo legal.<\/p>\n<div class=\"first one-half\">\n<h4><a href=\"tel:2147200720\">(214) 720-0720<\/a><\/h4>\n<p>Dallas<\/p>\n<\/div>\n<div class=\"one-half\">\n<h4><a href=\"tel:8009005373\">(800) 900-5373<\/a><\/h4>\n<p>Sin Peaje<\/p>\n<\/div>\n<div class=\"clearfix\"><\/div>\n<\/div>\n","protected":false},"excerpt":{"rendered":"<p>Cuando la temperatura desciende por debajo de cero, 18 ruedas representan una amenaza significativa en la carretera. Estos camiones y veh\u00edculos articulados de manera similar pueden plegarse o patinar a un lado, chocando con varios coches e hiriendo a numerosas personas. Estos restos de camiones a menudo resultan en considerables cargas f\u00edsicas y financieras. Las<br \/><a class=\"button read-more news-link\" href=\"https:\/\/www.textrial.com\/es\/areas-de-practica\/accidentes-de-camion\/tormentas-de-hielo\/\">LEER M\u00c1S<\/a><\/p>\n<div class='heateorSssClear'><\/div><div style=\"float: right\" class='heateor_sss_sharing_container heateor_sss_horizontal_sharing' heateor-sss-data-href='https:\/\/www.textrial.com\/es\/areas-de-practica\/accidentes-de-camion\/tormentas-de-hielo\/'><div class='heateor_sss_sharing_title' style=\"font-weight:bold\" ><\/div><ul  class=\"heateor_sss_sharing_ul\"><li class=\"heateorSssSharingRound\"><i style=\"width:35px;height:35px;border-radius:999px;\" alt=\"Facebook\" Title=\"Facebook\" class=\"heateorSssSharing heateorSssFacebookBackground\" onclick='heateorSssPopup(\"https:\/\/www.facebook.com\/sharer\/sharer.php?u=https%3A%2F%2Fwww.textrial.com%2Fes%2Fareas-de-practica%2Faccidentes-de-camion%2Ftormentas-de-hielo%2F\")'><ss style=\"display:block;border-radius:999px;\" class=\"heateorSssSharingSvg heateorSssFacebookSvg\"><\/ss><\/i><\/li><li class=\"heateorSssSharingRound\"><i style=\"width:35px;height:35px;border-radius:999px;\" alt=\"Linkedin\" Title=\"Linkedin\" class=\"heateorSssSharing heateorSssLinkedinBackground\" onclick='heateorSssPopup(\"http:\/\/www.linkedin.com\/shareArticle?mini=true&url=https%3A%2F%2Fwww.textrial.com%2Fes%2Fareas-de-practica%2Faccidentes-de-camion%2Ftormentas-de-hielo%2F&title=Tormentas%20de%20Hielo\")'><ss style=\"display:block;border-radius:999px;\" class=\"heateorSssSharingSvg heateorSssLinkedinSvg\"><\/ss><\/i><\/li><li class=\"heateorSssSharingRound\"><i style=\"width:35px;height:35px;border-radius:999px;\" alt=\"Twitter\" Title=\"Twitter\" class=\"heateorSssSharing heateorSssTwitterBackground\" onclick='heateorSssPopup(\"http:\/\/twitter.com\/intent\/tweet?text=Tormentas%20de%20Hielo&url=https%3A%2F%2Fwww.textrial.com%2Fes%2Fareas-de-practica%2Faccidentes-de-camion%2Ftormentas-de-hielo%2F\")'><ss style=\"display:block;border-radius:999px;\" class=\"heateorSssSharingSvg heateorSssTwitterSvg\"><\/ss><\/i><\/li><li class=\"heateorSssSharingRound\"><i style=\"width:35px;height:35px;border-radius:999px;\" alt=\"Instagram\" Title=\"Instagram\" class=\"heateorSssSharing heateorSssInstagramBackground\"><a href=\"https:\/\/www.instagram.com\/\" rel=\"nofollow noopener\" target=\"_blank\"><ss style=\"display:block;border-radius:999px;\" class=\"heateorSssSharingSvg heateorSssInstagramSvg\"><\/ss><\/a><\/i><\/li><li class=\"heateorSssSharingRound\"><i style=\"width:35px;height:35px;border-radius:999px;\" alt=\"Email\" Title=\"Email\" class=\"heateorSssSharing heateorSssEmailBackground\"  onclick=\"window.location.href = 'mailto:?subject=' + decodeURIComponent('Tormentas%20de%20Hielo' ).replace('&', '%26') + '&body=' + decodeURIComponent('https%3A%2F%2Fwww.textrial.com%2Fes%2Fareas-de-practica%2Faccidentes-de-camion%2Ftormentas-de-hielo%2F' )\"><ss style=\"display:block\" class=\"heateorSssSharingSvg heateorSssEmailSvg\"><\/ss><\/i><\/li><\/ul><div class=\"heateorSssClear\"><\/div><\/div><div class='heateorSssClear'><\/div>","protected":false},"author":1,"featured_media":0,"parent":5330,"menu_order":0,"comment_status":"closed","ping_status":"closed","template":"","meta":{"footnotes":""},"class_list":{"0":"post-5347","1":"page","2":"type-page","3":"status-publish","5":"entry"},"_links":{"self":[{"href":"https:\/\/www.textrial.com\/es\/wp-json\/wp\/v2\/pages\/5347\/"}],"collection":[{"href":"https:\/\/www.textrial.com\/es\/wp-json\/wp\/v2\/pages\/"}],"about":[{"href":"https:\/\/www.textrial.com\/es\/wp-json\/wp\/v2\/types\/page\/"}],"author":[{"embeddable":true,"href":"https:\/\/www.textrial.com\/es\/wp-json\/wp\/v2\/users\/1\/"}],"replies":[{"embeddable":true,"href":"https:\/\/www.textrial.com\/es\/wp-json\/wp\/v2\/comments\/?post=5347"}],"version-history":[{"count":0,"href":"https:\/\/www.textrial.com\/es\/wp-json\/wp\/v2\/pages\/5347\/revisions\/"}],"up":[{"embeddable":true,"href":"https:\/\/www.textrial.com\/es\/wp-json\/wp\/v2\/pages\/5330\/"}],"wp:attachment":[{"href":"https:\/\/www.textrial.com\/es\/wp-json\/wp\/v2\/media\/?parent=5347"}],"curies":[{"name":"wp","href":"https:\/\/api.w.org\/{rel}","templated":true}]}}