{"id":5344,"date":"2019-02-13T10:15:31","date_gmt":"2019-02-13T10:15:31","guid":{"rendered":"https:\/\/www.textrial.com\/areas-de-practica\/accidentes-de-camion\/truck-driver-distractions\/"},"modified":"2019-03-07T13:50:02","modified_gmt":"2019-03-07T13:50:02","slug":"distracciones-de-un-conductor-de-camion","status":"publish","type":"page","link":"https:\/\/www.textrial.com\/es\/areas-de-practica\/accidentes-de-camion\/distracciones-de-un-conductor-de-camion\/","title":{"rendered":"Distracciones de un Conductor de Camion"},"content":{"rendered":"<p><img loading=\"lazy\" decoding=\"async\" class=\"alignnone size-featured-banner wp-image-5058\" src=\"https:\/\/www.textrial.com\/wp-content\/uploads\/2019\/02\/distracted-truck-wreck-attorney-dallas-840x280.jpg\" alt=\"\" width=\"840\" height=\"280\" \/><\/p>\n<p>Los conductores en la carretera frente a la posibilidad de distraerse casi cada vez que ponerse al volante. La gente va a hablar en sus tel\u00e9fonos celulares, se centran en el cambio de la estaci\u00f3n de radio, ver a otros conductores y enviar mensajes de texto desde sus tel\u00e9fonos. No hay excusas para la distracci\u00f3n del conductor, especialmente de los conductores de camiones.<\/p>\n<h3>\u00bfPor qu\u00e9 se Camiones conductores distra\u00eddos tan com\u00fanmente?<\/h3>\n<p>Los conductores de camiones son frecuentes en la carretera, los productos de la conducci\u00f3n a trav\u00e9s del pa\u00eds. Por desgracia, los conductores muchas veces pierden el foco en la carretera, lo que puede dar lugar a accidentes traum\u00e1ticos o catastr\u00f3ficas.<\/p>\n<h3>Algunas distracciones del conductor de cami\u00f3n comunes son:<\/h3>\n<ul>\n<li>Los mensajes de texto mientras se conduce<\/li>\n<li>Hablar en un tel\u00e9fono celular<\/li>\n<li>Quedarse dormido al volante<\/li>\n<li>Fatiga de los conductores de camiones<\/li>\n<li>Las distracciones de los dispositivos de comunicaci\u00f3n internos<\/li>\n<\/ul>\n<h3>\u00bfNecesito un abogado de Wreck Camiones en Dallas?<\/h3>\n<p>Si usted ha sido lesionado en un accidente causado por un conductor de cami\u00f3n negligente, la posibilidad de solicitar la asistencia de un abogado. Un abogado ser\u00e1 capaz de proporcionar una opini\u00f3n objetiva sobre su reclamo y le ayudar\u00e1 a educar sobre los beneficios disponibles. En nuestra firma, tendr\u00e1 que trabajar directamente con su abogado en todos los puntos a lo largo de su caso. Su abogado va a escuchar sus preocupaciones y trabajar hacia una resoluci\u00f3n que es en su mejor inter\u00e9s. Sommerman, McCaffity, Quesada &amp; Geisler, L.L.P. est\u00e1 listo para estar a tu lado y ayudarle a obtener la compensaci\u00f3n que se merece.<\/p>\n<hr \/>\n<h4 class=\"after-post-title\"><strong>Si usted ha sufrido un accidente debido a un conductor de cami\u00f3n distra\u00eddo, p\u00f3ngase en <a href=\"\/site\/sommerman?page_id=5528\">contacto<\/a> con nosotros hoy para una consulta gratuita.<\/strong><\/h4>\n<div class=\"after-post\">\n<p>Programe una consulta inicial gratuita con un miembro de nuestro equipo legal.<\/p>\n<div class=\"first one-half\">\n<h4><a href=\"tel:2147200720\">(214) 720-0720<\/a><\/h4>\n<p>Dallas<\/p>\n<\/div>\n<div class=\"one-half\">\n<h4><a href=\"tel:8009005373\">(800) 900-5373<\/a><\/h4>\n<p>Sin Peaje<\/p>\n<\/div>\n<div class=\"clearfix\"><\/div>\n<\/div>\n","protected":false},"excerpt":{"rendered":"<p>Los conductores en la carretera frente a la posibilidad de distraerse casi cada vez que ponerse al volante. La gente va a hablar en sus tel\u00e9fonos celulares, se centran en el cambio de la estaci\u00f3n de radio, ver a otros conductores y enviar mensajes de texto desde sus tel\u00e9fonos. No hay excusas para la distracci\u00f3n<br \/><a class=\"button read-more news-link\" href=\"https:\/\/www.textrial.com\/es\/areas-de-practica\/accidentes-de-camion\/distracciones-de-un-conductor-de-camion\/\">LEER M\u00c1S<\/a><\/p>\n<div class='heateorSssClear'><\/div><div style=\"float: right\" class='heateor_sss_sharing_container heateor_sss_horizontal_sharing' heateor-sss-data-href='https:\/\/www.textrial.com\/es\/areas-de-practica\/accidentes-de-camion\/distracciones-de-un-conductor-de-camion\/'><div class='heateor_sss_sharing_title' style=\"font-weight:bold\" ><\/div><ul  class=\"heateor_sss_sharing_ul\"><li class=\"heateorSssSharingRound\"><i style=\"width:35px;height:35px;border-radius:999px;\" alt=\"Facebook\" Title=\"Facebook\" class=\"heateorSssSharing heateorSssFacebookBackground\" onclick='heateorSssPopup(\"https:\/\/www.facebook.com\/sharer\/sharer.php?u=https%3A%2F%2Fwww.textrial.com%2Fes%2Fareas-de-practica%2Faccidentes-de-camion%2Fdistracciones-de-un-conductor-de-camion%2F\")'><ss style=\"display:block;border-radius:999px;\" class=\"heateorSssSharingSvg heateorSssFacebookSvg\"><\/ss><\/i><\/li><li class=\"heateorSssSharingRound\"><i style=\"width:35px;height:35px;border-radius:999px;\" alt=\"Linkedin\" Title=\"Linkedin\" class=\"heateorSssSharing heateorSssLinkedinBackground\" onclick='heateorSssPopup(\"http:\/\/www.linkedin.com\/shareArticle?mini=true&url=https%3A%2F%2Fwww.textrial.com%2Fes%2Fareas-de-practica%2Faccidentes-de-camion%2Fdistracciones-de-un-conductor-de-camion%2F&title=Distracciones%20de%20un%20Conductor%20de%20Camion\")'><ss style=\"display:block;border-radius:999px;\" class=\"heateorSssSharingSvg heateorSssLinkedinSvg\"><\/ss><\/i><\/li><li class=\"heateorSssSharingRound\"><i style=\"width:35px;height:35px;border-radius:999px;\" alt=\"Twitter\" Title=\"Twitter\" class=\"heateorSssSharing heateorSssTwitterBackground\" onclick='heateorSssPopup(\"http:\/\/twitter.com\/intent\/tweet?text=Distracciones%20de%20un%20Conductor%20de%20Camion&url=https%3A%2F%2Fwww.textrial.com%2Fes%2Fareas-de-practica%2Faccidentes-de-camion%2Fdistracciones-de-un-conductor-de-camion%2F\")'><ss style=\"display:block;border-radius:999px;\" class=\"heateorSssSharingSvg heateorSssTwitterSvg\"><\/ss><\/i><\/li><li class=\"heateorSssSharingRound\"><i style=\"width:35px;height:35px;border-radius:999px;\" alt=\"Instagram\" Title=\"Instagram\" class=\"heateorSssSharing heateorSssInstagramBackground\"><a href=\"https:\/\/www.instagram.com\/\" rel=\"nofollow noopener\" target=\"_blank\"><ss style=\"display:block;border-radius:999px;\" class=\"heateorSssSharingSvg heateorSssInstagramSvg\"><\/ss><\/a><\/i><\/li><li class=\"heateorSssSharingRound\"><i style=\"width:35px;height:35px;border-radius:999px;\" alt=\"Email\" Title=\"Email\" class=\"heateorSssSharing heateorSssEmailBackground\"  onclick=\"window.location.href = 'mailto:?subject=' + decodeURIComponent('Distracciones%20de%20un%20Conductor%20de%20Camion' ).replace('&', '%26') + '&body=' + decodeURIComponent('https%3A%2F%2Fwww.textrial.com%2Fes%2Fareas-de-practica%2Faccidentes-de-camion%2Fdistracciones-de-un-conductor-de-camion%2F' )\"><ss style=\"display:block\" class=\"heateorSssSharingSvg heateorSssEmailSvg\"><\/ss><\/i><\/li><\/ul><div class=\"heateorSssClear\"><\/div><\/div><div class='heateorSssClear'><\/div>","protected":false},"author":1,"featured_media":0,"parent":5330,"menu_order":0,"comment_status":"closed","ping_status":"closed","template":"","meta":{"footnotes":""},"class_list":{"0":"post-5344","1":"page","2":"type-page","3":"status-publish","5":"entry"},"_links":{"self":[{"href":"https:\/\/www.textrial.com\/es\/wp-json\/wp\/v2\/pages\/5344\/"}],"collection":[{"href":"https:\/\/www.textrial.com\/es\/wp-json\/wp\/v2\/pages\/"}],"about":[{"href":"https:\/\/www.textrial.com\/es\/wp-json\/wp\/v2\/types\/page\/"}],"author":[{"embeddable":true,"href":"https:\/\/www.textrial.com\/es\/wp-json\/wp\/v2\/users\/1\/"}],"replies":[{"embeddable":true,"href":"https:\/\/www.textrial.com\/es\/wp-json\/wp\/v2\/comments\/?post=5344"}],"version-history":[{"count":0,"href":"https:\/\/www.textrial.com\/es\/wp-json\/wp\/v2\/pages\/5344\/revisions\/"}],"up":[{"embeddable":true,"href":"https:\/\/www.textrial.com\/es\/wp-json\/wp\/v2\/pages\/5330\/"}],"wp:attachment":[{"href":"https:\/\/www.textrial.com\/es\/wp-json\/wp\/v2\/media\/?parent=5344"}],"curies":[{"name":"wp","href":"https:\/\/api.w.org\/{rel}","templated":true}]}}