{"id":5338,"date":"2019-02-13T10:14:57","date_gmt":"2019-02-13T10:14:57","guid":{"rendered":"https:\/\/www.textrial.com\/areas-de-practica\/accidentes-de-camion\/speeding\/"},"modified":"2019-03-03T07:33:01","modified_gmt":"2019-03-03T07:33:01","slug":"aceleracion-de-camion","status":"publish","type":"page","link":"https:\/\/www.textrial.com\/es\/areas-de-practica\/accidentes-de-camion\/aceleracion-de-camion\/","title":{"rendered":"El exceso de velocidad de camiones y los l\u00edmites de velocidad de camiones"},"content":{"rendered":"<p><img loading=\"lazy\" decoding=\"async\" class=\"alignnone size-featured-banner wp-image-5057\" src=\"https:\/\/www.textrial.com\/wp-content\/uploads\/2019\/02\/speeding-truck-wreck-attorney-dallas-840x280.jpg\" alt=\"\" width=\"840\" height=\"280\" \/><\/p>\n<p>Debido a que los conductores de camiones est\u00e1n en el camino todo el tiempo, es mucho m\u00e1s probable que vayan a acelerar. Ellos pueden pensar que por exceso de velocidad pueden llegar a su destino con mayor rapidez, ingresar m\u00e1s millas en la carretera o terminar su turno en la ma\u00f1ana. La realidad es que el exceso de velocidad deja a otros heridos a causa de la conducta negligente del conductor.<\/p>\n<p>Los conductores en la carretera enfrentan la posibilidad de distraerse casi cada vez que se ponen en frente de un volante.\u00a0 La gente va hablar por el celular, se van a enfocar en cambiar la estaci\u00f3n de radio, ver a otros choferes, comer\u00e1n, o mandaran mensajes de texto. No hay ninguna excusa para un chofer distra\u00eddo, especialmente si se trata de un chofer de camiones.<\/p>\n<h3>\u00bfPorque raz\u00f3n los conductores de cami\u00f3n se distraen tan com\u00fanmente?<\/h3>\n<p>Los conductores de camiones est\u00e1n en la carretera frecuentemente, manejando productos alrededor del pa\u00eds.\u00a0 Desafortunadamente, los conductores se\u00a0 aburren y pierden el enfoque de la carretera, causando un traum\u00e1tico y devastador accidente.<\/p>\n<h3>Algunas distracciones comunes causadas por conductores de cami\u00f3n son:<\/h3>\n<ul>\n<li>Mandando mensajes de texto mientras conduce<\/li>\n<li>Hablar en el tel\u00e9fono celular mientras conduce<\/li>\n<li>Quedarse dormido mientras esta atr\u00e1s del volante<\/li>\n<li>Fatiga en los conductores de camiones<\/li>\n<li>Distracciones causadas por dispositivos de comunicaci\u00f3n internos<\/li>\n<\/ul>\n<p>Necesito un abogado dedicado a naufragios de camiones?<\/p>\n<p>Y le ayudara a educarlo sobre los beneficios disponibles?<\/p>\n<p>Su abogado va a escuchar sus preocupaciones y trabajara a buscar la mejor resoluci\u00f3n con su mejor inter\u00e9s en mente.<\/p>\n<hr \/>\n<h4 class=\"after-post-title\"><strong>Si usted o un miembro de la familia ha sido lesionado en un accidente de cami\u00f3n, tomar medidas oportunas y buscar consejo legal es uno de los pasos m\u00e1s importantes que puede tomar. Contacte con nosotros hoy para una consulta gratuita.<\/strong><\/h4>\n<div class=\"after-post\">\n<p>Programe una consulta inicial gratuita con un miembro de nuestro equipo legal.<\/p>\n<div class=\"first one-half\">\n<h4><a href=\"tel:2147200720\">(214) 720-0720<\/a><\/h4>\n<p>Dallas<\/p>\n<\/div>\n<div class=\"one-half\">\n<h4><a href=\"tel:8009005373\">(800) 900-5373<\/a><\/h4>\n<p>Sin Peaje<\/p>\n<\/div>\n<div class=\"clearfix\"><\/div>\n<\/div>\n","protected":false},"excerpt":{"rendered":"<p>Debido a que los conductores de camiones est\u00e1n en el camino todo el tiempo, es mucho m\u00e1s probable que vayan a acelerar. Ellos pueden pensar que por exceso de velocidad pueden llegar a su destino con mayor rapidez, ingresar m\u00e1s millas en la carretera o terminar su turno en la ma\u00f1ana. La realidad es que<br \/><a class=\"button read-more news-link\" href=\"https:\/\/www.textrial.com\/es\/areas-de-practica\/accidentes-de-camion\/aceleracion-de-camion\/\">LEER M\u00c1S<\/a><\/p>\n<div class='heateorSssClear'><\/div><div style=\"float: right\" class='heateor_sss_sharing_container heateor_sss_horizontal_sharing' heateor-sss-data-href='https:\/\/www.textrial.com\/es\/areas-de-practica\/accidentes-de-camion\/aceleracion-de-camion\/'><div class='heateor_sss_sharing_title' style=\"font-weight:bold\" ><\/div><ul  class=\"heateor_sss_sharing_ul\"><li class=\"heateorSssSharingRound\"><i style=\"width:35px;height:35px;border-radius:999px;\" alt=\"Facebook\" Title=\"Facebook\" class=\"heateorSssSharing heateorSssFacebookBackground\" onclick='heateorSssPopup(\"https:\/\/www.facebook.com\/sharer\/sharer.php?u=https%3A%2F%2Fwww.textrial.com%2Fes%2Fareas-de-practica%2Faccidentes-de-camion%2Faceleracion-de-camion%2F\")'><ss style=\"display:block;border-radius:999px;\" class=\"heateorSssSharingSvg heateorSssFacebookSvg\"><\/ss><\/i><\/li><li class=\"heateorSssSharingRound\"><i style=\"width:35px;height:35px;border-radius:999px;\" alt=\"Linkedin\" Title=\"Linkedin\" class=\"heateorSssSharing heateorSssLinkedinBackground\" onclick='heateorSssPopup(\"http:\/\/www.linkedin.com\/shareArticle?mini=true&url=https%3A%2F%2Fwww.textrial.com%2Fes%2Fareas-de-practica%2Faccidentes-de-camion%2Faceleracion-de-camion%2F&title=El%20exceso%20de%20velocidad%20de%20camiones%20y%20los%20l%C3%ADmites%20de%20velocidad%20de%20camiones\")'><ss style=\"display:block;border-radius:999px;\" class=\"heateorSssSharingSvg heateorSssLinkedinSvg\"><\/ss><\/i><\/li><li class=\"heateorSssSharingRound\"><i style=\"width:35px;height:35px;border-radius:999px;\" alt=\"Twitter\" Title=\"Twitter\" class=\"heateorSssSharing heateorSssTwitterBackground\" onclick='heateorSssPopup(\"http:\/\/twitter.com\/intent\/tweet?text=El%20exceso%20de%20velocidad%20de%20camiones%20y%20los%20l%C3%ADmites%20de%20velocidad%20de%20camiones&url=https%3A%2F%2Fwww.textrial.com%2Fes%2Fareas-de-practica%2Faccidentes-de-camion%2Faceleracion-de-camion%2F\")'><ss style=\"display:block;border-radius:999px;\" class=\"heateorSssSharingSvg heateorSssTwitterSvg\"><\/ss><\/i><\/li><li class=\"heateorSssSharingRound\"><i style=\"width:35px;height:35px;border-radius:999px;\" alt=\"Instagram\" Title=\"Instagram\" class=\"heateorSssSharing heateorSssInstagramBackground\"><a href=\"https:\/\/www.instagram.com\/\" rel=\"nofollow noopener\" target=\"_blank\"><ss style=\"display:block;border-radius:999px;\" class=\"heateorSssSharingSvg heateorSssInstagramSvg\"><\/ss><\/a><\/i><\/li><li class=\"heateorSssSharingRound\"><i style=\"width:35px;height:35px;border-radius:999px;\" alt=\"Email\" Title=\"Email\" class=\"heateorSssSharing heateorSssEmailBackground\"  onclick=\"window.location.href = 'mailto:?subject=' + decodeURIComponent('El%20exceso%20de%20velocidad%20de%20camiones%20y%20los%20l%C3%ADmites%20de%20velocidad%20de%20camiones' ).replace('&', '%26') + '&body=' + decodeURIComponent('https%3A%2F%2Fwww.textrial.com%2Fes%2Fareas-de-practica%2Faccidentes-de-camion%2Faceleracion-de-camion%2F' )\"><ss style=\"display:block\" class=\"heateorSssSharingSvg heateorSssEmailSvg\"><\/ss><\/i><\/li><\/ul><div class=\"heateorSssClear\"><\/div><\/div><div class='heateorSssClear'><\/div>","protected":false},"author":1,"featured_media":0,"parent":5330,"menu_order":0,"comment_status":"closed","ping_status":"closed","template":"","meta":{"footnotes":""},"class_list":{"0":"post-5338","1":"page","2":"type-page","3":"status-publish","5":"entry"},"_links":{"self":[{"href":"https:\/\/www.textrial.com\/es\/wp-json\/wp\/v2\/pages\/5338\/"}],"collection":[{"href":"https:\/\/www.textrial.com\/es\/wp-json\/wp\/v2\/pages\/"}],"about":[{"href":"https:\/\/www.textrial.com\/es\/wp-json\/wp\/v2\/types\/page\/"}],"author":[{"embeddable":true,"href":"https:\/\/www.textrial.com\/es\/wp-json\/wp\/v2\/users\/1\/"}],"replies":[{"embeddable":true,"href":"https:\/\/www.textrial.com\/es\/wp-json\/wp\/v2\/comments\/?post=5338"}],"version-history":[{"count":0,"href":"https:\/\/www.textrial.com\/es\/wp-json\/wp\/v2\/pages\/5338\/revisions\/"}],"up":[{"embeddable":true,"href":"https:\/\/www.textrial.com\/es\/wp-json\/wp\/v2\/pages\/5330\/"}],"wp:attachment":[{"href":"https:\/\/www.textrial.com\/es\/wp-json\/wp\/v2\/media\/?parent=5338"}],"curies":[{"name":"wp","href":"https:\/\/api.w.org\/{rel}","templated":true}]}}