{"id":5327,"date":"2019-02-13T09:56:29","date_gmt":"2019-02-13T09:56:29","guid":{"rendered":"https:\/\/www.textrial.com\/areas-de-practica\/accidentes-automovilisticos\/injured-drunk-driver\/"},"modified":"2019-03-02T09:11:02","modified_gmt":"2019-03-02T09:11:02","slug":"conductores-en-estado-de-embriaguez-dwi","status":"publish","type":"page","link":"https:\/\/www.textrial.com\/es\/areas-de-practica\/accidentes-automovilisticos\/conductores-en-estado-de-embriaguez-dwi\/","title":{"rendered":"Conductores En Estado De Embriaguez (DWI)"},"content":{"rendered":"<p><img loading=\"lazy\" decoding=\"async\" class=\"alignnone size-featured-banner wp-image-4998\" src=\"https:\/\/www.textrial.com\/wp-content\/uploads\/2019\/02\/injured-by-drunk-driver-attorney-dallas-840x280.jpg\" alt=\"\" width=\"840\" height=\"280\" \/><\/p>\n<p>Estos naufragios causan lesiones graves.\u00a0Ha estado involucrado en un accidente que involucra un conductor ebrio, es un mejor inter\u00e9s buscar consejo legal\u00a0 de un abogado con experiencia.<\/p>\n<h3>\u00bfEn qu\u00e9 forma afecta Drunk Driving mi reclamo?<\/h3>\n<p>Cuando cargos de DWI o DUI est\u00e1n involucrados en un reclamo de accidente de coche, es t\u00edpicamente m\u00e1s que otros reclamos de naufragios de auto.\u00a0Nuestros abogados de Dallas que se dedican a casos relacionados con conductores ebrios han tratado y negociado cientos de casos.\u00a0Y trabajaremos muy duro para asegurarnos que obtenga la compensaci\u00f3n que se merece por sus lesiones<\/p>\n<hr \/>\n<h4 class=\"after-post-title\"><strong>\u00bfSe ha lesionado en un accidente automovil\u00edstico causado por un conductor en estado de embriaguez? P\u00f3ngase en contacto con nosotros para programar una consulta inicial gratuita.<\/strong><\/h4>\n<div class=\"after-post\">\n<p>Programe una consulta inicial gratuita con un miembro de nuestro equipo legal.<\/p>\n<div class=\"first one-half\">\n<h4><a href=\"tel:2147200720\">(214) 720-0720<\/a><\/h4>\n<p>Dallas<\/p>\n<\/div>\n<div class=\"one-half\">\n<h4><a href=\"tel:8009005373\">(800) 900-5373<\/a><\/h4>\n<p>Sin Peaje<\/p>\n<\/div>\n<div class=\"clearfix\"><\/div>\n<\/div>\n","protected":false},"excerpt":{"rendered":"<p>Estos naufragios causan lesiones graves.\u00a0Ha estado involucrado en un accidente que involucra un conductor ebrio, es un mejor inter\u00e9s buscar consejo legal\u00a0 de un abogado con experiencia. \u00bfEn qu\u00e9 forma afecta Drunk Driving mi reclamo? Cuando cargos de DWI o DUI est\u00e1n involucrados en un reclamo de accidente de coche, es t\u00edpicamente m\u00e1s que otros<br \/><a class=\"button read-more news-link\" href=\"https:\/\/www.textrial.com\/es\/areas-de-practica\/accidentes-automovilisticos\/conductores-en-estado-de-embriaguez-dwi\/\">LEER M\u00c1S<\/a><\/p>\n<div class='heateorSssClear'><\/div><div style=\"float: right\" class='heateor_sss_sharing_container heateor_sss_horizontal_sharing' heateor-sss-data-href='https:\/\/www.textrial.com\/es\/areas-de-practica\/accidentes-automovilisticos\/conductores-en-estado-de-embriaguez-dwi\/'><div class='heateor_sss_sharing_title' style=\"font-weight:bold\" ><\/div><ul  class=\"heateor_sss_sharing_ul\"><li class=\"heateorSssSharingRound\"><i style=\"width:35px;height:35px;border-radius:999px;\" alt=\"Facebook\" Title=\"Facebook\" class=\"heateorSssSharing heateorSssFacebookBackground\" onclick='heateorSssPopup(\"https:\/\/www.facebook.com\/sharer\/sharer.php?u=https%3A%2F%2Fwww.textrial.com%2Fes%2Fareas-de-practica%2Faccidentes-automovilisticos%2Fconductores-en-estado-de-embriaguez-dwi%2F\")'><ss style=\"display:block;border-radius:999px;\" class=\"heateorSssSharingSvg heateorSssFacebookSvg\"><\/ss><\/i><\/li><li class=\"heateorSssSharingRound\"><i style=\"width:35px;height:35px;border-radius:999px;\" alt=\"Linkedin\" Title=\"Linkedin\" class=\"heateorSssSharing heateorSssLinkedinBackground\" onclick='heateorSssPopup(\"http:\/\/www.linkedin.com\/shareArticle?mini=true&url=https%3A%2F%2Fwww.textrial.com%2Fes%2Fareas-de-practica%2Faccidentes-automovilisticos%2Fconductores-en-estado-de-embriaguez-dwi%2F&title=Conductores%20En%20Estado%20De%20Embriaguez%20%28DWI%29\")'><ss style=\"display:block;border-radius:999px;\" class=\"heateorSssSharingSvg heateorSssLinkedinSvg\"><\/ss><\/i><\/li><li class=\"heateorSssSharingRound\"><i style=\"width:35px;height:35px;border-radius:999px;\" alt=\"Twitter\" Title=\"Twitter\" class=\"heateorSssSharing heateorSssTwitterBackground\" onclick='heateorSssPopup(\"http:\/\/twitter.com\/intent\/tweet?text=Conductores%20En%20Estado%20De%20Embriaguez%20%28DWI%29&url=https%3A%2F%2Fwww.textrial.com%2Fes%2Fareas-de-practica%2Faccidentes-automovilisticos%2Fconductores-en-estado-de-embriaguez-dwi%2F\")'><ss style=\"display:block;border-radius:999px;\" class=\"heateorSssSharingSvg heateorSssTwitterSvg\"><\/ss><\/i><\/li><li class=\"heateorSssSharingRound\"><i style=\"width:35px;height:35px;border-radius:999px;\" alt=\"Instagram\" Title=\"Instagram\" class=\"heateorSssSharing heateorSssInstagramBackground\"><a href=\"https:\/\/www.instagram.com\/\" rel=\"nofollow noopener\" target=\"_blank\"><ss style=\"display:block;border-radius:999px;\" class=\"heateorSssSharingSvg heateorSssInstagramSvg\"><\/ss><\/a><\/i><\/li><li class=\"heateorSssSharingRound\"><i style=\"width:35px;height:35px;border-radius:999px;\" alt=\"Email\" Title=\"Email\" class=\"heateorSssSharing heateorSssEmailBackground\"  onclick=\"window.location.href = 'mailto:?subject=' + decodeURIComponent('Conductores%20En%20Estado%20De%20Embriaguez%20%28DWI%29' ).replace('&', '%26') + '&body=' + decodeURIComponent('https%3A%2F%2Fwww.textrial.com%2Fes%2Fareas-de-practica%2Faccidentes-automovilisticos%2Fconductores-en-estado-de-embriaguez-dwi%2F' )\"><ss style=\"display:block\" class=\"heateorSssSharingSvg heateorSssEmailSvg\"><\/ss><\/i><\/li><\/ul><div class=\"heateorSssClear\"><\/div><\/div><div class='heateorSssClear'><\/div>","protected":false},"author":1,"featured_media":0,"parent":5309,"menu_order":0,"comment_status":"closed","ping_status":"closed","template":"","meta":{"footnotes":""},"class_list":{"0":"post-5327","1":"page","2":"type-page","3":"status-publish","5":"entry"},"_links":{"self":[{"href":"https:\/\/www.textrial.com\/es\/wp-json\/wp\/v2\/pages\/5327\/"}],"collection":[{"href":"https:\/\/www.textrial.com\/es\/wp-json\/wp\/v2\/pages\/"}],"about":[{"href":"https:\/\/www.textrial.com\/es\/wp-json\/wp\/v2\/types\/page\/"}],"author":[{"embeddable":true,"href":"https:\/\/www.textrial.com\/es\/wp-json\/wp\/v2\/users\/1\/"}],"replies":[{"embeddable":true,"href":"https:\/\/www.textrial.com\/es\/wp-json\/wp\/v2\/comments\/?post=5327"}],"version-history":[{"count":0,"href":"https:\/\/www.textrial.com\/es\/wp-json\/wp\/v2\/pages\/5327\/revisions\/"}],"up":[{"embeddable":true,"href":"https:\/\/www.textrial.com\/es\/wp-json\/wp\/v2\/pages\/5309\/"}],"wp:attachment":[{"href":"https:\/\/www.textrial.com\/es\/wp-json\/wp\/v2\/media\/?parent=5327"}],"curies":[{"name":"wp","href":"https:\/\/api.w.org\/{rel}","templated":true}]}}