{"id":5318,"date":"2019-02-13T09:57:34","date_gmt":"2019-02-13T09:57:34","guid":{"rendered":"https:\/\/www.textrial.com\/areas-de-practica\/accidentes-automovilisticos\/pedestrian-accidents\/"},"modified":"2019-03-02T08:59:56","modified_gmt":"2019-03-02T08:59:56","slug":"accidentes-de-peatones","status":"publish","type":"page","link":"https:\/\/www.textrial.com\/es\/areas-de-practica\/accidentes-automovilisticos\/accidentes-de-peatones\/","title":{"rendered":"Accidentes De Peatones"},"content":{"rendered":"<p><img loading=\"lazy\" decoding=\"async\" class=\"alignnone size-featured-banner wp-image-5000\" src=\"https:\/\/www.textrial.com\/wp-content\/uploads\/2019\/02\/pedestrian-accident-attorney-dallas-840x280.jpg\" alt=\"\" width=\"840\" height=\"280\" \/><\/p>\n<p>Las carreteras de Dallas est\u00e1n llenas de conductores, motociclistas, camioneros, ciclistas y peatones. De este grupo, los peatones son los m\u00e1s vulnerables. Mientras que algunos accidentes pueden ocurrir con ninguna persona en falta, muchas veces los peatones son heridos debido a la negligencia de los conductores.<\/p>\n<p>Con m\u00e1s de cuatro d\u00e9cadas de experiencia legal, entendemos que cada demanda de lesi\u00f3n es \u00fanica. Vamos a tomar el tiempo para escuchar su versi\u00f3n de los hechos, y usted recibir\u00e1 la atenci\u00f3n y el compromiso que se merece. Nuestros abogados de accidentes de peatones en Dallas son muy\u00a0<strong>experimentados c<\/strong><b>on el manejo de reclamos que involucran accidentes de peatones:<\/b><\/p>\n<ul>\n<li>Peatones que fueron golpeados al cruzar la carretera o autopista<\/li>\n<li>Accidentes de bicicletas en carriles de bicicletas<\/li>\n<li>Accidentes causado por un conductor que estaba volteando a la derecha en una luz roja que resulto a lastimar a un peat\u00f3n en el paso de peatones<\/li>\n<li>Lesiones de peatones causadas por accidentes por exceso de velocidad<\/li>\n<li>Accidentes causados por conductores distra\u00eddos<\/li>\n<li>Accidentes peatonales que involucran a conductores ebrios<\/li>\n<\/ul>\n<hr \/>\n<h4>Si usted o un ser querido ha sido lesionado en un accidente de peatones, consulte con un abogado acerca de su reclamo tan pronto como sea posible.<\/h4>\n<div class=\"after-post\">\n<p>Programe una consulta inicial gratuita con un miembro de nuestro equipo legal.<\/p>\n<div class=\"first one-half\">\n<h4><a href=\"tel:2147200720\">(214) 720-0720<\/a><\/h4>\n<p>Dallas<\/p>\n<\/div>\n<div class=\"one-half\">\n<h4><a href=\"tel:8009005373\">(800) 900-5373<\/a><\/h4>\n<p>Sin Peaje<\/p>\n<\/div>\n<div class=\"clearfix\"><\/div>\n<\/div>\n","protected":false},"excerpt":{"rendered":"<p>Las carreteras de Dallas est\u00e1n llenas de conductores, motociclistas, camioneros, ciclistas y peatones. De este grupo, los peatones son los m\u00e1s vulnerables. Mientras que algunos accidentes pueden ocurrir con ninguna persona en falta, muchas veces los peatones son heridos debido a la negligencia de los conductores. Con m\u00e1s de cuatro d\u00e9cadas de experiencia legal, entendemos<br \/><a class=\"button read-more news-link\" href=\"https:\/\/www.textrial.com\/es\/areas-de-practica\/accidentes-automovilisticos\/accidentes-de-peatones\/\">LEER M\u00c1S<\/a><\/p>\n<div class='heateorSssClear'><\/div><div style=\"float: right\" class='heateor_sss_sharing_container heateor_sss_horizontal_sharing' heateor-sss-data-href='https:\/\/www.textrial.com\/es\/areas-de-practica\/accidentes-automovilisticos\/accidentes-de-peatones\/'><div class='heateor_sss_sharing_title' style=\"font-weight:bold\" ><\/div><ul  class=\"heateor_sss_sharing_ul\"><li class=\"heateorSssSharingRound\"><i style=\"width:35px;height:35px;border-radius:999px;\" alt=\"Facebook\" Title=\"Facebook\" class=\"heateorSssSharing heateorSssFacebookBackground\" onclick='heateorSssPopup(\"https:\/\/www.facebook.com\/sharer\/sharer.php?u=https%3A%2F%2Fwww.textrial.com%2Fes%2Fareas-de-practica%2Faccidentes-automovilisticos%2Faccidentes-de-peatones%2F\")'><ss style=\"display:block;border-radius:999px;\" class=\"heateorSssSharingSvg heateorSssFacebookSvg\"><\/ss><\/i><\/li><li class=\"heateorSssSharingRound\"><i style=\"width:35px;height:35px;border-radius:999px;\" alt=\"Linkedin\" Title=\"Linkedin\" class=\"heateorSssSharing heateorSssLinkedinBackground\" onclick='heateorSssPopup(\"http:\/\/www.linkedin.com\/shareArticle?mini=true&url=https%3A%2F%2Fwww.textrial.com%2Fes%2Fareas-de-practica%2Faccidentes-automovilisticos%2Faccidentes-de-peatones%2F&title=Accidentes%20De%20Peatones\")'><ss style=\"display:block;border-radius:999px;\" class=\"heateorSssSharingSvg heateorSssLinkedinSvg\"><\/ss><\/i><\/li><li class=\"heateorSssSharingRound\"><i style=\"width:35px;height:35px;border-radius:999px;\" alt=\"Twitter\" Title=\"Twitter\" class=\"heateorSssSharing heateorSssTwitterBackground\" onclick='heateorSssPopup(\"http:\/\/twitter.com\/intent\/tweet?text=Accidentes%20De%20Peatones&url=https%3A%2F%2Fwww.textrial.com%2Fes%2Fareas-de-practica%2Faccidentes-automovilisticos%2Faccidentes-de-peatones%2F\")'><ss style=\"display:block;border-radius:999px;\" class=\"heateorSssSharingSvg heateorSssTwitterSvg\"><\/ss><\/i><\/li><li class=\"heateorSssSharingRound\"><i style=\"width:35px;height:35px;border-radius:999px;\" alt=\"Instagram\" Title=\"Instagram\" class=\"heateorSssSharing heateorSssInstagramBackground\"><a href=\"https:\/\/www.instagram.com\/\" rel=\"nofollow noopener\" target=\"_blank\"><ss style=\"display:block;border-radius:999px;\" class=\"heateorSssSharingSvg heateorSssInstagramSvg\"><\/ss><\/a><\/i><\/li><li class=\"heateorSssSharingRound\"><i style=\"width:35px;height:35px;border-radius:999px;\" alt=\"Email\" Title=\"Email\" class=\"heateorSssSharing heateorSssEmailBackground\"  onclick=\"window.location.href = 'mailto:?subject=' + decodeURIComponent('Accidentes%20De%20Peatones' ).replace('&', '%26') + '&body=' + decodeURIComponent('https%3A%2F%2Fwww.textrial.com%2Fes%2Fareas-de-practica%2Faccidentes-automovilisticos%2Faccidentes-de-peatones%2F' )\"><ss style=\"display:block\" class=\"heateorSssSharingSvg heateorSssEmailSvg\"><\/ss><\/i><\/li><\/ul><div class=\"heateorSssClear\"><\/div><\/div><div class='heateorSssClear'><\/div>","protected":false},"author":1,"featured_media":0,"parent":5309,"menu_order":0,"comment_status":"closed","ping_status":"closed","template":"","meta":{"footnotes":""},"class_list":{"0":"post-5318","1":"page","2":"type-page","3":"status-publish","5":"entry"},"_links":{"self":[{"href":"https:\/\/www.textrial.com\/es\/wp-json\/wp\/v2\/pages\/5318\/"}],"collection":[{"href":"https:\/\/www.textrial.com\/es\/wp-json\/wp\/v2\/pages\/"}],"about":[{"href":"https:\/\/www.textrial.com\/es\/wp-json\/wp\/v2\/types\/page\/"}],"author":[{"embeddable":true,"href":"https:\/\/www.textrial.com\/es\/wp-json\/wp\/v2\/users\/1\/"}],"replies":[{"embeddable":true,"href":"https:\/\/www.textrial.com\/es\/wp-json\/wp\/v2\/comments\/?post=5318"}],"version-history":[{"count":0,"href":"https:\/\/www.textrial.com\/es\/wp-json\/wp\/v2\/pages\/5318\/revisions\/"}],"up":[{"embeddable":true,"href":"https:\/\/www.textrial.com\/es\/wp-json\/wp\/v2\/pages\/5309\/"}],"wp:attachment":[{"href":"https:\/\/www.textrial.com\/es\/wp-json\/wp\/v2\/media\/?parent=5318"}],"curies":[{"name":"wp","href":"https:\/\/api.w.org\/{rel}","templated":true}]}}