{"id":5312,"date":"2019-02-13T09:49:14","date_gmt":"2019-02-13T09:49:14","guid":{"rendered":"https:\/\/www.textrial.com\/areas-de-practica\/accidentes-automovilisticos\/bicycle-accidents\/"},"modified":"2019-03-07T13:31:18","modified_gmt":"2019-03-07T13:31:18","slug":"accidentes-de-bicicleta","status":"publish","type":"page","link":"https:\/\/www.textrial.com\/es\/areas-de-practica\/accidentes-automovilisticos\/accidentes-de-bicicleta\/","title":{"rendered":"Accidentes De Bicicleta"},"content":{"rendered":"<p><img loading=\"lazy\" decoding=\"async\" class=\"alignnone size-featured-banner wp-image-4992\" src=\"https:\/\/www.textrial.com\/wp-content\/uploads\/2019\/02\/bicycle-accident-attorney-dallas-840x280.jpg\" alt=\"\" width=\"840\" height=\"280\" \/><\/p>\n<p>Por ley, las bicicletas en la carretera tienen derecho a los mismos derechos y comparten las mismas responsabilidades que los dem\u00e1s veh\u00edculos, como autom\u00f3viles y camiones. A veces, sin embargo, otros conductores no respetan las leyes y reconocen la presencia de los ciclistas. Cuando un conductor se convierte en negligencia en el camino hacia los ciclistas, pueden producirse accidentes graves.<\/p>\n<h3>Nuestros abogados de bicicletas en Dallas los puede ayudar<\/h3>\n<p>Naufragios que involucran a autom\u00f3viles y bicicletas a menudo resultan en lesiones graves o muerte por negligencia. Es una buena idea contratar a un abogado lo m\u00e1s pronto posible despu\u00e9s de un accidente de este tipo.<\/p>\n<p>Inmediatamente despu\u00e9s del accidente, es probable que despu\u00e9s del choque sea aproximado por una compa\u00f1\u00eda de seguros para que haga una declaraci\u00f3n o aceptar una declaraci\u00f3n. Andes de hablar con el ajustador, hable con un abogado. El abogado defender\u00e1 sus intereses\u00a0 mientras el ajustador solo va a buscar los mejores intereses del negocio.<\/p>\n<p>Sommerman, McCaffity, Quesada &amp; Geisler, L.L.P. ha representado a ciclistas en diferente tipos de reclamos que involucran lesiones compensando con huesos quebrados a la p\u00e9rdida de un ser amado causado por negligencia. Hemos probado y se establecieron cientos de demandas por accidentes de bicicleta, y estamos muy bien informados de la ley, tenemos experiencia en la negociaci\u00f3n con las compa\u00f1\u00edas de seguros y los veteranos en la sala del tribunal.<\/p>\n<hr \/>\n<h2>Si usted tiene alguna duda sobre la presentaci\u00f3n de una demanda por accidente de bicicleta, p\u00f3ngase en <a href=\"\/site\/sommerman?page_id=5528\">contacto<\/a> con nuestra firma hoy.<\/h2>\n<div class=\"after-post\">\n<p>Programe una consulta inicial gratuita con un miembro de nuestro equipo legal.<\/p>\n<div class=\"first one-half\">\n<h4><a href=\"tel:2147200720\">(214) 720-0720<\/a><\/h4>\n<p>Dallas<\/p>\n<\/div>\n<div class=\"one-half\">\n<h4><a href=\"tel:8009005373\">(800) 900-5373<\/a><\/h4>\n<p>Sin Peaje<\/p>\n<\/div>\n<div class=\"clearfix\"><\/div>\n<\/div>\n","protected":false},"excerpt":{"rendered":"<p>Por ley, las bicicletas en la carretera tienen derecho a los mismos derechos y comparten las mismas responsabilidades que los dem\u00e1s veh\u00edculos, como autom\u00f3viles y camiones. A veces, sin embargo, otros conductores no respetan las leyes y reconocen la presencia de los ciclistas. Cuando un conductor se convierte en negligencia en el camino hacia los<br \/><a class=\"button read-more news-link\" href=\"https:\/\/www.textrial.com\/es\/areas-de-practica\/accidentes-automovilisticos\/accidentes-de-bicicleta\/\">LEER M\u00c1S<\/a><\/p>\n<div class='heateorSssClear'><\/div><div style=\"float: right\" class='heateor_sss_sharing_container heateor_sss_horizontal_sharing' heateor-sss-data-href='https:\/\/www.textrial.com\/es\/areas-de-practica\/accidentes-automovilisticos\/accidentes-de-bicicleta\/'><div class='heateor_sss_sharing_title' style=\"font-weight:bold\" ><\/div><ul  class=\"heateor_sss_sharing_ul\"><li class=\"heateorSssSharingRound\"><i style=\"width:35px;height:35px;border-radius:999px;\" alt=\"Facebook\" Title=\"Facebook\" class=\"heateorSssSharing heateorSssFacebookBackground\" onclick='heateorSssPopup(\"https:\/\/www.facebook.com\/sharer\/sharer.php?u=https%3A%2F%2Fwww.textrial.com%2Fes%2Fareas-de-practica%2Faccidentes-automovilisticos%2Faccidentes-de-bicicleta%2F\")'><ss style=\"display:block;border-radius:999px;\" class=\"heateorSssSharingSvg heateorSssFacebookSvg\"><\/ss><\/i><\/li><li class=\"heateorSssSharingRound\"><i style=\"width:35px;height:35px;border-radius:999px;\" alt=\"Linkedin\" Title=\"Linkedin\" class=\"heateorSssSharing heateorSssLinkedinBackground\" onclick='heateorSssPopup(\"http:\/\/www.linkedin.com\/shareArticle?mini=true&url=https%3A%2F%2Fwww.textrial.com%2Fes%2Fareas-de-practica%2Faccidentes-automovilisticos%2Faccidentes-de-bicicleta%2F&title=Accidentes%20De%20Bicicleta\")'><ss style=\"display:block;border-radius:999px;\" class=\"heateorSssSharingSvg heateorSssLinkedinSvg\"><\/ss><\/i><\/li><li class=\"heateorSssSharingRound\"><i style=\"width:35px;height:35px;border-radius:999px;\" alt=\"Twitter\" Title=\"Twitter\" class=\"heateorSssSharing heateorSssTwitterBackground\" onclick='heateorSssPopup(\"http:\/\/twitter.com\/intent\/tweet?text=Accidentes%20De%20Bicicleta&url=https%3A%2F%2Fwww.textrial.com%2Fes%2Fareas-de-practica%2Faccidentes-automovilisticos%2Faccidentes-de-bicicleta%2F\")'><ss style=\"display:block;border-radius:999px;\" class=\"heateorSssSharingSvg heateorSssTwitterSvg\"><\/ss><\/i><\/li><li class=\"heateorSssSharingRound\"><i style=\"width:35px;height:35px;border-radius:999px;\" alt=\"Instagram\" Title=\"Instagram\" class=\"heateorSssSharing heateorSssInstagramBackground\"><a href=\"https:\/\/www.instagram.com\/\" rel=\"nofollow noopener\" target=\"_blank\"><ss style=\"display:block;border-radius:999px;\" class=\"heateorSssSharingSvg heateorSssInstagramSvg\"><\/ss><\/a><\/i><\/li><li class=\"heateorSssSharingRound\"><i style=\"width:35px;height:35px;border-radius:999px;\" alt=\"Email\" Title=\"Email\" class=\"heateorSssSharing heateorSssEmailBackground\"  onclick=\"window.location.href = 'mailto:?subject=' + decodeURIComponent('Accidentes%20De%20Bicicleta' ).replace('&', '%26') + '&body=' + decodeURIComponent('https%3A%2F%2Fwww.textrial.com%2Fes%2Fareas-de-practica%2Faccidentes-automovilisticos%2Faccidentes-de-bicicleta%2F' )\"><ss style=\"display:block\" class=\"heateorSssSharingSvg heateorSssEmailSvg\"><\/ss><\/i><\/li><\/ul><div class=\"heateorSssClear\"><\/div><\/div><div class='heateorSssClear'><\/div>","protected":false},"author":1,"featured_media":0,"parent":5309,"menu_order":0,"comment_status":"closed","ping_status":"closed","template":"","meta":{"footnotes":""},"class_list":{"0":"post-5312","1":"page","2":"type-page","3":"status-publish","5":"entry"},"_links":{"self":[{"href":"https:\/\/www.textrial.com\/es\/wp-json\/wp\/v2\/pages\/5312\/"}],"collection":[{"href":"https:\/\/www.textrial.com\/es\/wp-json\/wp\/v2\/pages\/"}],"about":[{"href":"https:\/\/www.textrial.com\/es\/wp-json\/wp\/v2\/types\/page\/"}],"author":[{"embeddable":true,"href":"https:\/\/www.textrial.com\/es\/wp-json\/wp\/v2\/users\/1\/"}],"replies":[{"embeddable":true,"href":"https:\/\/www.textrial.com\/es\/wp-json\/wp\/v2\/comments\/?post=5312"}],"version-history":[{"count":0,"href":"https:\/\/www.textrial.com\/es\/wp-json\/wp\/v2\/pages\/5312\/revisions\/"}],"up":[{"embeddable":true,"href":"https:\/\/www.textrial.com\/es\/wp-json\/wp\/v2\/pages\/5309\/"}],"wp:attachment":[{"href":"https:\/\/www.textrial.com\/es\/wp-json\/wp\/v2\/media\/?parent=5312"}],"curies":[{"name":"wp","href":"https:\/\/api.w.org\/{rel}","templated":true}]}}