{"id":5309,"date":"2019-02-13T09:45:45","date_gmt":"2019-02-13T09:45:45","guid":{"rendered":"https:\/\/www.textrial.com\/areas-de-practica\/dallas-car-wreck-attorneys\/"},"modified":"2019-03-06T11:12:25","modified_gmt":"2019-03-06T11:12:25","slug":"accidentes-automovilisticos","status":"publish","type":"page","link":"https:\/\/www.textrial.com\/es\/areas-de-practica\/accidentes-automovilisticos\/","title":{"rendered":"Accidentes Automovil\u00edsticos"},"content":{"rendered":"<p><img loading=\"lazy\" decoding=\"async\" class=\"alignnone size-featured-banner wp-image-4990\" src=\"https:\/\/www.textrial.com\/wp-content\/uploads\/2019\/02\/car-wreck-attorney-dallas-840x280.jpg\" alt=\"\" width=\"840\" height=\"280\" \/><\/p>\n<p>Despu\u00e9s de ser herido en un accidente de coche, la mayor\u00eda de las persona se hacen ver r\u00e1pidamente frustrado al intentar negociar no s\u00f3lo con la compa\u00f1\u00eda de seguros de autom\u00f3vil del otro conductor, Sino tambi\u00e9n su propia, para obtener un reembolso por los gastos m\u00e9dicos y p\u00e9rdida de ingresos como resultado del accidente de carro. Los ajustadores a menudo tratan de llegar a una cantidad r\u00e1pidamente, por lo general la cantidad es muy poco comparado a lo que se merece basado en el alcance de sus lesiones.<\/p>\n<p>Nuestros abogados de accidente de tr\u00e1fico en Dallas actuaran como su representante y portavoz, reunir\u00e1n toda la documentaci\u00f3n necesaria se comunicaran con los ajustadores para llegar a un acuerdo justo y razonable.<\/p>\n<p><img loading=\"lazy\" decoding=\"async\" class=\"alignnone size-full wp-image-5173\" src=\"https:\/\/www.textrial.com\/wp-content\/uploads\/2019\/02\/SMQ_0395.jpg\" alt=\"\" width=\"1200\" height=\"800\" srcset=\"https:\/\/www.textrial.com\/wp-content\/uploads\/2019\/02\/SMQ_0395.jpg 1200w, https:\/\/www.textrial.com\/wp-content\/uploads\/2019\/02\/SMQ_0395-300x200.jpg 300w, https:\/\/www.textrial.com\/wp-content\/uploads\/2019\/02\/SMQ_0395-768x512.jpg 768w, https:\/\/www.textrial.com\/wp-content\/uploads\/2019\/02\/SMQ_0395-1024x683.jpg 1024w\" sizes=\"auto, (max-width: 1200px) 100vw, 1200px\" \/><\/p>\n<p>Si esos esfuerzos no tienen \u00e9xito\u00a0<b>presentaremos<\/b>\u00a0una demanda en su nombre y\u00a0<b>trabajaremos\u00a0<\/b>a trav\u00e9s del sistema judicial para que su caso sea resuelto. Entendemos que cada\u00a0<b>reclamo es \u00fanico, y adaptaremos<\/b>\u00a0nuestros servicios para satisfacer las necesidades individuales de nuestros clientes.<\/p>\n<p>Nuestros abogados de accidente de tr\u00e1fico en Dallas tienen una amplia experiencia en el manejo de demandas por lesiones al resultado de autom\u00f3viles siniestros.\u00a0Nosotros entendemos que en unos instantes los tratamientos m\u00e9dicos duran tiempo y requieren tratamiento continuo. Trabajaremos para que todo el tratamiento sea considerado cuando estemos negociando su recuperaci\u00f3n.<\/p>\n<ul>\n<li><a href=\"\/site\/sommerman?page_id=5315\"><strong>Pecios de motos<\/strong><\/a>: Representamos pilotos en todo el Estado de Texas que han sido heridos como resultado de la negligencia de otro conductor. Nuestra firma le ayudar\u00e1 a obtener compensaci\u00f3n por sus lesiones.<\/li>\n<li><strong><a href=\"\/site\/sommerman?page_id=5324\">Sin seguro \/ seguro insuficiente automovilista reclamos<\/a><\/strong>: A veces, el otro conductor no tiene suficiente (o alguna) cobertura de seguro de autom\u00f3vil para que pueda ser plenamente compensado por sus da\u00f1os. Puede haber otras opciones, que pueden incluir la utilizaci\u00f3n de su propia cobertura de seguro de autom\u00f3vil. Nuestros abogados investigar\u00e1n todas las opciones disponibles para asegurar a recuperar todo lo que est\u00e1 disponible para compensarle por su p\u00e9rdida.<\/li>\n<li><a href=\"\/site\/sommerman?page_id=5318\"><strong>Accidentes de peatones<\/strong><\/a>: Con frecuencia representamos peatones que han sido heridos en los pasos de peatones u otras \u00e1reas de un acto de negligencia por un conductor.<\/li>\n<li><a href=\"\/site\/sommerman?page_id=5312\"><strong>Los accidentes de bicicleta<\/strong><\/a>: Nuestra firma ha representado a muchos ciclistas en reclamos por lesiones menores y significativas.<\/li>\n<li><a href=\"\/site\/sommerman?page_id=5321\"><strong>Herido por conductor distra\u00eddo<\/strong><\/a>: Cuando un conductor se niega a prestar atenci\u00f3n a la carretera, las posibilidades de un accidente son mucho mayores. Tenemos especial experiencia con estas afirmaciones.<\/li>\n<li><a href=\"\/site\/sommerman?page_id=5327\"><strong>Herido por conducir ebrio<\/strong><\/a>: Nuestros abogados representan a las v\u00edctimas lesionadas, as\u00ed como las familias que han perdido a sus seres queridos en naufragio conducir ebrio.<\/li>\n<\/ul>\n<hr \/>\n<h2>Si usted es v\u00edctima de un accidente de coche y con necesidad de orientaci\u00f3n, en contacto con nosotros hoy para su consulta gratuita.<\/h2>\n<div class=\"after-post\">\n<p>Programe una consulta inicial gratuita con un miembro de nuestro equipo legal.<\/p>\n<div class=\"first one-half\">\n<h4><a href=\"tel:2147200720\">(214) 720-0720<\/a><\/h4>\n<p>Dallas<\/p>\n<\/div>\n<div class=\"one-half\">\n<h4><a href=\"tel:8009005373\">(800) 900-5373<\/a><\/h4>\n<p>Sin Peaje<\/p>\n<\/div>\n<div class=\"clearfix\"><\/div>\n<\/div>\n","protected":false},"excerpt":{"rendered":"<p>Despu\u00e9s de ser herido en un accidente de coche, la mayor\u00eda de las persona se hacen ver r\u00e1pidamente frustrado al intentar negociar no s\u00f3lo con la compa\u00f1\u00eda de seguros de autom\u00f3vil del otro conductor, Sino tambi\u00e9n su propia, para obtener un reembolso por los gastos m\u00e9dicos y p\u00e9rdida de ingresos como resultado del accidente de<br \/><a class=\"button read-more news-link\" href=\"https:\/\/www.textrial.com\/es\/areas-de-practica\/accidentes-automovilisticos\/\">LEER M\u00c1S<\/a><\/p>\n<div class='heateorSssClear'><\/div><div style=\"float: right\" class='heateor_sss_sharing_container heateor_sss_horizontal_sharing' heateor-sss-data-href='https:\/\/www.textrial.com\/es\/areas-de-practica\/accidentes-automovilisticos\/'><div class='heateor_sss_sharing_title' style=\"font-weight:bold\" ><\/div><ul  class=\"heateor_sss_sharing_ul\"><li class=\"heateorSssSharingRound\"><i style=\"width:35px;height:35px;border-radius:999px;\" alt=\"Facebook\" Title=\"Facebook\" class=\"heateorSssSharing heateorSssFacebookBackground\" onclick='heateorSssPopup(\"https:\/\/www.facebook.com\/sharer\/sharer.php?u=https%3A%2F%2Fwww.textrial.com%2Fes%2Fareas-de-practica%2Faccidentes-automovilisticos%2F\")'><ss style=\"display:block;border-radius:999px;\" class=\"heateorSssSharingSvg heateorSssFacebookSvg\"><\/ss><\/i><\/li><li class=\"heateorSssSharingRound\"><i style=\"width:35px;height:35px;border-radius:999px;\" alt=\"Linkedin\" Title=\"Linkedin\" class=\"heateorSssSharing heateorSssLinkedinBackground\" onclick='heateorSssPopup(\"http:\/\/www.linkedin.com\/shareArticle?mini=true&url=https%3A%2F%2Fwww.textrial.com%2Fes%2Fareas-de-practica%2Faccidentes-automovilisticos%2F&title=Accidentes%20Automovil%C3%ADsticos\")'><ss style=\"display:block;border-radius:999px;\" class=\"heateorSssSharingSvg heateorSssLinkedinSvg\"><\/ss><\/i><\/li><li class=\"heateorSssSharingRound\"><i style=\"width:35px;height:35px;border-radius:999px;\" alt=\"Twitter\" Title=\"Twitter\" class=\"heateorSssSharing heateorSssTwitterBackground\" onclick='heateorSssPopup(\"http:\/\/twitter.com\/intent\/tweet?text=Accidentes%20Automovil%C3%ADsticos&url=https%3A%2F%2Fwww.textrial.com%2Fes%2Fareas-de-practica%2Faccidentes-automovilisticos%2F\")'><ss style=\"display:block;border-radius:999px;\" class=\"heateorSssSharingSvg heateorSssTwitterSvg\"><\/ss><\/i><\/li><li class=\"heateorSssSharingRound\"><i style=\"width:35px;height:35px;border-radius:999px;\" alt=\"Instagram\" Title=\"Instagram\" class=\"heateorSssSharing heateorSssInstagramBackground\"><a href=\"https:\/\/www.instagram.com\/\" rel=\"nofollow noopener\" target=\"_blank\"><ss style=\"display:block;border-radius:999px;\" class=\"heateorSssSharingSvg heateorSssInstagramSvg\"><\/ss><\/a><\/i><\/li><li class=\"heateorSssSharingRound\"><i style=\"width:35px;height:35px;border-radius:999px;\" alt=\"Email\" Title=\"Email\" class=\"heateorSssSharing heateorSssEmailBackground\"  onclick=\"window.location.href = 'mailto:?subject=' + decodeURIComponent('Accidentes%20Automovil%C3%ADsticos' ).replace('&', '%26') + '&body=' + decodeURIComponent('https%3A%2F%2Fwww.textrial.com%2Fes%2Fareas-de-practica%2Faccidentes-automovilisticos%2F' )\"><ss style=\"display:block\" class=\"heateorSssSharingSvg heateorSssEmailSvg\"><\/ss><\/i><\/li><\/ul><div class=\"heateorSssClear\"><\/div><\/div><div class='heateorSssClear'><\/div>","protected":false},"author":1,"featured_media":0,"parent":5305,"menu_order":0,"comment_status":"closed","ping_status":"closed","template":"","meta":{"footnotes":""},"class_list":{"0":"post-5309","1":"page","2":"type-page","3":"status-publish","5":"entry"},"_links":{"self":[{"href":"https:\/\/www.textrial.com\/es\/wp-json\/wp\/v2\/pages\/5309\/"}],"collection":[{"href":"https:\/\/www.textrial.com\/es\/wp-json\/wp\/v2\/pages\/"}],"about":[{"href":"https:\/\/www.textrial.com\/es\/wp-json\/wp\/v2\/types\/page\/"}],"author":[{"embeddable":true,"href":"https:\/\/www.textrial.com\/es\/wp-json\/wp\/v2\/users\/1\/"}],"replies":[{"embeddable":true,"href":"https:\/\/www.textrial.com\/es\/wp-json\/wp\/v2\/comments\/?post=5309"}],"version-history":[{"count":0,"href":"https:\/\/www.textrial.com\/es\/wp-json\/wp\/v2\/pages\/5309\/revisions\/"}],"up":[{"embeddable":true,"href":"https:\/\/www.textrial.com\/es\/wp-json\/wp\/v2\/pages\/5305\/"}],"wp:attachment":[{"href":"https:\/\/www.textrial.com\/es\/wp-json\/wp\/v2\/media\/?parent=5309"}],"curies":[{"name":"wp","href":"https:\/\/api.w.org\/{rel}","templated":true}]}}