{"id":5305,"date":"2019-02-13T03:10:18","date_gmt":"2019-02-13T03:10:18","guid":{"rendered":"https:\/\/www.textrial.com\/practice-areas\/"},"modified":"2019-03-20T07:05:44","modified_gmt":"2019-03-20T07:05:44","slug":"areas-de-practica","status":"publish","type":"page","link":"https:\/\/www.textrial.com\/es\/areas-de-practica\/","title":{"rendered":"Pr\u00e1ctica"},"content":{"rendered":"<article class=\"practice-area one-half first\"><img loading=\"lazy\" decoding=\"async\" class=\"practice-icon\" src=\"https:\/\/www.textrial.com\/wp-content\/uploads\/2019\/02\/icon-commercial.png\" alt=\"\" width=\"99\" height=\"99\" \/><\/p>\n<h4><a href=\"\/site\/sommerman?page_id=4811\" rel=\"bookmark\">Litigios De Negocios<\/a><\/h4>\n<ul>\n<li class=\"child-first\"><a href=\"\/site\/sommerman?page_id=4812\" rel=\"bookmark\">Incumplimiento de Contrato<\/a><\/li>\n<li class=\"child-first\"><a href=\"\/site\/sommerman?page_id=4815\" rel=\"bookmark\">Competencia Desleal<\/a><\/li>\n<li class=\"child-first\"><a href=\"\/site\/sommerman?page_id=4814\" rel=\"bookmark\">Disputas de Accionistas<\/a><\/li>\n<li class=\"child-first\"><a href=\"\/site\/sommerman?page_id=4813\" rel=\"bookmark\">Mal Manejo Administrativo<\/a><\/li>\n<\/ul>\n<\/article>\n<article class=\"practice-area one-half\"><img loading=\"lazy\" decoding=\"async\" class=\"practice-icon\" src=\"https:\/\/www.textrial.com\/wp-content\/uploads\/2019\/02\/icon-catastrophic.png\" alt=\"\" width=\"99\" height=\"99\" \/><\/p>\n<h4><a href=\"\/site\/sommerman?page_id=4823\" rel=\"bookmark\">Otras Lesiones Catastr\u00f3ficas<\/a><\/h4>\n<ul>\n<li class=\"child-first\"><a href=\"\/site\/sommerman?page_id=4824\" rel=\"bookmark\">Accidentes de Navegaci\u00f3n<\/a><\/li>\n<li class=\"child-first\"><a href=\"\/site\/sommerman?page_id=4825\" rel=\"bookmark\">Lesiones Cerebraless<\/a><\/li>\n<li class=\"child-first\"><a href=\"\/site\/sommerman?page_id=4826\" rel=\"bookmark\">Lesiones por Quemaduras<\/a><\/li>\n<li class=\"child-first\"><a href=\"\/site\/sommerman?page_id=4830\" rel=\"bookmark\">Ca\u00eddas y Resbalones en el Lugar de Trabajo<\/a><\/li>\n<li class=\"child-first\"><a href=\"\/site\/sommerman?page_id=4831\" rel=\"bookmark\">Explosiones De Tuberias De Gas Natural<\/a><\/li>\n<li class=\"child-first\"><a href=\"\/site\/sommerman?page_id=4832\" rel=\"bookmark\">Litigios de Seguros<\/a>\n<ul>\n<li class=\"child-second\"><a href=\"\/site\/sommerman?page_id=4833\" rel=\"bookmark\">P\u00f3lizas de Autom\u00f3viles<\/a><\/li>\n<li class=\"child-second\"><a href=\"\/site\/sommerman?page_id=4834\" rel=\"bookmark\">P\u00f3lizas Generales de Responsabilidad Comercial<\/a><\/li>\n<\/ul>\n<\/li>\n<li class=\"child-first\"><a href=\"\/site\/sommerman?page_id=4835\" rel=\"bookmark\">Responsabilidad Locativa<\/a><\/li>\n<li class=\"child-first\"><a href=\"\/site\/sommerman?page_id=4836\" rel=\"bookmark\">Lesiones de M\u00e9dula Espinal<\/a><\/li>\n<li class=\"child-first\"><a href=\"\/site\/sommerman?page_id=4827\" rel=\"bookmark\">Muerte Injusta<\/a>\n<ul>\n<li class=\"child-second\"><a href=\"\/site\/sommerman?page_id=4829\" rel=\"bookmark\">Muerte En El Area De Trabajo<\/a><\/li>\n<li class=\"child-second\"><a href=\"\/site\/sommerman?page_id=4828\" rel=\"bookmark\">Muerte por Accidente de Transito<\/a><\/li>\n<\/ul>\n<\/li>\n<\/ul>\n<\/article>\n<article class=\"practice-area one-half first\"><img loading=\"lazy\" decoding=\"async\" class=\"practice-icon\" src=\"https:\/\/www.textrial.com\/wp-content\/uploads\/2019\/02\/icon-oilfield.png\" alt=\"\" width=\"99\" height=\"99\" \/><\/p>\n<h4><a href=\"\/site\/sommerman?page_id=4845\" rel=\"bookmark\">Lesiones por causa del Oilfield y Construcci\u00f3n<\/a><\/h4>\n<ul>\n<li class=\"child-first\"><a href=\"\/site\/sommerman?page_id=4848\" rel=\"bookmark\">Lesiones en el campo petrol\u00edfero<\/a><\/li>\n<li class=\"child-first\"><a href=\"\/site\/sommerman?page_id=4847\" rel=\"bookmark\">Muertes en Campos Petroleros<\/a><\/li>\n<li class=\"child-first\"><a href=\"\/site\/sommerman?page_id=4849\" rel=\"bookmark\">Colapse De Zanjas<\/a><\/li>\n<li class=\"child-first\"><a href=\"\/site\/sommerman?page_id=4846\" rel=\"bookmark\">Accidentes en Construccion<\/a><\/li>\n<\/ul>\n<\/article>\n<article class=\"practice-area one-half\"><img loading=\"lazy\" decoding=\"async\" class=\"practice-icon\" src=\"https:\/\/www.textrial.com\/wp-content\/uploads\/2019\/02\/icon-truck.png\" alt=\"\" width=\"99\" height=\"99\" \/><\/p>\n<h4><a href=\"\/site\/sommerman?page_id=4837\" rel=\"bookmark\">Accidentes De Camion<\/a><\/h4>\n<ul>\n<li class=\"child-first\"><a href=\"\/site\/sommerman?page_id=4838\" rel=\"bookmark\">Accidente De Camion Tractor<\/a><\/li>\n<li class=\"child-first\"><a href=\"\/site\/sommerman?page_id=4844\" rel=\"bookmark\">Accidentes De Camion Por Conductores Fatigados<\/a><\/li>\n<li class=\"child-first\"><a href=\"\/site\/sommerman?page_id=4839\" rel=\"bookmark\">Violacion De Libro De Registro Por Conductores De Camion<\/a><\/li>\n<li class=\"child-first\"><a href=\"\/site\/sommerman?page_id=4841\" rel=\"bookmark\">Camiones Con Sobrepeso<\/a><\/li>\n<li class=\"child-first\"><a href=\"\/site\/sommerman?page_id=4842\" rel=\"bookmark\">El exceso de velocidad de camiones y los l\u00edmites de velocidad de camiones<\/a><\/li>\n<li class=\"child-first\"><a href=\"\/site\/sommerman?page_id=4843\" rel=\"bookmark\">Distracciones de un Conductor de Camion<\/a><\/li>\n<li class=\"child-first\"><a href=\"\/site\/sommerman?page_id=4840\" rel=\"bookmark\">Tormentas de Hielo<\/a><\/li>\n<\/ul>\n<\/article>\n<article class=\"practice-area one-half first\"><img loading=\"lazy\" decoding=\"async\" class=\"practice-icon\" src=\"https:\/\/www.textrial.com\/wp-content\/uploads\/2019\/02\/icon-car.png\" alt=\"\" width=\"99\" height=\"99\" \/><\/p>\n<h4><a href=\"\/site\/sommerman?page_id=4816\" rel=\"bookmark\">Accidentes Automovil\u00edsticos<\/a><\/h4>\n<ul>\n<li class=\"child-first\"><a href=\"\/site\/sommerman?page_id=4818\" rel=\"bookmark\">Accidentes de Motocicleta<\/a><\/li>\n<li class=\"child-first\"><a href=\"\/site\/sommerman?page_id=4822\" rel=\"bookmark\">Cobertura Para Conductores Sin Seguro<\/a><\/li>\n<li class=\"child-first\"><a href=\"\/site\/sommerman?page_id=4821\" rel=\"bookmark\">Accidentes De Peatones<\/a><\/li>\n<li class=\"child-first\"><a href=\"\/site\/sommerman?page_id=4817\" rel=\"bookmark\">Accidentes De Bicicleta<\/a><\/li>\n<li class=\"child-first\"><a href=\"\/site\/sommerman?page_id=4819\" rel=\"bookmark\">Accidentes por Env\u00edos de Mensajes de Texto<\/a><\/li>\n<li class=\"child-first\"><a href=\"\/site\/sommerman?page_id=4820\" rel=\"bookmark\">Conductores En Estado De Embriaguez (DWI)<\/a><\/li>\n<\/ul>\n<\/article>\n<article class=\"practice-area one-half\"><img loading=\"lazy\" decoding=\"async\" class=\"practice-icon\" src=\"https:\/\/www.textrial.com\/wp-content\/uploads\/2019\/02\/icon-medical.png\" alt=\"\" width=\"99\" height=\"99\" \/><\/p>\n<h4><a href=\"\/site\/sommerman?page_id=4850\" rel=\"bookmark\">Farmacia y Productos Sanitarios<\/a><\/h4>\n<ul>\n<li class=\"child-first\"><a href=\"\/site\/sommerman?page_id=4851\" rel=\"bookmark\">Litigio Por Drogas<\/a><\/li>\n<li class=\"child-first\"><a href=\"\/site\/sommerman?page_id=4852\" rel=\"bookmark\">Litigos por Xarelto<\/a><\/li>\n<\/ul>\n<\/article>\n","protected":false},"excerpt":{"rendered":"<p>Litigios De Negocios Incumplimiento de Contrato Competencia Desleal Disputas de Accionistas Mal Manejo Administrativo Otras Lesiones Catastr\u00f3ficas Accidentes de Navegaci\u00f3n Lesiones Cerebraless Lesiones por Quemaduras Ca\u00eddas y Resbalones en el Lugar de Trabajo Explosiones De Tuberias De Gas Natural Litigios de Seguros P\u00f3lizas de Autom\u00f3viles P\u00f3lizas Generales de Responsabilidad Comercial Responsabilidad Locativa Lesiones de M\u00e9dula<br \/><a class=\"button read-more news-link\" href=\"https:\/\/www.textrial.com\/es\/areas-de-practica\/\">LEER M\u00c1S<\/a><\/p>\n<div class='heateorSssClear'><\/div><div style=\"float: right\" class='heateor_sss_sharing_container heateor_sss_horizontal_sharing' heateor-sss-data-href='https:\/\/www.textrial.com\/es\/areas-de-practica\/'><div class='heateor_sss_sharing_title' style=\"font-weight:bold\" ><\/div><ul  class=\"heateor_sss_sharing_ul\"><li class=\"heateorSssSharingRound\"><i style=\"width:35px;height:35px;border-radius:999px;\" alt=\"Facebook\" Title=\"Facebook\" class=\"heateorSssSharing heateorSssFacebookBackground\" onclick='heateorSssPopup(\"https:\/\/www.facebook.com\/sharer\/sharer.php?u=https%3A%2F%2Fwww.textrial.com%2Fes%2Fareas-de-practica%2F\")'><ss style=\"display:block;border-radius:999px;\" class=\"heateorSssSharingSvg heateorSssFacebookSvg\"><\/ss><\/i><\/li><li class=\"heateorSssSharingRound\"><i style=\"width:35px;height:35px;border-radius:999px;\" alt=\"Linkedin\" Title=\"Linkedin\" class=\"heateorSssSharing heateorSssLinkedinBackground\" onclick='heateorSssPopup(\"http:\/\/www.linkedin.com\/shareArticle?mini=true&url=https%3A%2F%2Fwww.textrial.com%2Fes%2Fareas-de-practica%2F&title=Pr%C3%A1ctica\")'><ss style=\"display:block;border-radius:999px;\" class=\"heateorSssSharingSvg heateorSssLinkedinSvg\"><\/ss><\/i><\/li><li class=\"heateorSssSharingRound\"><i style=\"width:35px;height:35px;border-radius:999px;\" alt=\"Twitter\" Title=\"Twitter\" class=\"heateorSssSharing heateorSssTwitterBackground\" onclick='heateorSssPopup(\"http:\/\/twitter.com\/intent\/tweet?text=Pr%C3%A1ctica&url=https%3A%2F%2Fwww.textrial.com%2Fes%2Fareas-de-practica%2F\")'><ss style=\"display:block;border-radius:999px;\" class=\"heateorSssSharingSvg heateorSssTwitterSvg\"><\/ss><\/i><\/li><li class=\"heateorSssSharingRound\"><i style=\"width:35px;height:35px;border-radius:999px;\" alt=\"Instagram\" Title=\"Instagram\" class=\"heateorSssSharing heateorSssInstagramBackground\"><a href=\"https:\/\/www.instagram.com\/\" rel=\"nofollow noopener\" target=\"_blank\"><ss style=\"display:block;border-radius:999px;\" class=\"heateorSssSharingSvg heateorSssInstagramSvg\"><\/ss><\/a><\/i><\/li><li class=\"heateorSssSharingRound\"><i style=\"width:35px;height:35px;border-radius:999px;\" alt=\"Email\" Title=\"Email\" class=\"heateorSssSharing heateorSssEmailBackground\"  onclick=\"window.location.href = 'mailto:?subject=' + decodeURIComponent('Pr%C3%A1ctica' ).replace('&', '%26') + '&body=' + decodeURIComponent('https%3A%2F%2Fwww.textrial.com%2Fes%2Fareas-de-practica%2F' )\"><ss style=\"display:block\" class=\"heateorSssSharingSvg heateorSssEmailSvg\"><\/ss><\/i><\/li><\/ul><div class=\"heateorSssClear\"><\/div><\/div><div class='heateorSssClear'><\/div>","protected":false},"author":1,"featured_media":0,"parent":0,"menu_order":0,"comment_status":"closed","ping_status":"closed","template":"","meta":{"footnotes":""},"class_list":{"0":"post-5305","1":"page","2":"type-page","3":"status-publish","5":"entry"},"_links":{"self":[{"href":"https:\/\/www.textrial.com\/es\/wp-json\/wp\/v2\/pages\/5305\/"}],"collection":[{"href":"https:\/\/www.textrial.com\/es\/wp-json\/wp\/v2\/pages\/"}],"about":[{"href":"https:\/\/www.textrial.com\/es\/wp-json\/wp\/v2\/types\/page\/"}],"author":[{"embeddable":true,"href":"https:\/\/www.textrial.com\/es\/wp-json\/wp\/v2\/users\/1\/"}],"replies":[{"embeddable":true,"href":"https:\/\/www.textrial.com\/es\/wp-json\/wp\/v2\/comments\/?post=5305"}],"version-history":[{"count":0,"href":"https:\/\/www.textrial.com\/es\/wp-json\/wp\/v2\/pages\/5305\/revisions\/"}],"wp:attachment":[{"href":"https:\/\/www.textrial.com\/es\/wp-json\/wp\/v2\/media\/?parent=5305"}],"curies":[{"name":"wp","href":"https:\/\/api.w.org\/{rel}","templated":true}]}}