{"id":5258,"date":"2019-02-13T03:08:28","date_gmt":"2019-02-13T03:08:28","guid":{"rendered":"https:\/\/www.textrial.com\/attorneys\/"},"modified":"2019-03-07T13:29:32","modified_gmt":"2019-03-07T13:29:32","slug":"abogados","status":"publish","type":"page","link":"https:\/\/www.textrial.com\/es\/abogados\/","title":{"rendered":"Abogados"},"content":{"rendered":"<div class=\"attorney-box\">\n<div class=\"one-fourth first\"><a class=\"entry-image-link\" tabindex=\"-1\" href=\"\/site\/sommerman?page_id=4805\" aria-hidden=\"true\"><img loading=\"lazy\" decoding=\"async\" class=\"alignnone size-medium wp-image-4778\" src=\"https:\/\/www.textrial.com\/wp-content\/uploads\/2019\/02\/Sommerman_AndrewBSommerman_HS-240x300.jpg\" alt=\"\" width=\"240\" height=\"300\" srcset=\"https:\/\/www.textrial.com\/wp-content\/uploads\/2019\/02\/Sommerman_AndrewBSommerman_HS-240x300.jpg 240w, https:\/\/www.textrial.com\/wp-content\/uploads\/2019\/02\/Sommerman_AndrewBSommerman_HS-768x960.jpg 768w, https:\/\/www.textrial.com\/wp-content\/uploads\/2019\/02\/Sommerman_AndrewBSommerman_HS.jpg 819w\" sizes=\"auto, (max-width: 240px) 100vw, 240px\" \/><\/a><\/div>\n<div class=\"three-fourths\">\n<h4><a class=\"entry-title-link\" href=\"\/site\/sommerman?page_id=4805\" rel=\"bookmark\">Andrew B. Sommerman<\/a><\/h4>\n<div class=\"entry-content\">\n<p>Andrew Sommerman representa a clientes en casos de lesiones personales. Un abogado con mucha experiencia, Andrew se especializa en lesiones catastr\u00f3ficas, muerte injusta, y los casos de productos defectuosos.<\/p>\n<p><a class=\"news-link button\" href=\"\/site\/sommerman?page_id=4805\">LEER M\u00c1S<\/a><\/p>\n<\/div>\n<\/div>\n<\/div>\n<hr \/>\n<div class=\"attorney-box\">\n<div class=\"one-fourth first\"><a class=\"entry-image-link\" tabindex=\"-1\" href=\"\/site\/sommerman?page_id=4806\" aria-hidden=\"true\"><img loading=\"lazy\" decoding=\"async\" class=\"alignnone size-medium wp-image-4779\" src=\"https:\/\/www.textrial.com\/wp-content\/uploads\/2019\/02\/Sommerman_GeorgeTexQuesada_HS-240x300.jpg\" alt=\"\" width=\"240\" height=\"300\" srcset=\"https:\/\/www.textrial.com\/wp-content\/uploads\/2019\/02\/Sommerman_GeorgeTexQuesada_HS-240x300.jpg 240w, https:\/\/www.textrial.com\/wp-content\/uploads\/2019\/02\/Sommerman_GeorgeTexQuesada_HS-768x960.jpg 768w, https:\/\/www.textrial.com\/wp-content\/uploads\/2019\/02\/Sommerman_GeorgeTexQuesada_HS.jpg 819w\" sizes=\"auto, (max-width: 240px) 100vw, 240px\" \/><\/a><\/div>\n<div class=\"three-fourths\">\n<h4><a class=\"entry-title-link\" href=\"\/site\/sommerman?page_id=4806\" rel=\"bookmark\">George (Tex) Quesada<\/a><\/h4>\n<div class=\"entry-content\">\n<p>George (Tex) Quesada representa a clientes de lesiones personales a trav\u00e9s de Texas y Nuevo M\u00e9xico. \u00c9l ha manejado con \u00e9xito casos de lesiones cerebrales traum\u00e1ticas, explosiones, lesiones en campos petroleros, restos de naufragios de camiones, negligencia m\u00e9dica y productos de pasivo.<\/p>\n<p><a class=\"news-link button\" href=\"\/site\/sommerman?page_id=4806\">LEER M\u00c1S<\/a><\/p>\n<\/div>\n<\/div>\n<\/div>\n<hr \/>\n<div class=\"attorney-box\">\n<div class=\"one-fourth first\"><a class=\"entry-image-link\" tabindex=\"-1\" href=\"\/site\/sommerman?page_id=4810\" aria-hidden=\"true\"><img loading=\"lazy\" decoding=\"async\" class=\"alignnone size-medium wp-image-4783\" src=\"https:\/\/www.textrial.com\/wp-content\/uploads\/2019\/02\/Sommerman_SeanMcCaffity_HS-240x300.jpg\" alt=\"\" width=\"240\" height=\"300\" srcset=\"https:\/\/www.textrial.com\/wp-content\/uploads\/2019\/02\/Sommerman_SeanMcCaffity_HS-240x300.jpg 240w, https:\/\/www.textrial.com\/wp-content\/uploads\/2019\/02\/Sommerman_SeanMcCaffity_HS-768x960.jpg 768w, https:\/\/www.textrial.com\/wp-content\/uploads\/2019\/02\/Sommerman_SeanMcCaffity_HS.jpg 819w\" sizes=\"auto, (max-width: 240px) 100vw, 240px\" \/><\/a><\/div>\n<div class=\"three-fourths\">\n<h4><a class=\"entry-title-link\" href=\"\/site\/sommerman?page_id=4810\" rel=\"bookmark\">Sean McCaffity<\/a><\/h4>\n<div class=\"entry-content\">\n<p>Sean McCaffity es un abogado litigante experimentado con gran experiencia en la empresa. Sean representa principalmente demandantes en litigios comerciales complejos. Tambi\u00e9n se encarga de los casos de fraude comercial, negligencia auditor\u00eda, litigios fiduciaria, director y funcionario de la responsabilidad, la transferencia fraudulenta y litigios denunciante.<\/p>\n<p><a class=\"news-link button\" href=\"\/site\/sommerman?page_id=4810\">LEER M\u00c1S<\/a><\/p>\n<\/div>\n<\/div>\n<\/div>\n<hr \/>\n<div class=\"attorney-box\">\n<div class=\"one-fourth first\"><a class=\"entry-image-link\" tabindex=\"-1\" href=\"\/site\/sommerman?page_id=4803\" aria-hidden=\"true\"><img loading=\"lazy\" decoding=\"async\" class=\"alignnone size-medium wp-image-4776\" src=\"https:\/\/www.textrial.com\/wp-content\/uploads\/2019\/02\/Sommerman_AlEllis_HS-240x300.jpg\" alt=\"\" width=\"240\" height=\"300\" srcset=\"https:\/\/www.textrial.com\/wp-content\/uploads\/2019\/02\/Sommerman_AlEllis_HS-240x300.jpg 240w, https:\/\/www.textrial.com\/wp-content\/uploads\/2019\/02\/Sommerman_AlEllis_HS-768x960.jpg 768w, https:\/\/www.textrial.com\/wp-content\/uploads\/2019\/02\/Sommerman_AlEllis_HS.jpg 819w\" sizes=\"auto, (max-width: 240px) 100vw, 240px\" \/><\/a><\/div>\n<div class=\"three-fourths\">\n<h4><a class=\"entry-title-link\" href=\"\/site\/sommerman?page_id=4803\" rel=\"bookmark\">Al Ellis<\/a><\/h4>\n<div class=\"entry-content\">\n<p>Al Ellis es conocido en los c\u00edrculos legales por su liderazgo e integridad en el ejercicio de la abogac\u00eda, as\u00ed como su servicio a la comunidad. En Sommerman, McCaffity, Quesada &amp; Geisler, L.L.P., que centra su pr\u00e1ctica en lesiones personales, responsabilidad por productos y litigio de negligencia m\u00e9dica y la mediaci\u00f3n.<\/p>\n<p><a class=\"news-link button\" href=\"\/site\/sommerman?page_id=4803\">LEER M\u00c1S<\/a><\/p>\n<\/div>\n<\/div>\n<\/div>\n<hr \/>\n<div class=\"attorney-box\">\n<div class=\"one-fourth first\"><a class=\"entry-image-link\" tabindex=\"-1\" href=\"\/site\/sommerman?page_id=4809\" aria-hidden=\"true\"><img loading=\"lazy\" decoding=\"async\" class=\"alignnone size-medium wp-image-4781\" src=\"https:\/\/www.textrial.com\/wp-content\/uploads\/2019\/02\/Sommerman_LauraBenitezGeisler_HS-240x300.jpg\" alt=\"\" width=\"240\" height=\"300\" srcset=\"https:\/\/www.textrial.com\/wp-content\/uploads\/2019\/02\/Sommerman_LauraBenitezGeisler_HS-240x300.jpg 240w, https:\/\/www.textrial.com\/wp-content\/uploads\/2019\/02\/Sommerman_LauraBenitezGeisler_HS-768x960.jpg 768w, https:\/\/www.textrial.com\/wp-content\/uploads\/2019\/02\/Sommerman_LauraBenitezGeisler_HS.jpg 819w\" sizes=\"auto, (max-width: 240px) 100vw, 240px\" \/><\/a><\/div>\n<div class=\"three-fourths\">\n<h4><a class=\"entry-title-link\" href=\"\/site\/sommerman?page_id=4809\" rel=\"bookmark\">Laura Geisler<\/a><\/h4>\n<div class=\"entry-content\">\n<p>en construcci\u00f3n, disponible muy pronto\u2026.<\/p>\n<p><a class=\"news-link button\" href=\"\/site\/sommerman?page_id=4809\">LEER M\u00c1S<\/a><\/p>\n<\/div>\n<\/div>\n<\/div>\n<hr \/>\n<div class=\"attorney-box\">\n<div class=\"one-fourth first\"><a class=\"entry-image-link\" tabindex=\"-1\" href=\"\/site\/sommerman?page_id=4807\" aria-hidden=\"true\"><img loading=\"lazy\" decoding=\"async\" class=\"alignnone size-medium wp-image-4780\" src=\"https:\/\/www.textrial.com\/wp-content\/uploads\/2019\/02\/Sommerman_JodyLRodenberg_HS-240x300.jpg\" alt=\"\" width=\"240\" height=\"300\" srcset=\"https:\/\/www.textrial.com\/wp-content\/uploads\/2019\/02\/Sommerman_JodyLRodenberg_HS-240x300.jpg 240w, https:\/\/www.textrial.com\/wp-content\/uploads\/2019\/02\/Sommerman_JodyLRodenberg_HS-768x960.jpg 768w, https:\/\/www.textrial.com\/wp-content\/uploads\/2019\/02\/Sommerman_JodyLRodenberg_HS.jpg 819w\" sizes=\"auto, (max-width: 240px) 100vw, 240px\" \/><\/a><\/div>\n<div class=\"three-fourths\">\n<h4><a class=\"entry-title-link\" href=\"\/site\/sommerman?page_id=4807\" rel=\"bookmark\">Jody L. Rodenberg<\/a><\/h4>\n<div class=\"entry-content\">\n<p>Jody Rodenberg representa demandantes en una amplia variedad de litigios en litigios comerciales a lesiones personales. Tambi\u00e9n representa al s\u00edndico liquidante que intenta cobrar y liquidar activos en beneficio de los acreedores. Jody ha sido reconocida por su trabajo al ser nombrada una Estrella en ascenso de Texas por Super Lawyers.<\/p>\n<p><a class=\"news-link button\" href=\"\/site\/sommerman?page_id=4807\">LEER M\u00c1S<\/a><\/p>\n<\/div>\n<\/div>\n<\/div>\n<hr \/>\n<div class=\"attorney-box\">\n<div class=\"one-fourth first\"><a class=\"entry-image-link\" tabindex=\"-1\" href=\"\/site\/sommerman?page_id=4804\" aria-hidden=\"true\"><img loading=\"lazy\" decoding=\"async\" class=\"alignnone size-medium wp-image-4777\" src=\"https:\/\/www.textrial.com\/wp-content\/uploads\/2019\/02\/Sommerman_AlexandriaRisinger_HS-240x300.jpg\" alt=\"\" width=\"240\" height=\"300\" \/><\/a><\/div>\n<div class=\"three-fourths\">\n<h4><a class=\"entry-title-link\" href=\"\/site\/sommerman?page_id=4804\" rel=\"bookmark\">Alexandria Risinger<\/a><\/h4>\n<div class=\"entry-content\">\n<p>Alexandria Risinger es un abogado litigante con experiencia en la firma diverso. Ha trabajado en casos de lesiones graves, accidentes automovil\u00edsticos, lesiones en el lugar de trabajo, naufragios de camiones, negligencia m\u00e9dica y responsabilidad por productos.<\/p>\n<p><a class=\"news-link button\" href=\"\/site\/sommerman?page_id=4804\">LEER M\u00c1S<\/a><\/p>\n<\/div>\n<\/div>\n<\/div>\n","protected":false},"excerpt":{"rendered":"<p>Andrew B. Sommerman Andrew Sommerman representa a clientes en casos de lesiones personales. Un abogado con mucha experiencia, Andrew se especializa en lesiones catastr\u00f3ficas, muerte injusta, y los casos de productos defectuosos. LEER M\u00c1S George (Tex) Quesada George (Tex) Quesada representa a clientes de lesiones personales a trav\u00e9s de Texas y Nuevo M\u00e9xico. \u00c9l ha<br \/><a class=\"button read-more news-link\" href=\"https:\/\/www.textrial.com\/es\/abogados\/\">LEER M\u00c1S<\/a><\/p>\n<div class='heateorSssClear'><\/div><div style=\"float: right\" class='heateor_sss_sharing_container heateor_sss_horizontal_sharing' heateor-sss-data-href='https:\/\/www.textrial.com\/es\/abogados\/'><div class='heateor_sss_sharing_title' style=\"font-weight:bold\" ><\/div><ul  class=\"heateor_sss_sharing_ul\"><li class=\"heateorSssSharingRound\"><i style=\"width:35px;height:35px;border-radius:999px;\" alt=\"Facebook\" Title=\"Facebook\" class=\"heateorSssSharing heateorSssFacebookBackground\" onclick='heateorSssPopup(\"https:\/\/www.facebook.com\/sharer\/sharer.php?u=https%3A%2F%2Fwww.textrial.com%2Fes%2Fabogados%2F\")'><ss style=\"display:block;border-radius:999px;\" class=\"heateorSssSharingSvg heateorSssFacebookSvg\"><\/ss><\/i><\/li><li class=\"heateorSssSharingRound\"><i style=\"width:35px;height:35px;border-radius:999px;\" alt=\"Linkedin\" Title=\"Linkedin\" class=\"heateorSssSharing heateorSssLinkedinBackground\" onclick='heateorSssPopup(\"http:\/\/www.linkedin.com\/shareArticle?mini=true&url=https%3A%2F%2Fwww.textrial.com%2Fes%2Fabogados%2F&title=Abogados\")'><ss style=\"display:block;border-radius:999px;\" class=\"heateorSssSharingSvg heateorSssLinkedinSvg\"><\/ss><\/i><\/li><li class=\"heateorSssSharingRound\"><i style=\"width:35px;height:35px;border-radius:999px;\" alt=\"Twitter\" Title=\"Twitter\" class=\"heateorSssSharing heateorSssTwitterBackground\" onclick='heateorSssPopup(\"http:\/\/twitter.com\/intent\/tweet?text=Abogados&url=https%3A%2F%2Fwww.textrial.com%2Fes%2Fabogados%2F\")'><ss style=\"display:block;border-radius:999px;\" class=\"heateorSssSharingSvg heateorSssTwitterSvg\"><\/ss><\/i><\/li><li class=\"heateorSssSharingRound\"><i style=\"width:35px;height:35px;border-radius:999px;\" alt=\"Instagram\" Title=\"Instagram\" class=\"heateorSssSharing heateorSssInstagramBackground\"><a href=\"https:\/\/www.instagram.com\/\" rel=\"nofollow noopener\" target=\"_blank\"><ss style=\"display:block;border-radius:999px;\" class=\"heateorSssSharingSvg heateorSssInstagramSvg\"><\/ss><\/a><\/i><\/li><li class=\"heateorSssSharingRound\"><i style=\"width:35px;height:35px;border-radius:999px;\" alt=\"Email\" Title=\"Email\" class=\"heateorSssSharing heateorSssEmailBackground\"  onclick=\"window.location.href = 'mailto:?subject=' + decodeURIComponent('Abogados' ).replace('&', '%26') + '&body=' + decodeURIComponent('https%3A%2F%2Fwww.textrial.com%2Fes%2Fabogados%2F' )\"><ss style=\"display:block\" class=\"heateorSssSharingSvg heateorSssEmailSvg\"><\/ss><\/i><\/li><\/ul><div class=\"heateorSssClear\"><\/div><\/div><div class='heateorSssClear'><\/div>","protected":false},"author":1,"featured_media":0,"parent":0,"menu_order":0,"comment_status":"closed","ping_status":"closed","template":"","meta":{"footnotes":""},"class_list":{"0":"post-5258","1":"page","2":"type-page","3":"status-publish","5":"entry"},"_links":{"self":[{"href":"https:\/\/www.textrial.com\/es\/wp-json\/wp\/v2\/pages\/5258\/"}],"collection":[{"href":"https:\/\/www.textrial.com\/es\/wp-json\/wp\/v2\/pages\/"}],"about":[{"href":"https:\/\/www.textrial.com\/es\/wp-json\/wp\/v2\/types\/page\/"}],"author":[{"embeddable":true,"href":"https:\/\/www.textrial.com\/es\/wp-json\/wp\/v2\/users\/1\/"}],"replies":[{"embeddable":true,"href":"https:\/\/www.textrial.com\/es\/wp-json\/wp\/v2\/comments\/?post=5258"}],"version-history":[{"count":0,"href":"https:\/\/www.textrial.com\/es\/wp-json\/wp\/v2\/pages\/5258\/revisions\/"}],"wp:attachment":[{"href":"https:\/\/www.textrial.com\/es\/wp-json\/wp\/v2\/media\/?parent=5258"}],"curies":[{"name":"wp","href":"https:\/\/api.w.org\/{rel}","templated":true}]}}