{"id":5250,"date":"2019-02-28T06:51:39","date_gmt":"2019-02-28T06:51:39","guid":{"rendered":"https:\/\/www.textrial.com\/?page_id=5250"},"modified":"2019-03-07T14:20:12","modified_gmt":"2019-03-07T14:20:12","slug":"abogados-en-accidentes","status":"publish","type":"page","link":"https:\/\/www.textrial.com\/es\/abogados-en-accidentes\/","title":{"rendered":"Abogados en Accidentes"},"content":{"rendered":"<h2>Integridad<\/h2>\n<p>Nuestra empresa se basa en la honestidad y la integridad y estamos comprometidos con el m\u00e1s alto nivel de las pr\u00e1cticas \u00e9ticas. Un clientes lesionados conf\u00eda en nosotros durante uno de los momentos m\u00e1s dif\u00edciles de la vida y nos honra que la confianza y la confianza en nosotros con el trabajo duro y la dedicaci\u00f3n de todos los casos que manejamos. Estamos orgullosos de ser los abogados de lesiones personales que pueden hacer las cosas.<\/p>\n<h2>Experiencia<\/h2>\n<p>Nuestros abogados tienen m\u00e1s de 100\u00a0a\u00f1os de experiencia legal combinada y una distinguida reputaci\u00f3n de excelencia. Hemos manejado m\u00e1s de 4,000 casos de lesiones personales, negociados mil de asentamientos y tomadas cientos de casos a juicio. Tenemos una larga historia de resultados probados para nuestros clientes de lesiones personales.<\/p>\n<h2>Compromiso<\/h2>\n<p>Reconocemos que nuestros clientes est\u00e1n experimentando dificultades f\u00edsicas, emocionales y econ\u00f3micas debido a un accidente o lesi\u00f3n, y nos comprometemos a agotar todos los recursos para asegurar que reciban el tratamiento m\u00e9dico y la compensaci\u00f3n que merecen. El bufete de abogados de Sommerman, McCaffity, Quesada y Geisler, L.L.P. se ha comprometido a ayudar a esos retos legales que enfrentan al proporcionar un abogado competente, asertivo, y con conocimientos en las \u00e1reas de lesiones personales, muerte por negligencia, y litigios comerciales.<\/p>\n<h2>Relaci\u00f3n<\/h2>\n<p>Una de las mayores fortalezas de nuestra empresa es nuestra pr\u00e1ctica de la construcci\u00f3n de relaciones s\u00f3lidas con nuestros clientes. Cuando usted conserva nuestra lesiones personales, accidentes o servicios legales comerciales, usted sentarse directamente con su abogado en Dallas para discutir su situaci\u00f3n. Su abogado se necesitar\u00e1 tiempo para entender su situaci\u00f3n y le guiar\u00e1 a trav\u00e9s de sus opciones y diferentes estrategias legales. Nuestros clientes saben que pueden contar con un nivel de servicio y la atenci\u00f3n que no van a encontrar en la mayor\u00eda de los bufetes de abogados.<\/p>\n<h2>Comunicaci\u00f3n<\/h2>\n<p>Para muchas personas, se trata de una situaci\u00f3n jur\u00eddica es un nuevo territorio. Al trabajar con nuestros abogados de lesiones personales en Dallas, se explica el proceso claramente para que sepa lo que puede esperar de nosotros. Nos comunicamos abierta y honestamente, y todo el mundo en nuestra empresa es accesible y dispuesto a responder a sus preguntas. Nos volvemos con prontitud las llamadas telef\u00f3nicas y mensajes de correo electr\u00f3nico y se puede esperar para saber qu\u00e9 est\u00e1 pasando con su caso en cada paso del camino.<\/p>\n<h2>Comunidad<\/h2>\n<p>Mientras que nuestro bufete de abogados de Dallas tiene una reputaci\u00f3n establecida para la representaci\u00f3n legal eficiente y asertiva, tambi\u00e9n estamos dedicados a retribuir a la comunidad local. Nuestros abogados y legal voluntario del personal con los sistemas escolares locales, la Universidad de Texas en Arlington (UTA), H\u00e1bitat para la Humanidad, y con muchas otras organizaciones ben\u00e9ficas y organizaciones locales.<\/p>\n","protected":false},"excerpt":{"rendered":"<p>Integridad Nuestra empresa se basa en la honestidad y la integridad y estamos comprometidos con el m\u00e1s alto nivel de las pr\u00e1cticas \u00e9ticas. Un clientes lesionados conf\u00eda en nosotros durante uno de los momentos m\u00e1s dif\u00edciles de la vida y nos honra que la confianza y la confianza en nosotros con el trabajo duro y<br \/><a class=\"button read-more news-link\" href=\"https:\/\/www.textrial.com\/es\/abogados-en-accidentes\/\">LEER M\u00c1S<\/a><\/p>\n<div class='heateorSssClear'><\/div><div style=\"float: right\" class='heateor_sss_sharing_container heateor_sss_horizontal_sharing' heateor-sss-data-href='https:\/\/www.textrial.com\/es\/abogados-en-accidentes\/'><div class='heateor_sss_sharing_title' style=\"font-weight:bold\" ><\/div><ul  class=\"heateor_sss_sharing_ul\"><li class=\"heateorSssSharingRound\"><i style=\"width:35px;height:35px;border-radius:999px;\" alt=\"Facebook\" Title=\"Facebook\" class=\"heateorSssSharing heateorSssFacebookBackground\" onclick='heateorSssPopup(\"https:\/\/www.facebook.com\/sharer\/sharer.php?u=https%3A%2F%2Fwww.textrial.com%2Fes%2Fabogados-en-accidentes%2F\")'><ss style=\"display:block;border-radius:999px;\" class=\"heateorSssSharingSvg heateorSssFacebookSvg\"><\/ss><\/i><\/li><li class=\"heateorSssSharingRound\"><i style=\"width:35px;height:35px;border-radius:999px;\" alt=\"Linkedin\" Title=\"Linkedin\" class=\"heateorSssSharing heateorSssLinkedinBackground\" onclick='heateorSssPopup(\"http:\/\/www.linkedin.com\/shareArticle?mini=true&url=https%3A%2F%2Fwww.textrial.com%2Fes%2Fabogados-en-accidentes%2F&title=Abogados%20en%20Accidentes\")'><ss style=\"display:block;border-radius:999px;\" class=\"heateorSssSharingSvg heateorSssLinkedinSvg\"><\/ss><\/i><\/li><li class=\"heateorSssSharingRound\"><i style=\"width:35px;height:35px;border-radius:999px;\" alt=\"Twitter\" Title=\"Twitter\" class=\"heateorSssSharing heateorSssTwitterBackground\" onclick='heateorSssPopup(\"http:\/\/twitter.com\/intent\/tweet?text=Abogados%20en%20Accidentes&url=https%3A%2F%2Fwww.textrial.com%2Fes%2Fabogados-en-accidentes%2F\")'><ss style=\"display:block;border-radius:999px;\" class=\"heateorSssSharingSvg heateorSssTwitterSvg\"><\/ss><\/i><\/li><li class=\"heateorSssSharingRound\"><i style=\"width:35px;height:35px;border-radius:999px;\" alt=\"Instagram\" Title=\"Instagram\" class=\"heateorSssSharing heateorSssInstagramBackground\"><a href=\"https:\/\/www.instagram.com\/\" rel=\"nofollow noopener\" target=\"_blank\"><ss style=\"display:block;border-radius:999px;\" class=\"heateorSssSharingSvg heateorSssInstagramSvg\"><\/ss><\/a><\/i><\/li><li class=\"heateorSssSharingRound\"><i style=\"width:35px;height:35px;border-radius:999px;\" alt=\"Email\" Title=\"Email\" class=\"heateorSssSharing heateorSssEmailBackground\"  onclick=\"window.location.href = 'mailto:?subject=' + decodeURIComponent('Abogados%20en%20Accidentes' ).replace('&', '%26') + '&body=' + decodeURIComponent('https%3A%2F%2Fwww.textrial.com%2Fes%2Fabogados-en-accidentes%2F' )\"><ss style=\"display:block\" class=\"heateorSssSharingSvg heateorSssEmailSvg\"><\/ss><\/i><\/li><\/ul><div class=\"heateorSssClear\"><\/div><\/div><div class='heateorSssClear'><\/div>","protected":false},"author":1,"featured_media":0,"parent":0,"menu_order":0,"comment_status":"closed","ping_status":"closed","template":"","meta":{"footnotes":""},"class_list":{"0":"post-5250","1":"page","2":"type-page","3":"status-publish","5":"entry"},"_links":{"self":[{"href":"https:\/\/www.textrial.com\/es\/wp-json\/wp\/v2\/pages\/5250\/"}],"collection":[{"href":"https:\/\/www.textrial.com\/es\/wp-json\/wp\/v2\/pages\/"}],"about":[{"href":"https:\/\/www.textrial.com\/es\/wp-json\/wp\/v2\/types\/page\/"}],"author":[{"embeddable":true,"href":"https:\/\/www.textrial.com\/es\/wp-json\/wp\/v2\/users\/1\/"}],"replies":[{"embeddable":true,"href":"https:\/\/www.textrial.com\/es\/wp-json\/wp\/v2\/comments\/?post=5250"}],"version-history":[{"count":0,"href":"https:\/\/www.textrial.com\/es\/wp-json\/wp\/v2\/pages\/5250\/revisions\/"}],"wp:attachment":[{"href":"https:\/\/www.textrial.com\/es\/wp-json\/wp\/v2\/media\/?parent=5250"}],"curies":[{"name":"wp","href":"https:\/\/api.w.org\/{rel}","templated":true}]}}